{"id":1836,"date":"2024-04-11T06:10:41","date_gmt":"2024-04-11T11:10:41","guid":{"rendered":"http:\/\/ready-for-feedback3.com\/shape-history\/fmr\/accessibility\/"},"modified":"2024-05-16T15:25:02","modified_gmt":"2024-05-16T20:25:02","slug":"accesibilidad","status":"publish","type":"page","link":"https:\/\/www.fmreview.org\/es\/accesibilidad\/","title":{"rendered":"Accesibilidad"},"content":{"rendered":"<div class=\"wpb-content-wrapper\">[vc_section full_width=&#8221;stretch_row&#8221; el_class=&#8221;footer-layout&#8221;][vc_row full_width=&#8221;stretch_row&#8221; column_spacing=&#8221;0px&#8221; equal_height=&#8221;yes&#8221; remove_bottom_col_margin=&#8221;true&#8221; el_class=&#8221;footer-layout__row-1&#8243;][vc_column el_class=&#8221;col-1&#8243;]<div class=\"vcex-heading vcex-heading-plain vcex-module wpex-heading wpex-text-2xl fmr-heading\"><span class=\"vcex-heading-inner wpex-inline-block\">Accesibilidad<\/span><\/div>[vc_column_text el_class=&#8221;fmr-text&#8221;]Durante la producci\u00f3n de RMF 35 (cuyo tema central es \u201cDiscapacidad y desplazamiento\u201d) nos vimos enfrentados al reto de hacer RMF m\u00e1s accesible para las personas con discapacidad visual. Desde entonces hemos estado publicando en l\u00ednea todos los art\u00edculos (en todos los idiomas de la revista) en un tama\u00f1o adecuado para los lectores de pantalla, aparte del habitual formato pdf. Cuando los recursos lo permiten, tambi\u00e9n producimos versiones en audio de los art\u00edculos en ingl\u00e9s &#8211; como hicimos para los n\u00fameros 35, 36 y 38.<\/p>\n<p>A continuaci\u00f3n podr\u00e1 encontrar enlaces a programas que contribuyen a mejorar la accesibilidad. Tambi\u00e9n los podr\u00e1 encontrar en la parte inferior de la p\u00e1gina principal de cada n\u00famero).<\/p>\n<p>Este sitio web est\u00e1 dise\u00f1ado para permitir un f\u00e1cil ajuste de las opciones de accesibilidad disponibles en \u00a0los navegadores y en otras plataformas.<\/p>\n<p>Si piensa que hay otras maneras en que podr\u00edamos &#8211; de manera sencilla &#8211; mejorar la accesibilidad de RMF, por favor env\u00edenos un email a <a href=\"mailto:fmr@qeh.ox.ac.uk\">fmr@qeh.ox.ac.uk<\/a><\/p>\n<p><strong>Enlaces a software gratuito que facilita la accesibilidad.<\/strong><\/p>\n<table border=\"1\">\n<tbody>\n<tr>\n<td>Natural Reader<br \/>\n<a href=\"http:\/\/www.naturalreaders.com\" target=\"_blank\" rel=\"noopener\">www.naturalreaders.com<\/a><\/td>\n<td>Conversi\u00f3n de texto a voz. Se puede ejecutar como una discreta barra de herramientas dentro de los programas.<\/td>\n<\/tr>\n<tr>\n<td>Dspeech<br \/>\n<a href=\"http:\/\/dimio.altervista.org\/eng\" target=\"_blank\" rel=\"noopener\">http:\/\/dimio.altervista.org\/eng<\/a><\/td>\n<td>Conversi\u00f3n de texto a voz. Se pueden guardar los archivos tanto en formato MP3 como en WAV .<\/td>\n<\/tr>\n<tr>\n<td>SayPad<br \/>\n<a href=\"http:\/\/inspiredcode.net\/4VisImp.htm\" target=\"_blank\" rel=\"noopener\">http:\/\/inspiredcode.net\/4VisImp.htm<\/a><\/td>\n<td>Conversi\u00f3n de texto a voz para textos largos. Divide el texto en \u201ccap\u00edtulos\u201d m\u00e1s manejables. Permite conversi\u00f3n a MP3\u00b7<\/td>\n<\/tr>\n<tr>\n<td>WordTalk<br \/>\n<a href=\"http:\/\/www.wordtalk.org.uk\" target=\"_blank\" rel=\"noopener\">www.wordtalk.org.uk<\/a><\/td>\n<td>Plugin para Microsoft Word que lee y resalta texto dentro de un documento.<\/td>\n<\/tr>\n<\/tbody>\n<\/table>\n[\/vc_column_text][\/vc_column][\/vc_row][\/vc_section]\n<\/div>","protected":false},"excerpt":{"rendered":"<p>[vc_section full_width=&#8221;stretch_row&#8221; el_class=&#8221;footer-layout&#8221;][vc_row full_width=&#8221;stretch_row&#8221; column_spacing=&#8221;0px&#8221; equal_height=&#8221;yes&#8221; remove_bottom_col_margin=&#8221;true&#8221; el_class=&#8221;footer-layout__row-1&#8243;][vc_column el_class=&#8221;col-1&#8243;][vc_column_text el_class=&#8221;fmr-text&#8221;]Durante la producci\u00f3n de RMF 35 (cuyo tema central es \u201cDiscapacidad y desplazamiento\u201d) nos vimos enfrentados al reto de hacer RMF m\u00e1s accesible para las personas con discapacidad visual. Desde entonces hemos estado publicando en l\u00ednea todos los art\u00edculos (en todos los idiomas de la revista)&hellip;<\/p>\n","protected":false},"author":6,"featured_media":0,"parent":0,"menu_order":0,"comment_status":"closed","ping_status":"closed","template":"","meta":{"_acf_changed":false,"inline_featured_image":false,"footnotes":""},"class_list":["post-1836","page","type-page","status-publish","hentry","entry","no-media"],"acf":[],"yoast_head":"<!-- This site is optimized with the Yoast SEO plugin v26.7 - https:\/\/yoast.com\/wordpress\/plugins\/seo\/ -->\n<title>Accesibilidad - Forced Migration Review<\/title>\n<meta name=\"robots\" content=\"index, follow, max-snippet:-1, max-image-preview:large, max-video-preview:-1\" \/>\n<link rel=\"canonical\" href=\"https:\/\/www.fmreview.org\/es\/accesibilidad\/\" \/>\n<meta property=\"og:locale\" content=\"es_ES\" \/>\n<meta property=\"og:type\" content=\"article\" \/>\n<meta property=\"og:title\" content=\"Accesibilidad - Forced Migration Review\" \/>\n<meta property=\"og:description\" content=\"[vc_section full_width=&#8221;stretch_row&#8221; el_class=&#8221;footer-layout&#8221;][vc_row full_width=&#8221;stretch_row&#8221; column_spacing=&#8221;0px&#8221; equal_height=&#8221;yes&#8221; remove_bottom_col_margin=&#8221;true&#8221; el_class=&#8221;footer-layout__row-1&#8243;][vc_column el_class=&#8221;col-1&#8243;][vc_column_text el_class=&#8221;fmr-text&#8221;]Durante la producci\u00f3n de RMF 35 (cuyo tema central es \u201cDiscapacidad y desplazamiento\u201d) nos vimos enfrentados al reto de hacer RMF m\u00e1s accesible para las personas con discapacidad visual. Desde entonces hemos estado publicando en l\u00ednea todos los art\u00edculos (en todos los idiomas de la revista)&hellip;\" \/>\n<meta property=\"og:url\" content=\"https:\/\/www.fmreview.org\/es\/accesibilidad\/\" \/>\n<meta property=\"og:site_name\" content=\"Forced Migration Review\" \/>\n<meta property=\"article:modified_time\" content=\"2024-05-16T20:25:02+00:00\" \/>\n<meta name=\"twitter:card\" content=\"summary_large_image\" \/>\n<meta name=\"twitter:label1\" content=\"Est. reading time\" \/>\n\t<meta name=\"twitter:data1\" content=\"2 minutes\" \/>\n<script type=\"application\/ld+json\" class=\"yoast-schema-graph\">{\"@context\":\"https:\/\/schema.org\",\"@graph\":[{\"@type\":\"WebPage\",\"@id\":\"https:\/\/www.fmreview.org\/es\/accesibilidad\/\",\"url\":\"https:\/\/www.fmreview.org\/es\/accesibilidad\/\",\"name\":\"Accesibilidad - Forced Migration Review\",\"isPartOf\":{\"@id\":\"https:\/\/www.fmreview.org\/#website\"},\"datePublished\":\"2024-04-11T11:10:41+00:00\",\"dateModified\":\"2024-05-16T20:25:02+00:00\",\"breadcrumb\":{\"@id\":\"https:\/\/www.fmreview.org\/es\/accesibilidad\/#breadcrumb\"},\"inLanguage\":\"es-ES\",\"potentialAction\":[{\"@type\":\"ReadAction\",\"target\":[\"https:\/\/www.fmreview.org\/es\/accesibilidad\/\"]}]},{\"@type\":\"BreadcrumbList\",\"@id\":\"https:\/\/www.fmreview.org\/es\/accesibilidad\/#breadcrumb\",\"itemListElement\":[{\"@type\":\"ListItem\",\"position\":1,\"name\":\"Home\",\"item\":\"https:\/\/www.fmreview.org\/es\/\"},{\"@type\":\"ListItem\",\"position\":2,\"name\":\"Accesibilidad\"}]},{\"@type\":\"WebSite\",\"@id\":\"https:\/\/www.fmreview.org\/#website\",\"url\":\"https:\/\/www.fmreview.org\/\",\"name\":\"Forced Migration Review\",\"description\":\"\",\"publisher\":{\"@id\":\"https:\/\/www.fmreview.org\/#organization\"},\"potentialAction\":[{\"@type\":\"SearchAction\",\"target\":{\"@type\":\"EntryPoint\",\"urlTemplate\":\"https:\/\/www.fmreview.org\/?s={search_term_string}\"},\"query-input\":{\"@type\":\"PropertyValueSpecification\",\"valueRequired\":true,\"valueName\":\"search_term_string\"}}],\"inLanguage\":\"es-ES\"},{\"@type\":\"Organization\",\"@id\":\"https:\/\/www.fmreview.org\/#organization\",\"name\":\"Forced Migration Review\",\"url\":\"https:\/\/www.fmreview.org\/\",\"logo\":{\"@type\":\"ImageObject\",\"inLanguage\":\"es-ES\",\"@id\":\"https:\/\/www.fmreview.org\/#\/schema\/logo\/image\/\",\"url\":\"https:\/\/www.fmreview.org\/wp-content\/uploads\/2024\/02\/FMR_logo1.svg\",\"contentUrl\":\"https:\/\/www.fmreview.org\/wp-content\/uploads\/2024\/02\/FMR_logo1.svg\",\"width\":53,\"height\":62,\"caption\":\"Forced Migration Review\"},\"image\":{\"@id\":\"https:\/\/www.fmreview.org\/#\/schema\/logo\/image\/\"}}]}<\/script>\n<!-- \/ Yoast SEO plugin. -->","yoast_head_json":{"title":"Accesibilidad - Forced Migration Review","robots":{"index":"index","follow":"follow","max-snippet":"max-snippet:-1","max-image-preview":"max-image-preview:large","max-video-preview":"max-video-preview:-1"},"canonical":"https:\/\/www.fmreview.org\/es\/accesibilidad\/","og_locale":"es_ES","og_type":"article","og_title":"Accesibilidad - Forced Migration Review","og_description":"[vc_section full_width=&#8221;stretch_row&#8221; el_class=&#8221;footer-layout&#8221;][vc_row full_width=&#8221;stretch_row&#8221; column_spacing=&#8221;0px&#8221; equal_height=&#8221;yes&#8221; remove_bottom_col_margin=&#8221;true&#8221; el_class=&#8221;footer-layout__row-1&#8243;][vc_column el_class=&#8221;col-1&#8243;][vc_column_text el_class=&#8221;fmr-text&#8221;]Durante la producci\u00f3n de RMF 35 (cuyo tema central es \u201cDiscapacidad y desplazamiento\u201d) nos vimos enfrentados al reto de hacer RMF m\u00e1s accesible para las personas con discapacidad visual. Desde entonces hemos estado publicando en l\u00ednea todos los art\u00edculos (en todos los idiomas de la revista)&hellip;","og_url":"https:\/\/www.fmreview.org\/es\/accesibilidad\/","og_site_name":"Forced Migration Review","article_modified_time":"2024-05-16T20:25:02+00:00","twitter_card":"summary_large_image","twitter_misc":{"Est. reading time":"2 minutes"},"schema":{"@context":"https:\/\/schema.org","@graph":[{"@type":"WebPage","@id":"https:\/\/www.fmreview.org\/es\/accesibilidad\/","url":"https:\/\/www.fmreview.org\/es\/accesibilidad\/","name":"Accesibilidad - Forced Migration Review","isPartOf":{"@id":"https:\/\/www.fmreview.org\/#website"},"datePublished":"2024-04-11T11:10:41+00:00","dateModified":"2024-05-16T20:25:02+00:00","breadcrumb":{"@id":"https:\/\/www.fmreview.org\/es\/accesibilidad\/#breadcrumb"},"inLanguage":"es-ES","potentialAction":[{"@type":"ReadAction","target":["https:\/\/www.fmreview.org\/es\/accesibilidad\/"]}]},{"@type":"BreadcrumbList","@id":"https:\/\/www.fmreview.org\/es\/accesibilidad\/#breadcrumb","itemListElement":[{"@type":"ListItem","position":1,"name":"Home","item":"https:\/\/www.fmreview.org\/es\/"},{"@type":"ListItem","position":2,"name":"Accesibilidad"}]},{"@type":"WebSite","@id":"https:\/\/www.fmreview.org\/#website","url":"https:\/\/www.fmreview.org\/","name":"Forced Migration Review","description":"","publisher":{"@id":"https:\/\/www.fmreview.org\/#organization"},"potentialAction":[{"@type":"SearchAction","target":{"@type":"EntryPoint","urlTemplate":"https:\/\/www.fmreview.org\/?s={search_term_string}"},"query-input":{"@type":"PropertyValueSpecification","valueRequired":true,"valueName":"search_term_string"}}],"inLanguage":"es-ES"},{"@type":"Organization","@id":"https:\/\/www.fmreview.org\/#organization","name":"Forced Migration Review","url":"https:\/\/www.fmreview.org\/","logo":{"@type":"ImageObject","inLanguage":"es-ES","@id":"https:\/\/www.fmreview.org\/#\/schema\/logo\/image\/","url":"https:\/\/www.fmreview.org\/wp-content\/uploads\/2024\/02\/FMR_logo1.svg","contentUrl":"https:\/\/www.fmreview.org\/wp-content\/uploads\/2024\/02\/FMR_logo1.svg","width":53,"height":62,"caption":"Forced Migration Review"},"image":{"@id":"https:\/\/www.fmreview.org\/#\/schema\/logo\/image\/"}}]}},"_links":{"self":[{"href":"https:\/\/www.fmreview.org\/es\/wp-json\/wp\/v2\/pages\/1836","targetHints":{"allow":["GET"]}}],"collection":[{"href":"https:\/\/www.fmreview.org\/es\/wp-json\/wp\/v2\/pages"}],"about":[{"href":"https:\/\/www.fmreview.org\/es\/wp-json\/wp\/v2\/types\/page"}],"author":[{"embeddable":true,"href":"https:\/\/www.fmreview.org\/es\/wp-json\/wp\/v2\/users\/6"}],"replies":[{"embeddable":true,"href":"https:\/\/www.fmreview.org\/es\/wp-json\/wp\/v2\/comments?post=1836"}],"version-history":[{"count":4,"href":"https:\/\/www.fmreview.org\/es\/wp-json\/wp\/v2\/pages\/1836\/revisions"}],"predecessor-version":[{"id":3272,"href":"https:\/\/www.fmreview.org\/es\/wp-json\/wp\/v2\/pages\/1836\/revisions\/3272"}],"wp:attachment":[{"href":"https:\/\/www.fmreview.org\/es\/wp-json\/wp\/v2\/media?parent=1836"}],"curies":[{"name":"wp","href":"https:\/\/api.w.org\/{rel}","templated":true}]}}