{"id":1842,"date":"2024-04-11T06:36:42","date_gmt":"2024-04-11T11:36:42","guid":{"rendered":"http:\/\/ready-for-feedback3.com\/shape-history\/fmr\/cookies\/"},"modified":"2024-05-13T05:50:49","modified_gmt":"2024-05-13T10:50:49","slug":"cookies","status":"publish","type":"page","link":"https:\/\/www.fmreview.org\/es\/cookies\/","title":{"rendered":"Cookies"},"content":{"rendered":"<div class=\"wpb-content-wrapper\">[vc_section full_width=&#8221;stretch_row&#8221; el_class=&#8221;footer-layout&#8221;][vc_row full_width=&#8221;stretch_row&#8221; column_spacing=&#8221;0px&#8221; equal_height=&#8221;yes&#8221; remove_bottom_col_margin=&#8221;true&#8221; el_class=&#8221;footer-layout__row-1&#8243;][vc_column el_class=&#8221;col-1&#8243;]<div class=\"vcex-heading vcex-heading-plain vcex-module wpex-heading wpex-text-2xl fmr-heading\"><span class=\"vcex-heading-inner wpex-inline-block\">Cookies<\/span><\/div>[vc_column_text el_class=&#8221;fmr-text&#8221;]<strong>1. C\u00f3mo usamos las cookies<br \/>\n<\/strong>Nuestras p\u00e1ginas web utilizan &#8220;cookies&#8221;. Una cookie es un peque\u00f1o archivo de letras y n\u00fameros que se descarga en su computadora o dispositivo m\u00f3vil si est\u00e1 de acuerdo. Estas cookies nos permiten distinguirle de otros usuarios de nuestro sitio web, lo que ayuda a una mejor experiencia al navegar por nuestras p\u00e1ginas y tambi\u00e9n nos permite mejorar nuestro sitio web.<\/p>\n<p>Las cookies se pueden establecer ya sea por este sitio web (&#8220;cookies propias&#8221;), o por un sitio web de terceros (&#8220;cookies de terceros&#8221;). Las siguientes tablas identifican las cookies que utilizamos y explican los fines para los que se utilizan.<\/p>\n<p>Sin embargo, seguimos recopilando informaci\u00f3n sobre las cookies de terceros y las tablas siguientes se basan en el trabajo realizado hasta la fecha. Por lo que la informaci\u00f3n contenida en esta secci\u00f3n puede ser actualizada ocasionalmente.<\/p>\n<p><strong>WordPress<\/strong><br \/>\nThis website is run on the WordPress content management system (CMS). WordPress sets some cookies in order to improve the user experience and assist in the delivery of the site (e.g. to test whether a user has JavaScript enabled.) The following cookies are set by WordPress on this site:<\/p>\n<table>\n<tbody>\n<tr>\n<th>Nombre de la cookie<\/th>\n<th>Caducidad<\/th>\n<th>Descripci\u00f3n<\/th>\n<\/tr>\n<tr>\n<td>wordpress_<\/td>\n<td>Session<\/td>\n<td>WordPress cookie for a logged in user.<\/td>\n<\/tr>\n<tr>\n<td>wordpress_logged_in<\/td>\n<td>Session<\/td>\n<td>WordPress cookie for a logged in user.<\/td>\n<\/tr>\n<tr>\n<td>wordpress_test_cookie<\/td>\n<td>Session<\/td>\n<td>WordPress test cookie.<\/td>\n<\/tr>\n<tr>\n<td>wp-settings-time-<\/td>\n<td>1 Year<\/td>\n<td>WordPress also sets a few wp-settings-{time}-[UID] cookies. The number on the end is your individual user ID from the users database table. This is used to customize your view of admin interface and possibly also the main site interface.<\/td>\n<\/tr>\n<tr>\n<td>wp-settings-<\/td>\n<td>1 Year<\/td>\n<td>WordPress also sets a few wp-settings-[UID] cookies. The number on the end is your individual user ID from the users database table. This is used to customize your view of admin interface and possibly also the main site interface.<\/td>\n<\/tr>\n<tr>\n<td>PHPSESSID<\/td>\n<td>Session<\/td>\n<td>To identify your unique session on the website.<\/td>\n<\/tr>\n<\/tbody>\n<\/table>\n<p><strong>Google Analytics<br \/>\n<\/strong>Este sitio utiliza Google Analytics para recopilar informaci\u00f3n acerca de c\u00f3mo usan nuestro sitio los visitantes. Google Analytics utiliza cookies para registrar informaci\u00f3n sobre su uso. Utilizamos la informaci\u00f3n para elaborar informes y para ayudar a mejorar la web. Las cookies recopilan informaci\u00f3n de forma an\u00f3nima, incluyendo el n\u00famero de visitantes a la p\u00e1gina web, desde donde han llegado a la web desde y las p\u00e1ginas visitadas. Para m\u00e1s informaci\u00f3n sobre c\u00f3mo maneja los datos de usuario Google Analytics consulte la pol\u00edtica de privacidad de Google Analytics. La siguiente tabla muestra los detalles de las cookies que utiliza Google Analytics:<\/p>\n<table>\n<tbody>\n<tr>\n<th>Cookie ID<\/th>\n<th>Finalidad<\/th>\n<th>Contiene o enlaza datos personales<\/th>\n<th>Datos<\/th>\n<th>Tipo<\/th>\n<th>Expiraci\u00f3n<\/th>\n<\/tr>\n<tr>\n<td>__utma<\/td>\n<td>Recoge informaci\u00f3n con fines estad\u00edsticos<\/td>\n<td>no<\/td>\n<td>ID del visitante (An\u00f3nimo)<\/td>\n<td>Persistente<\/td>\n<td>30 mins<\/td>\n<\/tr>\n<tr>\n<td>__utmb<\/td>\n<td>Recoge informaci\u00f3n con fines estad\u00edsticos<\/td>\n<td>no<\/td>\n<td>ID del visitante (An\u00f3nimo)<\/td>\n<td>Persistente<\/td>\n<td>30 mins<\/td>\n<\/tr>\n<tr>\n<td>__utmc<\/td>\n<td>Recoge informaci\u00f3n con fines estad\u00edsticos<\/td>\n<td>no<\/td>\n<td>ID del visitante (An\u00f3nimo)<\/td>\n<td>Sesi\u00f3n<\/td>\n<td>Al finalizar la sesi\u00f3n<\/td>\n<\/tr>\n<tr>\n<td>__utmz<\/td>\n<td>Recoge informaci\u00f3n con fines estad\u00edsticos<\/td>\n<td>no<\/td>\n<td>ID del visitante (An\u00f3nimo)<\/td>\n<td>Persistente<\/td>\n<td>6 meses<\/td>\n<\/tr>\n<\/tbody>\n<\/table>\n<p><strong>2. M\u00e1s informaci\u00f3n<\/strong><br \/>\nLos navegadores web permiten cierto control de la mayor\u00eda de las cookies a trav\u00e9s de los ajustes del navegador. Para obtener m\u00e1s informaci\u00f3n sobre las cookies, incluyendo c\u00f3mo ver que cookies se han establecido y c\u00f3mo gestionarlas y borrarlas, por favor visite <a href=\"http:\/\/www.allaboutcookies.org\/es\" target=\"_blank\" rel=\"noopener\">www.allaboutcookies.org\/es<\/a>.<\/p>\n<p>Si desea inhabilitar el seguimiento por parte de Google Analytics, visite <a href=\"http:\/\/tools.google.com\/dlpage\/gaoptout\" target=\"_blank\" rel=\"noopener\">http:\/\/tools.google.com\/dlpage\/gaoptout<\/a><\/p>\n<p><strong>3. Cambios en nuestra pol\u00edtica de cookies<\/strong><br \/>\nCualquier cambio que podemos hacer a nuestra Pol\u00edtica de de cookies en el futuro ser\u00e1 publicado en esta p\u00e1gina y, en su caso, le ser\u00e1 notificado.[\/vc_column_text][\/vc_column][\/vc_row][\/vc_section]\n<\/div>","protected":false},"excerpt":{"rendered":"<p>[vc_section full_width=&#8221;stretch_row&#8221; el_class=&#8221;footer-layout&#8221;][vc_row full_width=&#8221;stretch_row&#8221; column_spacing=&#8221;0px&#8221; equal_height=&#8221;yes&#8221; remove_bottom_col_margin=&#8221;true&#8221; el_class=&#8221;footer-layout__row-1&#8243;][vc_column el_class=&#8221;col-1&#8243;][vc_column_text el_class=&#8221;fmr-text&#8221;]1. C\u00f3mo usamos las cookies Nuestras p\u00e1ginas web utilizan &#8220;cookies&#8221;. Una cookie es un peque\u00f1o archivo de letras y n\u00fameros que se descarga en su computadora o dispositivo m\u00f3vil si est\u00e1 de acuerdo. Estas cookies nos permiten distinguirle de otros usuarios de nuestro sitio web, lo&hellip;<\/p>\n","protected":false},"author":6,"featured_media":0,"parent":0,"menu_order":0,"comment_status":"closed","ping_status":"closed","template":"","meta":{"_acf_changed":false,"inline_featured_image":false,"footnotes":""},"class_list":["post-1842","page","type-page","status-publish","hentry","entry","no-media"],"acf":[],"yoast_head":"<!-- This site is optimized with the Yoast SEO plugin v26.7 - https:\/\/yoast.com\/wordpress\/plugins\/seo\/ -->\n<title>Cookies - Forced Migration Review<\/title>\n<meta name=\"robots\" content=\"index, follow, max-snippet:-1, max-image-preview:large, max-video-preview:-1\" \/>\n<link rel=\"canonical\" href=\"https:\/\/www.fmreview.org\/es\/cookies\/\" \/>\n<meta property=\"og:locale\" content=\"es_ES\" \/>\n<meta property=\"og:type\" content=\"article\" \/>\n<meta property=\"og:title\" content=\"Cookies - Forced Migration Review\" \/>\n<meta property=\"og:description\" content=\"[vc_section full_width=&#8221;stretch_row&#8221; el_class=&#8221;footer-layout&#8221;][vc_row full_width=&#8221;stretch_row&#8221; column_spacing=&#8221;0px&#8221; equal_height=&#8221;yes&#8221; remove_bottom_col_margin=&#8221;true&#8221; el_class=&#8221;footer-layout__row-1&#8243;][vc_column el_class=&#8221;col-1&#8243;][vc_column_text el_class=&#8221;fmr-text&#8221;]1. C\u00f3mo usamos las cookies Nuestras p\u00e1ginas web utilizan &#8220;cookies&#8221;. Una cookie es un peque\u00f1o archivo de letras y n\u00fameros que se descarga en su computadora o dispositivo m\u00f3vil si est\u00e1 de acuerdo. Estas cookies nos permiten distinguirle de otros usuarios de nuestro sitio web, lo&hellip;\" \/>\n<meta property=\"og:url\" content=\"https:\/\/www.fmreview.org\/es\/cookies\/\" \/>\n<meta property=\"og:site_name\" content=\"Forced Migration Review\" \/>\n<meta property=\"article:modified_time\" content=\"2024-05-13T10:50:49+00:00\" \/>\n<meta name=\"twitter:card\" content=\"summary_large_image\" \/>\n<meta name=\"twitter:label1\" content=\"Est. reading time\" \/>\n\t<meta name=\"twitter:data1\" content=\"3 minutes\" \/>\n<script type=\"application\/ld+json\" class=\"yoast-schema-graph\">{\"@context\":\"https:\/\/schema.org\",\"@graph\":[{\"@type\":\"WebPage\",\"@id\":\"https:\/\/www.fmreview.org\/es\/cookies\/\",\"url\":\"https:\/\/www.fmreview.org\/es\/cookies\/\",\"name\":\"Cookies - Forced Migration Review\",\"isPartOf\":{\"@id\":\"https:\/\/www.fmreview.org\/#website\"},\"datePublished\":\"2024-04-11T11:36:42+00:00\",\"dateModified\":\"2024-05-13T10:50:49+00:00\",\"breadcrumb\":{\"@id\":\"https:\/\/www.fmreview.org\/es\/cookies\/#breadcrumb\"},\"inLanguage\":\"es-ES\",\"potentialAction\":[{\"@type\":\"ReadAction\",\"target\":[\"https:\/\/www.fmreview.org\/es\/cookies\/\"]}]},{\"@type\":\"BreadcrumbList\",\"@id\":\"https:\/\/www.fmreview.org\/es\/cookies\/#breadcrumb\",\"itemListElement\":[{\"@type\":\"ListItem\",\"position\":1,\"name\":\"Home\",\"item\":\"https:\/\/www.fmreview.org\/es\/\"},{\"@type\":\"ListItem\",\"position\":2,\"name\":\"Cookies\"}]},{\"@type\":\"WebSite\",\"@id\":\"https:\/\/www.fmreview.org\/#website\",\"url\":\"https:\/\/www.fmreview.org\/\",\"name\":\"Forced Migration Review\",\"description\":\"\",\"publisher\":{\"@id\":\"https:\/\/www.fmreview.org\/#organization\"},\"potentialAction\":[{\"@type\":\"SearchAction\",\"target\":{\"@type\":\"EntryPoint\",\"urlTemplate\":\"https:\/\/www.fmreview.org\/?s={search_term_string}\"},\"query-input\":{\"@type\":\"PropertyValueSpecification\",\"valueRequired\":true,\"valueName\":\"search_term_string\"}}],\"inLanguage\":\"es-ES\"},{\"@type\":\"Organization\",\"@id\":\"https:\/\/www.fmreview.org\/#organization\",\"name\":\"Forced Migration Review\",\"url\":\"https:\/\/www.fmreview.org\/\",\"logo\":{\"@type\":\"ImageObject\",\"inLanguage\":\"es-ES\",\"@id\":\"https:\/\/www.fmreview.org\/#\/schema\/logo\/image\/\",\"url\":\"https:\/\/www.fmreview.org\/wp-content\/uploads\/2024\/02\/FMR_logo1.svg\",\"contentUrl\":\"https:\/\/www.fmreview.org\/wp-content\/uploads\/2024\/02\/FMR_logo1.svg\",\"width\":53,\"height\":62,\"caption\":\"Forced Migration Review\"},\"image\":{\"@id\":\"https:\/\/www.fmreview.org\/#\/schema\/logo\/image\/\"}}]}<\/script>\n<!-- \/ Yoast SEO plugin. -->","yoast_head_json":{"title":"Cookies - Forced Migration Review","robots":{"index":"index","follow":"follow","max-snippet":"max-snippet:-1","max-image-preview":"max-image-preview:large","max-video-preview":"max-video-preview:-1"},"canonical":"https:\/\/www.fmreview.org\/es\/cookies\/","og_locale":"es_ES","og_type":"article","og_title":"Cookies - Forced Migration Review","og_description":"[vc_section full_width=&#8221;stretch_row&#8221; el_class=&#8221;footer-layout&#8221;][vc_row full_width=&#8221;stretch_row&#8221; column_spacing=&#8221;0px&#8221; equal_height=&#8221;yes&#8221; remove_bottom_col_margin=&#8221;true&#8221; el_class=&#8221;footer-layout__row-1&#8243;][vc_column el_class=&#8221;col-1&#8243;][vc_column_text el_class=&#8221;fmr-text&#8221;]1. C\u00f3mo usamos las cookies Nuestras p\u00e1ginas web utilizan &#8220;cookies&#8221;. Una cookie es un peque\u00f1o archivo de letras y n\u00fameros que se descarga en su computadora o dispositivo m\u00f3vil si est\u00e1 de acuerdo. Estas cookies nos permiten distinguirle de otros usuarios de nuestro sitio web, lo&hellip;","og_url":"https:\/\/www.fmreview.org\/es\/cookies\/","og_site_name":"Forced Migration Review","article_modified_time":"2024-05-13T10:50:49+00:00","twitter_card":"summary_large_image","twitter_misc":{"Est. reading time":"3 minutes"},"schema":{"@context":"https:\/\/schema.org","@graph":[{"@type":"WebPage","@id":"https:\/\/www.fmreview.org\/es\/cookies\/","url":"https:\/\/www.fmreview.org\/es\/cookies\/","name":"Cookies - Forced Migration Review","isPartOf":{"@id":"https:\/\/www.fmreview.org\/#website"},"datePublished":"2024-04-11T11:36:42+00:00","dateModified":"2024-05-13T10:50:49+00:00","breadcrumb":{"@id":"https:\/\/www.fmreview.org\/es\/cookies\/#breadcrumb"},"inLanguage":"es-ES","potentialAction":[{"@type":"ReadAction","target":["https:\/\/www.fmreview.org\/es\/cookies\/"]}]},{"@type":"BreadcrumbList","@id":"https:\/\/www.fmreview.org\/es\/cookies\/#breadcrumb","itemListElement":[{"@type":"ListItem","position":1,"name":"Home","item":"https:\/\/www.fmreview.org\/es\/"},{"@type":"ListItem","position":2,"name":"Cookies"}]},{"@type":"WebSite","@id":"https:\/\/www.fmreview.org\/#website","url":"https:\/\/www.fmreview.org\/","name":"Forced Migration Review","description":"","publisher":{"@id":"https:\/\/www.fmreview.org\/#organization"},"potentialAction":[{"@type":"SearchAction","target":{"@type":"EntryPoint","urlTemplate":"https:\/\/www.fmreview.org\/?s={search_term_string}"},"query-input":{"@type":"PropertyValueSpecification","valueRequired":true,"valueName":"search_term_string"}}],"inLanguage":"es-ES"},{"@type":"Organization","@id":"https:\/\/www.fmreview.org\/#organization","name":"Forced Migration Review","url":"https:\/\/www.fmreview.org\/","logo":{"@type":"ImageObject","inLanguage":"es-ES","@id":"https:\/\/www.fmreview.org\/#\/schema\/logo\/image\/","url":"https:\/\/www.fmreview.org\/wp-content\/uploads\/2024\/02\/FMR_logo1.svg","contentUrl":"https:\/\/www.fmreview.org\/wp-content\/uploads\/2024\/02\/FMR_logo1.svg","width":53,"height":62,"caption":"Forced Migration Review"},"image":{"@id":"https:\/\/www.fmreview.org\/#\/schema\/logo\/image\/"}}]}},"_links":{"self":[{"href":"https:\/\/www.fmreview.org\/es\/wp-json\/wp\/v2\/pages\/1842","targetHints":{"allow":["GET"]}}],"collection":[{"href":"https:\/\/www.fmreview.org\/es\/wp-json\/wp\/v2\/pages"}],"about":[{"href":"https:\/\/www.fmreview.org\/es\/wp-json\/wp\/v2\/types\/page"}],"author":[{"embeddable":true,"href":"https:\/\/www.fmreview.org\/es\/wp-json\/wp\/v2\/users\/6"}],"replies":[{"embeddable":true,"href":"https:\/\/www.fmreview.org\/es\/wp-json\/wp\/v2\/comments?post=1842"}],"version-history":[{"count":3,"href":"https:\/\/www.fmreview.org\/es\/wp-json\/wp\/v2\/pages\/1842\/revisions"}],"predecessor-version":[{"id":2815,"href":"https:\/\/www.fmreview.org\/es\/wp-json\/wp\/v2\/pages\/1842\/revisions\/2815"}],"wp:attachment":[{"href":"https:\/\/www.fmreview.org\/es\/wp-json\/wp\/v2\/media?parent=1842"}],"curies":[{"name":"wp","href":"https:\/\/api.w.org\/{rel}","templated":true}]}}