{"id":1845,"date":"2024-04-11T03:18:25","date_gmt":"2024-04-11T08:18:25","guid":{"rendered":"http:\/\/ready-for-feedback3.com\/shape-history\/fmr\/copyright\/"},"modified":"2024-05-16T15:28:00","modified_gmt":"2024-05-16T20:28:00","slug":"derechos-autor","status":"publish","type":"page","link":"https:\/\/www.fmreview.org\/es\/derechos-autor\/","title":{"rendered":"Derechos de autor"},"content":{"rendered":"<div class=\"wpb-content-wrapper\">[vc_section full_width=&#8221;stretch_row&#8221; el_class=&#8221;footer-layout&#8221;][vc_row full_width=&#8221;stretch_row&#8221; column_spacing=&#8221;0px&#8221; equal_height=&#8221;yes&#8221; remove_bottom_col_margin=&#8221;true&#8221; el_class=&#8221;footer-layout__row-1&#8243;][vc_column el_class=&#8221;col-1&#8243;]<div class=\"vcex-heading vcex-heading-plain vcex-module wpex-heading wpex-text-2xl fmr-heading\"><span class=\"vcex-heading-inner wpex-inline-block\">Derechos de autor<\/span><\/div>[vc_column_text el_class=&#8221;fmr-text&#8221;]La Revista Migraciones Forzadas (RMF) es una publicaci\u00f3n de Acceso abierto y animamos a compartir los art\u00edculos publicados. RMF est\u00e1 incluida en el Directory of Open Access Journals disponible en <a href=\"http:\/\/doaj.org\/\" target=\"_blank\" rel=\"noopener\">http:\/\/doaj.org\/<\/a> y en el Oxford University Research Archive en <a href=\"http:\/\/ora.ouls.ox.ac.uk\/\" target=\"_blank\" rel=\"noopener\">http:\/\/ora.ouls.ox.ac.uk\/<\/a>. La edici\u00f3n en espa\u00f1ol tambi\u00e9n est\u00e1 disponible en el <a href=\"http:\/\/rua.ua.es\/dspace\/handle\/10045\/2944\" target=\"_blank\" rel=\"noopener\">Repertorio Institucional de la Universidad de Alicante<\/a>.<\/p>\n<p><strong>Derechos del usuario<\/strong>: los usuarios pueden leer, descargar, copiar, distribuir, imprimir o enlazar los textos completos de los art\u00edculos publicados en RMF y en el sitio web de RMF siempre y cuando sea para fines no comerciales y se reconozca adecuadamente al autor y a RMF. Todos los art\u00edculos publicados de RMF tanto en su versi\u00f3n impresa como en l\u00ednea, y RMF en s\u00ed, est\u00e1n registrados bajo la licencia de Creative Commons Reconocimiento-NoComercial-SinObraDerivada (CC BY-NC-ND).<\/p>\n<p><strong>Derechos del autor:<\/strong> los autores que publican con RMF conservan los derechos de autor sujetos a la concesi\u00f3n de licencia exclusiva para RMF. RMF publica el material del autor bajo la \u00a0licencia de Creative Commons Reconocimiento-NoComercial-SinObraDerivada (CC BY-NC-ND).<\/p>\n<p><a href=\"http:\/\/creativecommons.org\/licenses\/by-nc-nd\/3.0\/\" rel=\"license\"><img decoding=\"async\" src=\"http:\/\/i.creativecommons.org\/l\/by-nc-nd\/3.0\/88x31.png\" alt=\"Creative Commons Licence\" \/><\/a><\/p>\n<p>La licencia Creative Commons de RMF incluye tres condiciones: Atribuci\u00f3n, No Comercial y Sin Obras Derivadas. Esto significa que:<\/p>\n<ul>\n<li>se pueden reproducir los materiales de RMF siempre que se cite la fuente\/autor (Atribuci\u00f3n).<\/li>\n<li>se puede utilizar, descargar, transmitir o imprimir el material de la p\u00e1gina web de RMF (o su versi\u00f3n impresa) para cualquier actividad de investigaci\u00f3n privada, o con fines educativos. No se pueden usar estos materiales con fines comerciales. (No comercial)<\/li>\n<li>no\u00a0se puede alterar, transformar o crear obras derivadas de estos materiales. (No Derivados)<\/li>\n<\/ul>\n<p>Sin embargo, normalmente ser\u00e1 un placer aceptar las peticiones para adaptar el material de este sitio y de RMF\u00a0(por ejemplo, para traducirlo a otro idioma) pero por favor, p\u00f3ngase en contacto con nosotros en <span style=\"color: #0000ff;\"><span lang=\"zxx\"><u><a href=\"mailto:rmf@ua.es\">rmf@ua.es<\/a><\/u><\/span><\/span> para solicitar permiso de antemano.<\/p>\n<p><b>Algunos ejemplos<\/b><\/p>\n<p><b>Si desea publicar en en l\u00ednea o hacer circular un n\u00famero de RMF<\/b>, no es necesario pedir permiso, pero por favor, incluya un enlace a nuestro sitio web (a la p\u00e1gina espec\u00edfica del n\u00famero, por ejemplo\u00a0<em><a href=\"http:\/\/www.fmreview.org\/es\/tecnologia\">www.fmreview.org\/es\/tecnologia<\/a><\/em>)<\/p>\n<p><b>Si desea poner una imagen de una portada de RMF<\/b>, con un enlace a la versi\u00f3n en l\u00ednea, puede tomar la miniatura de nuestro sitio web, o crear su propia imagen desde el pdf de la edici\u00f3n de RMF. No es necesario pedir permiso.<\/p>\n<p><b>Si desea publicar un art\u00edculo<\/b> de un numero espec\u00edfico de RMF en su sitio web, compartirlo por correo electr\u00f3nico o enlazarlo a trav\u00e9s de una red social, no es necesario pedir nuestro consentimiento, pero por favor, incluya el reconocimiento en este sentido, con un enlace ya sea a la p\u00e1gina web sobre el n\u00famero en concreto o a la p\u00e1gina web espec\u00edfica del art\u00edculo:<\/p>\n<p>p.e. Revista Migraciones Forzadas <a href=\"http:\/\/www.fmreview.org\/es\/tecnologia\">www.fmreview.org\/es\/tecnologia<\/a><\/p>\n<p>o bien:<\/p>\n<p>Revista Migraciones Forzadas <a href=\"http:\/\/www.fmreview.org\/es\/tecnologia\/aleinikoff.htm\">www.fmreview.org\/es\/tecnologia\/aleinikoff.htm<\/a><\/p>\n<p><b>Si desea utilizar parte de un art\u00edculo <\/b>en una publicaci\u00f3n, por favor env\u00edenos un correo electr\u00f3nico para explicar el contexto y solicitar autorizaci\u00f3n. Podemos ponerle en contacto con el autor para obtener su consentimiento.<\/p>\n<p><b>Si desea traducir art\u00edculos de RMF a otro idioma<\/b>, por favor env\u00edenos un correo electr\u00f3nico para discutirlo. Siempre nos alegra ver RMF traducido a otros idiomas y estaremos encantados de promover estas traducciones en nuestro propio sitio web. Si publica las traducciones en su propia web o las dristribuye en forma impresa, por favor incluya el reconocimiento (ya sea en Ingl\u00e9s o en el idioma que corresponda) de la siguiente manera:<\/p>\n<p>Traducido de <span style=\"color: #0000ff;\"><span lang=\"zxx\"><u><a href=\"http:\/\/www.fmreview.org\/es\">www.fmreview.org\/es<\/a><\/u><\/span><\/span> Revista Migraciones Forzadas [o a\u00f1ada el enlace del n\u00famero en concreto, por ejemplo <span style=\"color: #0000ff;\"><span lang=\"zxx\"><u><a href=\"http:\/\/www.fmreview.org\/es\/tecnologia\">www.fmreview.org\/es<\/a>\/tecnologia<\/u><\/span><\/span>]\n<p><b>Si desea utilizar alguna de las fotos <\/b>que aparece en el FMR y en nuestra p\u00e1gina web, puede hacerlo si se mantienen en el mismo contexto. Por ejemplo, si usted publica en l\u00ednea la versi\u00f3n html de un art\u00edculo, s\u00f3lo podr\u00e1 volver a utilizar la foto que acompa\u00f1a al mismo art\u00edculo en la versi\u00f3n en pdf. No se puede usar ninguna foto fuera de contexto sin el permiso del propietario de la foto. Si desea hacerlo, por favor env\u00edenos un correo electr\u00f3nico y estaremos encantados de proporcionar los datos de contacto de su propietario.<\/p>\n<p><strong>SEMPRE QUE\u00a0<\/strong><b><strong>SEA POS<\/strong>IBLE le rogamos que nos escriba<\/b>\u00a0a <span style=\"color: #0000ff;\"><span lang=\"zxx\"><u><a href=\"mailto:fmr@qeh.ox.ac.uk\">fmr@qeh.ox.ac.uk<\/a><\/u><\/span><\/span> con los detalles si reutiliza el material FMR de cualquiera de las formas anteriores. Esto nos ayuda a controlar el inter\u00e9s en los diferentes temas y constituye una prueba \u00fatil de la utilidad de FMR \u2013lo cual es vital para la recaudaci\u00f3n de fondos para mantener FMR en funcionamiento. \u00a1Gracias![\/vc_column_text][\/vc_column][\/vc_row][\/vc_section]\n<\/div>","protected":false},"excerpt":{"rendered":"<p>[vc_section full_width=&#8221;stretch_row&#8221; el_class=&#8221;footer-layout&#8221;][vc_row full_width=&#8221;stretch_row&#8221; column_spacing=&#8221;0px&#8221; equal_height=&#8221;yes&#8221; remove_bottom_col_margin=&#8221;true&#8221; el_class=&#8221;footer-layout__row-1&#8243;][vc_column el_class=&#8221;col-1&#8243;][vc_column_text el_class=&#8221;fmr-text&#8221;]La Revista Migraciones Forzadas (RMF) es una publicaci\u00f3n de Acceso abierto y animamos a compartir los art\u00edculos publicados. RMF est\u00e1 incluida en el Directory of Open Access Journals disponible en http:\/\/doaj.org\/ y en el Oxford University Research Archive en http:\/\/ora.ouls.ox.ac.uk\/. La edici\u00f3n en espa\u00f1ol tambi\u00e9n est\u00e1&hellip;<\/p>\n","protected":false},"author":6,"featured_media":0,"parent":0,"menu_order":0,"comment_status":"closed","ping_status":"closed","template":"","meta":{"_acf_changed":false,"inline_featured_image":false,"footnotes":""},"class_list":["post-1845","page","type-page","status-publish","hentry","entry","no-media"],"acf":[],"yoast_head":"<!-- This site is optimized with the Yoast SEO plugin v26.7 - https:\/\/yoast.com\/wordpress\/plugins\/seo\/ -->\n<title>Derechos de autor - Forced Migration Review<\/title>\n<meta name=\"robots\" content=\"index, follow, max-snippet:-1, max-image-preview:large, max-video-preview:-1\" \/>\n<link rel=\"canonical\" href=\"https:\/\/www.fmreview.org\/es\/derechos-autor\/\" \/>\n<meta property=\"og:locale\" content=\"es_ES\" \/>\n<meta property=\"og:type\" content=\"article\" \/>\n<meta property=\"og:title\" content=\"Derechos de autor - Forced Migration Review\" \/>\n<meta property=\"og:description\" content=\"[vc_section full_width=&#8221;stretch_row&#8221; el_class=&#8221;footer-layout&#8221;][vc_row full_width=&#8221;stretch_row&#8221; column_spacing=&#8221;0px&#8221; equal_height=&#8221;yes&#8221; remove_bottom_col_margin=&#8221;true&#8221; el_class=&#8221;footer-layout__row-1&#8243;][vc_column el_class=&#8221;col-1&#8243;][vc_column_text el_class=&#8221;fmr-text&#8221;]La Revista Migraciones Forzadas (RMF) es una publicaci\u00f3n de Acceso abierto y animamos a compartir los art\u00edculos publicados. RMF est\u00e1 incluida en el Directory of Open Access Journals disponible en http:\/\/doaj.org\/ y en el Oxford University Research Archive en http:\/\/ora.ouls.ox.ac.uk\/. La edici\u00f3n en espa\u00f1ol tambi\u00e9n est\u00e1&hellip;\" \/>\n<meta property=\"og:url\" content=\"https:\/\/www.fmreview.org\/es\/derechos-autor\/\" \/>\n<meta property=\"og:site_name\" content=\"Forced Migration Review\" \/>\n<meta property=\"article:modified_time\" content=\"2024-05-16T20:28:00+00:00\" \/>\n<meta property=\"og:image\" content=\"http:\/\/i.creativecommons.org\/l\/by-nc-nd\/3.0\/88x31.png\" \/>\n<meta name=\"twitter:card\" content=\"summary_large_image\" \/>\n<meta name=\"twitter:label1\" content=\"Est. reading time\" \/>\n\t<meta name=\"twitter:data1\" content=\"4 minutes\" \/>\n<script type=\"application\/ld+json\" class=\"yoast-schema-graph\">{\"@context\":\"https:\/\/schema.org\",\"@graph\":[{\"@type\":\"WebPage\",\"@id\":\"https:\/\/www.fmreview.org\/es\/derechos-autor\/\",\"url\":\"https:\/\/www.fmreview.org\/es\/derechos-autor\/\",\"name\":\"Derechos de autor - Forced Migration Review\",\"isPartOf\":{\"@id\":\"https:\/\/www.fmreview.org\/#website\"},\"primaryImageOfPage\":{\"@id\":\"https:\/\/www.fmreview.org\/es\/derechos-autor\/#primaryimage\"},\"image\":{\"@id\":\"https:\/\/www.fmreview.org\/es\/derechos-autor\/#primaryimage\"},\"thumbnailUrl\":\"http:\/\/i.creativecommons.org\/l\/by-nc-nd\/3.0\/88x31.png\",\"datePublished\":\"2024-04-11T08:18:25+00:00\",\"dateModified\":\"2024-05-16T20:28:00+00:00\",\"breadcrumb\":{\"@id\":\"https:\/\/www.fmreview.org\/es\/derechos-autor\/#breadcrumb\"},\"inLanguage\":\"es-ES\",\"potentialAction\":[{\"@type\":\"ReadAction\",\"target\":[\"https:\/\/www.fmreview.org\/es\/derechos-autor\/\"]}]},{\"@type\":\"ImageObject\",\"inLanguage\":\"es-ES\",\"@id\":\"https:\/\/www.fmreview.org\/es\/derechos-autor\/#primaryimage\",\"url\":\"http:\/\/i.creativecommons.org\/l\/by-nc-nd\/3.0\/88x31.png\",\"contentUrl\":\"http:\/\/i.creativecommons.org\/l\/by-nc-nd\/3.0\/88x31.png\"},{\"@type\":\"BreadcrumbList\",\"@id\":\"https:\/\/www.fmreview.org\/es\/derechos-autor\/#breadcrumb\",\"itemListElement\":[{\"@type\":\"ListItem\",\"position\":1,\"name\":\"Home\",\"item\":\"https:\/\/www.fmreview.org\/es\/\"},{\"@type\":\"ListItem\",\"position\":2,\"name\":\"Derechos de autor\"}]},{\"@type\":\"WebSite\",\"@id\":\"https:\/\/www.fmreview.org\/#website\",\"url\":\"https:\/\/www.fmreview.org\/\",\"name\":\"Forced Migration Review\",\"description\":\"\",\"publisher\":{\"@id\":\"https:\/\/www.fmreview.org\/#organization\"},\"potentialAction\":[{\"@type\":\"SearchAction\",\"target\":{\"@type\":\"EntryPoint\",\"urlTemplate\":\"https:\/\/www.fmreview.org\/?s={search_term_string}\"},\"query-input\":{\"@type\":\"PropertyValueSpecification\",\"valueRequired\":true,\"valueName\":\"search_term_string\"}}],\"inLanguage\":\"es-ES\"},{\"@type\":\"Organization\",\"@id\":\"https:\/\/www.fmreview.org\/#organization\",\"name\":\"Forced Migration Review\",\"url\":\"https:\/\/www.fmreview.org\/\",\"logo\":{\"@type\":\"ImageObject\",\"inLanguage\":\"es-ES\",\"@id\":\"https:\/\/www.fmreview.org\/#\/schema\/logo\/image\/\",\"url\":\"https:\/\/www.fmreview.org\/wp-content\/uploads\/2024\/02\/FMR_logo1.svg\",\"contentUrl\":\"https:\/\/www.fmreview.org\/wp-content\/uploads\/2024\/02\/FMR_logo1.svg\",\"width\":53,\"height\":62,\"caption\":\"Forced Migration Review\"},\"image\":{\"@id\":\"https:\/\/www.fmreview.org\/#\/schema\/logo\/image\/\"}}]}<\/script>\n<!-- \/ Yoast SEO plugin. -->","yoast_head_json":{"title":"Derechos de autor - Forced Migration Review","robots":{"index":"index","follow":"follow","max-snippet":"max-snippet:-1","max-image-preview":"max-image-preview:large","max-video-preview":"max-video-preview:-1"},"canonical":"https:\/\/www.fmreview.org\/es\/derechos-autor\/","og_locale":"es_ES","og_type":"article","og_title":"Derechos de autor - Forced Migration Review","og_description":"[vc_section full_width=&#8221;stretch_row&#8221; el_class=&#8221;footer-layout&#8221;][vc_row full_width=&#8221;stretch_row&#8221; column_spacing=&#8221;0px&#8221; equal_height=&#8221;yes&#8221; remove_bottom_col_margin=&#8221;true&#8221; el_class=&#8221;footer-layout__row-1&#8243;][vc_column el_class=&#8221;col-1&#8243;][vc_column_text el_class=&#8221;fmr-text&#8221;]La Revista Migraciones Forzadas (RMF) es una publicaci\u00f3n de Acceso abierto y animamos a compartir los art\u00edculos publicados. RMF est\u00e1 incluida en el Directory of Open Access Journals disponible en http:\/\/doaj.org\/ y en el Oxford University Research Archive en http:\/\/ora.ouls.ox.ac.uk\/. La edici\u00f3n en espa\u00f1ol tambi\u00e9n est\u00e1&hellip;","og_url":"https:\/\/www.fmreview.org\/es\/derechos-autor\/","og_site_name":"Forced Migration Review","article_modified_time":"2024-05-16T20:28:00+00:00","og_image":[{"url":"http:\/\/i.creativecommons.org\/l\/by-nc-nd\/3.0\/88x31.png","type":"","width":"","height":""}],"twitter_card":"summary_large_image","twitter_misc":{"Est. reading time":"4 minutes"},"schema":{"@context":"https:\/\/schema.org","@graph":[{"@type":"WebPage","@id":"https:\/\/www.fmreview.org\/es\/derechos-autor\/","url":"https:\/\/www.fmreview.org\/es\/derechos-autor\/","name":"Derechos de autor - Forced Migration Review","isPartOf":{"@id":"https:\/\/www.fmreview.org\/#website"},"primaryImageOfPage":{"@id":"https:\/\/www.fmreview.org\/es\/derechos-autor\/#primaryimage"},"image":{"@id":"https:\/\/www.fmreview.org\/es\/derechos-autor\/#primaryimage"},"thumbnailUrl":"http:\/\/i.creativecommons.org\/l\/by-nc-nd\/3.0\/88x31.png","datePublished":"2024-04-11T08:18:25+00:00","dateModified":"2024-05-16T20:28:00+00:00","breadcrumb":{"@id":"https:\/\/www.fmreview.org\/es\/derechos-autor\/#breadcrumb"},"inLanguage":"es-ES","potentialAction":[{"@type":"ReadAction","target":["https:\/\/www.fmreview.org\/es\/derechos-autor\/"]}]},{"@type":"ImageObject","inLanguage":"es-ES","@id":"https:\/\/www.fmreview.org\/es\/derechos-autor\/#primaryimage","url":"http:\/\/i.creativecommons.org\/l\/by-nc-nd\/3.0\/88x31.png","contentUrl":"http:\/\/i.creativecommons.org\/l\/by-nc-nd\/3.0\/88x31.png"},{"@type":"BreadcrumbList","@id":"https:\/\/www.fmreview.org\/es\/derechos-autor\/#breadcrumb","itemListElement":[{"@type":"ListItem","position":1,"name":"Home","item":"https:\/\/www.fmreview.org\/es\/"},{"@type":"ListItem","position":2,"name":"Derechos de autor"}]},{"@type":"WebSite","@id":"https:\/\/www.fmreview.org\/#website","url":"https:\/\/www.fmreview.org\/","name":"Forced Migration Review","description":"","publisher":{"@id":"https:\/\/www.fmreview.org\/#organization"},"potentialAction":[{"@type":"SearchAction","target":{"@type":"EntryPoint","urlTemplate":"https:\/\/www.fmreview.org\/?s={search_term_string}"},"query-input":{"@type":"PropertyValueSpecification","valueRequired":true,"valueName":"search_term_string"}}],"inLanguage":"es-ES"},{"@type":"Organization","@id":"https:\/\/www.fmreview.org\/#organization","name":"Forced Migration Review","url":"https:\/\/www.fmreview.org\/","logo":{"@type":"ImageObject","inLanguage":"es-ES","@id":"https:\/\/www.fmreview.org\/#\/schema\/logo\/image\/","url":"https:\/\/www.fmreview.org\/wp-content\/uploads\/2024\/02\/FMR_logo1.svg","contentUrl":"https:\/\/www.fmreview.org\/wp-content\/uploads\/2024\/02\/FMR_logo1.svg","width":53,"height":62,"caption":"Forced Migration Review"},"image":{"@id":"https:\/\/www.fmreview.org\/#\/schema\/logo\/image\/"}}]}},"_links":{"self":[{"href":"https:\/\/www.fmreview.org\/es\/wp-json\/wp\/v2\/pages\/1845","targetHints":{"allow":["GET"]}}],"collection":[{"href":"https:\/\/www.fmreview.org\/es\/wp-json\/wp\/v2\/pages"}],"about":[{"href":"https:\/\/www.fmreview.org\/es\/wp-json\/wp\/v2\/types\/page"}],"author":[{"embeddable":true,"href":"https:\/\/www.fmreview.org\/es\/wp-json\/wp\/v2\/users\/6"}],"replies":[{"embeddable":true,"href":"https:\/\/www.fmreview.org\/es\/wp-json\/wp\/v2\/comments?post=1845"}],"version-history":[{"count":4,"href":"https:\/\/www.fmreview.org\/es\/wp-json\/wp\/v2\/pages\/1845\/revisions"}],"predecessor-version":[{"id":3274,"href":"https:\/\/www.fmreview.org\/es\/wp-json\/wp\/v2\/pages\/1845\/revisions\/3274"}],"wp:attachment":[{"href":"https:\/\/www.fmreview.org\/es\/wp-json\/wp\/v2\/media?parent=1845"}],"curies":[{"name":"wp","href":"https:\/\/api.w.org\/{rel}","templated":true}]}}