{"id":1854,"date":"2024-04-11T06:38:57","date_gmt":"2024-04-11T11:38:57","guid":{"rendered":"http:\/\/ready-for-feedback3.com\/shape-history\/fmr\/photo-policy\/"},"modified":"2024-05-16T15:30:02","modified_gmt":"2024-05-16T20:30:02","slug":"politica-fotografias","status":"publish","type":"page","link":"https:\/\/www.fmreview.org\/es\/politica-fotografias\/","title":{"rendered":"Pol\u00edtica en materia de fotograf\u00edas"},"content":{"rendered":"<div class=\"wpb-content-wrapper\">[vc_section full_width=&#8221;stretch_row&#8221; el_class=&#8221;footer-layout&#8221;][vc_row full_width=&#8221;stretch_row&#8221; column_spacing=&#8221;0px&#8221; equal_height=&#8221;yes&#8221; remove_bottom_col_margin=&#8221;true&#8221; el_class=&#8221;footer-layout__row-1&#8243;][vc_column el_class=&#8221;col-1&#8243;]<div class=\"vcex-heading vcex-heading-plain vcex-module wpex-heading wpex-text-2xl fmr-heading\"><span class=\"vcex-heading-inner wpex-inline-block\">Pol\u00edtica en materia de fotograf\u00edas<\/span><\/div>[vc_column_text el_class=&#8221;fmr-text&#8221;]Sabemos que los rostros de gente real son importantes para dar vida a las palabras, hechos, pensamientos, ideas y sentimientos que se encuentran en RMF. Siempre hemos buscado im\u00e1genes que muestren la realidad de la migraci\u00f3n forzada, la trata de personas y la apatridia.<\/p>\n<p>RMF se distribuye por todo el mundo en forma impresa y \u00a0en nuestra p\u00e1gina web mediante libre acceso, sin embargo, tambi\u00e9n est\u00e1 disponible en otros sitios web, en bibliotecas p\u00fablicas y en CD-ROM. En realidad, no tenemos manera de estar seguros de que las personas que aparecen en las fotograf\u00edas han dado su consentimiento informado para que usemos su imagen. \u00bfHabr\u00e1n entendido que su imagen puede ser vista por personas de todo el mundo, y que va a vivir en el mundo virtual por, potencialmente, muchos, muchos a\u00f1os?<\/p>\n<p>Consideramos que hay casos en los que las personas no desean que su imagen sea usada de manera que puedan ser identificados para siempre en una situaci\u00f3n que es, con toda probabilidad, temporal y que les ha sorprendido en un mal momento de sus vidas . No podemos estar seguros tampoco de que &#8211; en alg\u00fan momento y de alguna manera que no se puede prever- no les perjudicamos o atentamos contra su dignidad al mostrar su imagen. Por tanto, debemos actuar con cautela.<\/p>\n<p>Hemos decidido que siempre que sea posible debemos proteger la identidad de las personas que aparecen en RMF &#8211; a menos que sea obvio que esta precauci\u00f3n no es necesaria -, evitando mostrar de cerca im\u00e1genes de caras y\/o, en su caso, pixel\u00e1ndolas.<\/p>\n<p>Nos damos cuenta de que no existe una manera perfectamente correcta de hacerlo. Las personas que aparecen en las fotograf\u00edas pueden sentir que esto les priva de su identidad, ya que pueden tener la impresi\u00f3n de que estamos siguiendo la corriente a aquellos que encasillan a los refugiados como ciudadanos de segunda clase o como &#8216;indeseables&#8217;. Tambi\u00e9n puede disminuir el impacto de las palabras. Pero hemos llegado a la conclusi\u00f3n de que este es el camino que debemos tratar de seguir.<\/p>\n<div>Perm\u00edtanos conocer su opini\u00f3n. Puede enviarnos un email a <a href=\"mailto:fmr@qeh.ox.ac.uk\">fmr@qeh.ox.ac.uk<\/a>.<\/div>\n[\/vc_column_text][\/vc_column][\/vc_row][\/vc_section]\n<\/div>","protected":false},"excerpt":{"rendered":"<p>[vc_section full_width=&#8221;stretch_row&#8221; el_class=&#8221;footer-layout&#8221;][vc_row full_width=&#8221;stretch_row&#8221; column_spacing=&#8221;0px&#8221; equal_height=&#8221;yes&#8221; remove_bottom_col_margin=&#8221;true&#8221; el_class=&#8221;footer-layout__row-1&#8243;][vc_column el_class=&#8221;col-1&#8243;][vc_column_text el_class=&#8221;fmr-text&#8221;]Sabemos que los rostros de gente real son importantes para dar vida a las palabras, hechos, pensamientos, ideas y sentimientos que se encuentran en RMF. Siempre hemos buscado im\u00e1genes que muestren la realidad de la migraci\u00f3n forzada, la trata de personas y la apatridia. RMF se&hellip;<\/p>\n","protected":false},"author":6,"featured_media":0,"parent":0,"menu_order":0,"comment_status":"closed","ping_status":"closed","template":"","meta":{"_acf_changed":false,"inline_featured_image":false,"footnotes":""},"class_list":["post-1854","page","type-page","status-publish","hentry","entry","no-media"],"acf":[],"yoast_head":"<!-- This site is optimized with the Yoast SEO plugin v26.7 - https:\/\/yoast.com\/wordpress\/plugins\/seo\/ -->\n<title>Pol\u00edtica en materia de fotograf\u00edas - Forced Migration Review<\/title>\n<meta name=\"robots\" content=\"index, follow, max-snippet:-1, max-image-preview:large, max-video-preview:-1\" \/>\n<link rel=\"canonical\" href=\"https:\/\/www.fmreview.org\/es\/politica-fotografias\/\" \/>\n<meta property=\"og:locale\" content=\"es_ES\" \/>\n<meta property=\"og:type\" content=\"article\" \/>\n<meta property=\"og:title\" content=\"Pol\u00edtica en materia de fotograf\u00edas - Forced Migration Review\" \/>\n<meta property=\"og:description\" content=\"[vc_section full_width=&#8221;stretch_row&#8221; el_class=&#8221;footer-layout&#8221;][vc_row full_width=&#8221;stretch_row&#8221; column_spacing=&#8221;0px&#8221; equal_height=&#8221;yes&#8221; remove_bottom_col_margin=&#8221;true&#8221; el_class=&#8221;footer-layout__row-1&#8243;][vc_column el_class=&#8221;col-1&#8243;][vc_column_text el_class=&#8221;fmr-text&#8221;]Sabemos que los rostros de gente real son importantes para dar vida a las palabras, hechos, pensamientos, ideas y sentimientos que se encuentran en RMF. Siempre hemos buscado im\u00e1genes que muestren la realidad de la migraci\u00f3n forzada, la trata de personas y la apatridia. RMF se&hellip;\" \/>\n<meta property=\"og:url\" content=\"https:\/\/www.fmreview.org\/es\/politica-fotografias\/\" \/>\n<meta property=\"og:site_name\" content=\"Forced Migration Review\" \/>\n<meta property=\"article:modified_time\" content=\"2024-05-16T20:30:02+00:00\" \/>\n<meta name=\"twitter:card\" content=\"summary_large_image\" \/>\n<meta name=\"twitter:label1\" content=\"Est. reading time\" \/>\n\t<meta name=\"twitter:data1\" content=\"2 minutes\" \/>\n<script type=\"application\/ld+json\" class=\"yoast-schema-graph\">{\"@context\":\"https:\/\/schema.org\",\"@graph\":[{\"@type\":\"WebPage\",\"@id\":\"https:\/\/www.fmreview.org\/es\/politica-fotografias\/\",\"url\":\"https:\/\/www.fmreview.org\/es\/politica-fotografias\/\",\"name\":\"Pol\u00edtica en materia de fotograf\u00edas - Forced Migration Review\",\"isPartOf\":{\"@id\":\"https:\/\/www.fmreview.org\/#website\"},\"datePublished\":\"2024-04-11T11:38:57+00:00\",\"dateModified\":\"2024-05-16T20:30:02+00:00\",\"breadcrumb\":{\"@id\":\"https:\/\/www.fmreview.org\/es\/politica-fotografias\/#breadcrumb\"},\"inLanguage\":\"es-ES\",\"potentialAction\":[{\"@type\":\"ReadAction\",\"target\":[\"https:\/\/www.fmreview.org\/es\/politica-fotografias\/\"]}]},{\"@type\":\"BreadcrumbList\",\"@id\":\"https:\/\/www.fmreview.org\/es\/politica-fotografias\/#breadcrumb\",\"itemListElement\":[{\"@type\":\"ListItem\",\"position\":1,\"name\":\"Home\",\"item\":\"https:\/\/www.fmreview.org\/es\/\"},{\"@type\":\"ListItem\",\"position\":2,\"name\":\"Pol\u00edtica en materia de fotograf\u00edas\"}]},{\"@type\":\"WebSite\",\"@id\":\"https:\/\/www.fmreview.org\/#website\",\"url\":\"https:\/\/www.fmreview.org\/\",\"name\":\"Forced Migration Review\",\"description\":\"\",\"publisher\":{\"@id\":\"https:\/\/www.fmreview.org\/#organization\"},\"potentialAction\":[{\"@type\":\"SearchAction\",\"target\":{\"@type\":\"EntryPoint\",\"urlTemplate\":\"https:\/\/www.fmreview.org\/?s={search_term_string}\"},\"query-input\":{\"@type\":\"PropertyValueSpecification\",\"valueRequired\":true,\"valueName\":\"search_term_string\"}}],\"inLanguage\":\"es-ES\"},{\"@type\":\"Organization\",\"@id\":\"https:\/\/www.fmreview.org\/#organization\",\"name\":\"Forced Migration Review\",\"url\":\"https:\/\/www.fmreview.org\/\",\"logo\":{\"@type\":\"ImageObject\",\"inLanguage\":\"es-ES\",\"@id\":\"https:\/\/www.fmreview.org\/#\/schema\/logo\/image\/\",\"url\":\"https:\/\/www.fmreview.org\/wp-content\/uploads\/2024\/02\/FMR_logo1.svg\",\"contentUrl\":\"https:\/\/www.fmreview.org\/wp-content\/uploads\/2024\/02\/FMR_logo1.svg\",\"width\":53,\"height\":62,\"caption\":\"Forced Migration Review\"},\"image\":{\"@id\":\"https:\/\/www.fmreview.org\/#\/schema\/logo\/image\/\"}}]}<\/script>\n<!-- \/ Yoast SEO plugin. -->","yoast_head_json":{"title":"Pol\u00edtica en materia de fotograf\u00edas - Forced Migration Review","robots":{"index":"index","follow":"follow","max-snippet":"max-snippet:-1","max-image-preview":"max-image-preview:large","max-video-preview":"max-video-preview:-1"},"canonical":"https:\/\/www.fmreview.org\/es\/politica-fotografias\/","og_locale":"es_ES","og_type":"article","og_title":"Pol\u00edtica en materia de fotograf\u00edas - Forced Migration Review","og_description":"[vc_section full_width=&#8221;stretch_row&#8221; el_class=&#8221;footer-layout&#8221;][vc_row full_width=&#8221;stretch_row&#8221; column_spacing=&#8221;0px&#8221; equal_height=&#8221;yes&#8221; remove_bottom_col_margin=&#8221;true&#8221; el_class=&#8221;footer-layout__row-1&#8243;][vc_column el_class=&#8221;col-1&#8243;][vc_column_text el_class=&#8221;fmr-text&#8221;]Sabemos que los rostros de gente real son importantes para dar vida a las palabras, hechos, pensamientos, ideas y sentimientos que se encuentran en RMF. Siempre hemos buscado im\u00e1genes que muestren la realidad de la migraci\u00f3n forzada, la trata de personas y la apatridia. RMF se&hellip;","og_url":"https:\/\/www.fmreview.org\/es\/politica-fotografias\/","og_site_name":"Forced Migration Review","article_modified_time":"2024-05-16T20:30:02+00:00","twitter_card":"summary_large_image","twitter_misc":{"Est. reading time":"2 minutes"},"schema":{"@context":"https:\/\/schema.org","@graph":[{"@type":"WebPage","@id":"https:\/\/www.fmreview.org\/es\/politica-fotografias\/","url":"https:\/\/www.fmreview.org\/es\/politica-fotografias\/","name":"Pol\u00edtica en materia de fotograf\u00edas - Forced Migration Review","isPartOf":{"@id":"https:\/\/www.fmreview.org\/#website"},"datePublished":"2024-04-11T11:38:57+00:00","dateModified":"2024-05-16T20:30:02+00:00","breadcrumb":{"@id":"https:\/\/www.fmreview.org\/es\/politica-fotografias\/#breadcrumb"},"inLanguage":"es-ES","potentialAction":[{"@type":"ReadAction","target":["https:\/\/www.fmreview.org\/es\/politica-fotografias\/"]}]},{"@type":"BreadcrumbList","@id":"https:\/\/www.fmreview.org\/es\/politica-fotografias\/#breadcrumb","itemListElement":[{"@type":"ListItem","position":1,"name":"Home","item":"https:\/\/www.fmreview.org\/es\/"},{"@type":"ListItem","position":2,"name":"Pol\u00edtica en materia de fotograf\u00edas"}]},{"@type":"WebSite","@id":"https:\/\/www.fmreview.org\/#website","url":"https:\/\/www.fmreview.org\/","name":"Forced Migration Review","description":"","publisher":{"@id":"https:\/\/www.fmreview.org\/#organization"},"potentialAction":[{"@type":"SearchAction","target":{"@type":"EntryPoint","urlTemplate":"https:\/\/www.fmreview.org\/?s={search_term_string}"},"query-input":{"@type":"PropertyValueSpecification","valueRequired":true,"valueName":"search_term_string"}}],"inLanguage":"es-ES"},{"@type":"Organization","@id":"https:\/\/www.fmreview.org\/#organization","name":"Forced Migration Review","url":"https:\/\/www.fmreview.org\/","logo":{"@type":"ImageObject","inLanguage":"es-ES","@id":"https:\/\/www.fmreview.org\/#\/schema\/logo\/image\/","url":"https:\/\/www.fmreview.org\/wp-content\/uploads\/2024\/02\/FMR_logo1.svg","contentUrl":"https:\/\/www.fmreview.org\/wp-content\/uploads\/2024\/02\/FMR_logo1.svg","width":53,"height":62,"caption":"Forced Migration Review"},"image":{"@id":"https:\/\/www.fmreview.org\/#\/schema\/logo\/image\/"}}]}},"_links":{"self":[{"href":"https:\/\/www.fmreview.org\/es\/wp-json\/wp\/v2\/pages\/1854","targetHints":{"allow":["GET"]}}],"collection":[{"href":"https:\/\/www.fmreview.org\/es\/wp-json\/wp\/v2\/pages"}],"about":[{"href":"https:\/\/www.fmreview.org\/es\/wp-json\/wp\/v2\/types\/page"}],"author":[{"embeddable":true,"href":"https:\/\/www.fmreview.org\/es\/wp-json\/wp\/v2\/users\/6"}],"replies":[{"embeddable":true,"href":"https:\/\/www.fmreview.org\/es\/wp-json\/wp\/v2\/comments?post=1854"}],"version-history":[{"count":3,"href":"https:\/\/www.fmreview.org\/es\/wp-json\/wp\/v2\/pages\/1854\/revisions"}],"predecessor-version":[{"id":3275,"href":"https:\/\/www.fmreview.org\/es\/wp-json\/wp\/v2\/pages\/1854\/revisions\/3275"}],"wp:attachment":[{"href":"https:\/\/www.fmreview.org\/es\/wp-json\/wp\/v2\/media?parent=1854"}],"curies":[{"name":"wp","href":"https:\/\/api.w.org\/{rel}","templated":true}]}}