{"id":1857,"date":"2024-04-11T06:24:17","date_gmt":"2024-04-11T11:24:17","guid":{"rendered":"http:\/\/ready-for-feedback3.com\/shape-history\/fmr\/privacy-policy\/"},"modified":"2024-05-13T05:41:48","modified_gmt":"2024-05-13T10:41:48","slug":"privacidad","status":"publish","type":"page","link":"https:\/\/www.fmreview.org\/es\/privacidad\/","title":{"rendered":"Pol\u00edtica de privacidad"},"content":{"rendered":"<div class=\"wpb-content-wrapper\">[vc_section full_width=&#8221;stretch_row&#8221; el_class=&#8221;footer-layout&#8221;][vc_row full_width=&#8221;stretch_row&#8221; column_spacing=&#8221;0px&#8221; equal_height=&#8221;yes&#8221; remove_bottom_col_margin=&#8221;true&#8221; el_class=&#8221;footer-layout__row-1&#8243;][vc_column el_class=&#8221;col-1&#8243;]<div class=\"vcex-heading vcex-heading-plain vcex-module wpex-heading wpex-text-2xl fmr-heading\"><span class=\"vcex-heading-inner wpex-inline-block\">Pol\u00edtica de privacidad<\/span><\/div>[vc_column_text el_class=&#8221;fmr-text&#8221;]<a href=\"http:\/\/www.fmreview.org\">www.fmreview.org\u00a0<\/a>(\u201cnuestro sitio web\u201d) es administrado por Forced Migration Review, parte del Centro de Estudios sobre Refugiados, que es parte de la Universidad de Oxford. Nos comprometemos a proteger la privacidad y seguridad de su informaci\u00f3n personal (\u201cdatos personales\u201d).<\/p>\n<p><strong>Finalidad de la pol\u00edtica<br \/>\n<\/strong>Esta pol\u00edtica de privacidad describe c\u00f3mo recopilamos y utilizamos sus datos personales durante el uso de nuestro sitio web de conformidad con el Reglamento General de Protecci\u00f3n de Datos (RGPD) y la legislaci\u00f3n de protecci\u00f3n de datos asociada. Al visitar nuestro sitio usted est\u00e1 aceptando y consintiendo las pr\u00e1cticas descritas en esta pol\u00edtica.<\/p>\n<p>Es importante que lea esta pol\u00edtica, junto con cualquier otra pol\u00edtica de privacidad que podamos proporcionar en ocasiones espec\u00edficas cuando recopilamos o tratamos informaci\u00f3n sobre usted, para que sepa c\u00f3mo y por qu\u00e9 estamos utilizando sus datos personales.<\/p>\n<p><strong>Glosario<br \/>\n<\/strong>Cuando nos referimos en esta pol\u00edtica a sus \u201cdatos personales\u201d, nos referimos a cualquier informaci\u00f3n registrada que trate de usted y mediante la que pueda ser identificado. No incluye datos donde su identidad ha sido eliminada (datos an\u00f3nimos).<\/p>\n<p>Cuando nos referimos al &#8220;tratamiento&#8221; de sus datos personales, nos referimos a cualquier cosa que hagamos con esa informaci\u00f3n, incluida la recopilaci\u00f3n, el uso, el almacenamiento, la divulgaci\u00f3n o la retenci\u00f3n.<\/p>\n<p><strong>\u00bfQui\u00e9n est\u00e1 usando sus datos personales?<br \/>\n<\/strong>La Universidad de Oxford (cuyo t\u00edtulo legal es \u201cthe Chancellor, Masters and Scholars of the University of Oxford\u201d) es el &#8220;controlador de datos&#8221; de la informaci\u00f3n que nos proporciona al visitar nuestro sitio web. Esto significa que decidimos c\u00f3mo usarla y somos responsables de cuidarla de acuerdo con el RGPD.<\/p>\n<p>El acceso a sus datos personales dentro de la universidad se proporcionar\u00e1 a aquellos empleados que necesiten verlo como parte de su trabajo en relaci\u00f3n con el funcionamiento de este sitio web. Tambi\u00e9n se compartir\u00e1 con los terceros que se describen m\u00e1s abajo.<\/p>\n<p><strong>Tipos de datos que recopilamos sobre usted<br \/>\n<\/strong>Cuando use nuestro sitio, recopilaremos, almacenaremos y utilizaremos las siguientes categor\u00edas de datos:<\/p>\n<p><strong>Datos que usted nos proporciona<\/strong><u><br \/>\n<\/u>Puede darnos datos sobre usted, incluyendo:<\/p>\n<ul>\n<li>Su nombre<\/li>\n<li>Su trabajo y departamento<\/li>\n<li>Su organizaci\u00f3n<\/li>\n<li>Su direcci\u00f3n postal<\/li>\n<li>Su pa\u00eds<\/li>\n<li>Su direcci\u00f3n de correo electr\u00f3nico<\/li>\n<li>Su n\u00famero de tel\u00e9fono<\/li>\n<li>El sitio web de su organizaci\u00f3n<\/li>\n<\/ul>\n<p><strong>Datos que recopilamos sobre usted<\/strong><u><br \/>\n<\/u>Si visita nuestro sitio web, recopilaremos autom\u00e1ticamente cierta informaci\u00f3n t\u00e9cnica. Para obtener m\u00e1s detalles, consulte la informaci\u00f3n \u201cC\u00f3mo utilizamos las cookies\u201d.<\/p>\n<p><strong>Cu\u00e1ndo recopilamos sus datos<br \/>\n<\/strong>La gran mayor\u00eda de los datos sobre usted los recopilaremos cuando solicite recibir alertas por correo electr\u00f3nico, se comunique con nosotros por tel\u00e9fono, correo electr\u00f3nico o de otro modo, solicite recibir copias impresas de la Revista Migraciones Forzadas o contacte con nosotros para informar sobre un problema con nuestro sitio web.<\/p>\n<p><strong>C\u00f3mo usamos sus datos<br \/>\n<\/strong>Sus datos son tratados por una o m\u00e1s de las siguientes razones:<\/p>\n<ul>\n<li>Para proporcionarle los productos que ha solicitado, como por ejemplo para enviarle copias impresas de nuestra publicaci\u00f3n que ha solicitado recibir.<\/li>\n<li>Para enviarle publicidad u otros tipos de comunicaci\u00f3n por correo electr\u00f3nico, como por ejemplo alertas por correo electr\u00f3nico sobre llamadas de art\u00edculos para pr\u00f3ximos n\u00fameros, avisos de cu\u00e1ndo se publican nuevos n\u00fameros y otros correos ocasionales relacionados con noticias y desarrollo.<\/li>\n<\/ul>\n<p>Este tratamiento es necesario para cumplir con nuestras obligaciones contractuales con usted o para tomar medidas solicitadas por usted antes de suscribir un contrato. La informaci\u00f3n tratada para este prop\u00f3sito incluye, pero no est\u00e1 limitada a:<\/p>\n<ul>\n<li>Su nombre<\/li>\n<li>Su trabajo y departamento<\/li>\n<li>Su organizaci\u00f3n<\/li>\n<li>Su direcci\u00f3n postal<\/li>\n<li>Su pa\u00eds<\/li>\n<li>Su direcci\u00f3n de correo electr\u00f3nico<\/li>\n<li>Su n\u00famero de tel\u00e9fono<\/li>\n<li>El sitio web de su organizaci\u00f3n<\/li>\n<\/ul>\n<p>Hacemos esto solo cuando usted ha indicado espec\u00edficamente que acepta recibir dichas comunicaciones, por ejemplo, cumplimentando nuestros formularios web o indicando en su correspondencia por correo electr\u00f3nico que desea recibir alertas o copias impresas. Puede retirar su consentimiento en cualquier momento poni\u00e9ndose en contacto con nosotros en <a href=\"mailto:fmr@qeh.ox.ac.uk\">fmr@qeh.ox.ac.uk<\/a>. En este caso, detendremos cualquier tratamiento tan pronto como podamos. Sin embargo, esto no afectar\u00e1 la legalidad de cualquier tratamiento llevado a cabo antes de que retire su consentimiento.<\/p>\n<p>Si usted es donante de RMF, hacer una donaci\u00f3n har\u00e1 que sus datos de donante se almacenen en el Sistema de Desarrollo y Relaciones con Egresados (DARS) de la Universidad de Oxford. Consulte la p\u00e1gina de <a href=\"https:\/\/www.campaign.ox.ac.uk\/privacy-notice\" target=\"_blank\" rel=\"noopener\">Protecci\u00f3n de datos<\/a> para obtener m\u00e1s informaci\u00f3n sobre la pol\u00edtica de protecci\u00f3n de datos de la Fundaci\u00f3n para el\u00a0Desarrollo (OUDT) de la Universidad de Oxford .<\/p>\n<p><strong>Cambio de prop\u00f3sito<br \/>\n<\/strong>Solo utilizaremos sus datos para los fines para los que los recopilamos, a menos que consideremos razonablemente que debemos usarlos por otro motivo relacionado y que la raz\u00f3n sea compatible con el prop\u00f3sito original. Si necesitamos utilizar sus datos para un prop\u00f3sito no relacionado, solicitaremos su consentimiento para utilizarlo con ese nuevo prop\u00f3sito. Tenga en cuenta que podemos tratar sus datos sin su conocimiento o consentimiento, de conformidad con las reglas anteriores, cuando as\u00ed lo exija o lo permita la ley.<\/p>\n<p><strong>Compartir sus datos con terceros<br \/>\n<\/strong>Todos nuestros proveedores de servicios externos (por ejemplo, GoldMine y Adestra) deben tomar las medidas de seguridad adecuadas para proteger sus datos de acuerdo con nuestras pol\u00edticas. No les permitimos usar sus datos para sus propios fines. Les permitimos tratar sus datos solo para fines espec\u00edficos y de acuerdo con nuestras instrucciones.<\/p>\n<p>Tambi\u00e9n podemos compartir sus datos personales con terceros si tenemos la obligaci\u00f3n de divulgar o compartir sus datos personales con el fin de cumplir con cualquier obligaci\u00f3n legal, o para hacer cumplir o aplicar nuestros t\u00e9rminos de uso del sitio o para proteger los derechos, propiedad o seguridad de nuestro sitio, nuestros usuarios y otros.<\/p>\n<p>Cuando sus datos se comparten con terceros, intentaremos compartir la cantidad m\u00ednima necesaria.<\/p>\n<p><strong>D\u00f3nde almacenamos o utilizamos sus datos<br \/>\n<\/strong>Podemos almacenar los datos recopilados por el sitio web de forma manual o electr\u00f3nica. Los datos se almacenan en nuestros servidores seguros y\/o en nuestras instalaciones en el Reino Unido.<\/p>\n<p>En ocasiones, podemos transferir sus datos fuera del Espacio Econ\u00f3mico Europeo (EEE), por ejemplo, cuando nos comunicamos con usted mediante un proveedor de servicios basado en la nube que opera fuera del EEE, como Adestra. Dichas transferencias solo se llevar\u00e1n a cabo si se cumple una de las siguientes condiciones:<\/p>\n<ul>\n<li>la UE considera que el pa\u00eds que recibe los datos proporciona un nivel adecuado de protecci\u00f3n de datos;<\/li>\n<li>la organizaci\u00f3n que recibe los datos est\u00e1 cubierta por un acuerdo reconocido por la UE como proveedora de un nivel adecuado de protecci\u00f3n de datos, por ejemplo transferencias a empresas que est\u00e1n certificadas bajo el Escudo de Privacidad UE-EEUU;<\/li>\n<li>la transferencia se rige por cl\u00e1usulas contractuales aprobadas;<\/li>\n<li>la transferencia tiene su consentimiento;<\/li>\n<li>la transferencia es necesaria para la ejecuci\u00f3n de un contrato con usted o para tomar los pasos solicitados por usted antes de celebrar dicho contrato; o<\/li>\n<li>la transferencia es necesaria para la ejecuci\u00f3n de un contrato con otra persona, lo cual es de su inter\u00e9s.<\/li>\n<\/ul>\n<p>Lamentablemente, la transferencia de informaci\u00f3n a trav\u00e9s de Internet no es completamente segura. Aunque haremos nuestro mejor esfuerzo para proteger sus datos personales, no podemos garantizar la seguridad de los datos transferidos al sitio web y cualquier transferencia es bajo su propio riesgo.<\/p>\n<p><strong>Sitios web de terceros<br \/>\n<\/strong>Nuestro sitio contiene enlaces a y desde varios sitios web de terceros. Si sigue un enlace a cualquiera de estos sitios web, tenga en cuenta que estos sitios web tienen sus propias pol\u00edticas de privacidad y que no aceptamos responsabilidad alguna por estas pol\u00edticas. Consulte estas pol\u00edticas antes de enviar datos personales a esos sitios web.<\/p>\n<p><strong>Conservaci\u00f3n de sus datos<br \/>\n<\/strong>Solo conservaremos sus datos durante el tiempo que los necesitemos para cumplir nuestros prop\u00f3sitos, incluidos los relacionados con los requisitos legales, contables o de informes.<\/p>\n<p><strong>Sus derechos<br \/>\n<\/strong>En determinadas circunstancias, por ley, usted tiene derecho a:<\/p>\n<ul>\n<li>Solicitar acceso a sus datos (com\u00fanmente conocido como &#8220;solicitud de acceso a datos personales&#8221;). Esto le permite recibir una copia de sus datos y verificar que los estamos tratando legalmente.<\/li>\n<li>Solicitar la correcci\u00f3n de sus datos. Esto le permite solicitarnos que corrijamos cualquier informaci\u00f3n incompleta o inexacta que tengamos sobre usted.<\/li>\n<li>Solicitar el borrado de sus datos. Esto le permite solicitarnos que eliminemos sus datos cuando no haya una buena raz\u00f3n para continuar trat\u00e1ndolos. Tambi\u00e9n tiene derecho a solicitarnos que borremos o eliminemos sus datos cuando haya ejercido su derecho a oponerse al tratamiento (ver m\u00e1s adelante).<\/li>\n<li>Objetar el tratamiento de sus datos cuando bas\u00e1ndonos en nuestros intereses leg\u00edtimos (o los de un tercero) haya algo acerca de su situaci\u00f3n particular que motive que desee oponerse al tratamiento por ese motivo. Tambi\u00e9n tiene derecho a objetar d\u00f3nde tratamos sus datos para fines de marketing directo.<\/li>\n<li>Solicitar la restricci\u00f3n del tratamiento de sus datos. Esto le permite solicitarnos que suspendamos el tratamiento de sus datos, por ejemplo, si desea que establezcamos su exactitud o el motivo para tratarlos.<\/li>\n<li>Solicitar la transferencia de sus datos a otra parte.<\/li>\n<\/ul>\n<p>Dependiendo de las circunstancias y la naturaleza de su solicitud, es posible que no podamos hacer lo que nos pide, por ejemplo, cuando exista un requisito legal o contractual para que tratemos sus datos y no ser\u00eda posible cumplir con nuestras obligaciones legales si no lo hici\u00e9ramos. Sin embargo, cuando haya dado su consentimiento para el tratamiento (por ejemplo, cuando nos haya pedido que nos comuniquemos con usted con fines de marketing) puede retirar su consentimiento en cualquier momento envi\u00e1ndonos un correo electr\u00f3nico a <a href=\"mailto:fmr@qeh.ox.ac.uk\">fmr@qeh.ox.ac.uk<\/a>. En este caso, detendremos el tratamiento tan pronto como podamos. Sin embargo, esto no afectar\u00e1 la legalidad de cualquier tratamiento llevado a cabo antes de que retire su consentimiento.<\/p>\n<p>Si desea ejercer alguno de los derechos descritos anteriormente o no est\u00e1 satisfecho con la forma en que hemos utilizado su informaci\u00f3n, debe contactar al equipo de Cumplimiento de Informaci\u00f3n de la Universidad en <a href=\"mailto:data.protection@admin.ox.ac.uk\">data.protection@admin.ox.ac.uk<\/a>. Puede contactar en la misma direcci\u00f3n de correo electr\u00f3nico con el Oficial de Protecci\u00f3n de Datos de la Universidad. Trataremos de atender su solicitud sin demoras indebidas y, en cualquier caso, de conformidad con los requisitos del RGPD. Tenga en cuenta que podemos mantener un registro de sus comunicaciones para ayudarnos a resolver cualquier problema que plantee.<\/p>\n<p>Si no est\u00e1 satisfecho, tiene derecho a presentar una queja ante la Oficina del Comisionado de Informaci\u00f3n en <a href=\"https:\/\/ico.org.uk\/concerns\/\">https:\/\/ico.org.uk\/concerns\/<\/a>.<\/p>\n<p><strong>Cambios en esta pol\u00edtica<br \/>\n<\/strong>Cualquier cambio que realicemos en nuestra pol\u00edtica de privacidad en el futuro se publicar\u00e1 en esta p\u00e1gina. Vuelva a consultarla con frecuencia para ver las actualizaciones o cambios en nuestra pol\u00edtica de privacidad. Tambi\u00e9n es posible que le notifiquemos de otras maneras ocasionalmente sobre el tratamiento de su informaci\u00f3n personal.<\/p>\n<p><strong>Contacto<br \/>\n<\/strong>Si desea formular alguna consulta o inquietud sobre esta pol\u00edtica de privacidad, cont\u00e1ctenos en:<\/p>\n<p>Las editoras<br \/>\nForced Migration Review<br \/>\nRefugee Studies Centre<br \/>\nOxford Department of International Development<br \/>\n3 Mansfield Road<br \/>\nOxford<br \/>\nOX1 3TB[\/vc_column_text][\/vc_column][\/vc_row][\/vc_section]\n<\/div>","protected":false},"excerpt":{"rendered":"<p>[vc_section full_width=&#8221;stretch_row&#8221; el_class=&#8221;footer-layout&#8221;][vc_row full_width=&#8221;stretch_row&#8221; column_spacing=&#8221;0px&#8221; equal_height=&#8221;yes&#8221; remove_bottom_col_margin=&#8221;true&#8221; el_class=&#8221;footer-layout__row-1&#8243;][vc_column el_class=&#8221;col-1&#8243;][vc_column_text el_class=&#8221;fmr-text&#8221;]www.fmreview.org\u00a0(\u201cnuestro sitio web\u201d) es administrado por Forced Migration Review, parte del Centro de Estudios sobre Refugiados, que es parte de la Universidad de Oxford. Nos comprometemos a proteger la privacidad y seguridad de su informaci\u00f3n personal (\u201cdatos personales\u201d). Finalidad de la pol\u00edtica Esta pol\u00edtica de privacidad&hellip;<\/p>\n","protected":false},"author":6,"featured_media":0,"parent":0,"menu_order":0,"comment_status":"closed","ping_status":"closed","template":"","meta":{"_acf_changed":false,"inline_featured_image":false,"footnotes":""},"class_list":["post-1857","page","type-page","status-publish","hentry","entry","no-media"],"acf":[],"yoast_head":"<!-- This site is optimized with the Yoast SEO plugin v26.7 - https:\/\/yoast.com\/wordpress\/plugins\/seo\/ -->\n<title>Pol\u00edtica de privacidad - Forced Migration Review<\/title>\n<meta name=\"robots\" content=\"index, follow, max-snippet:-1, max-image-preview:large, max-video-preview:-1\" \/>\n<link rel=\"canonical\" href=\"https:\/\/www.fmreview.org\/es\/privacidad\/\" \/>\n<meta property=\"og:locale\" content=\"es_ES\" \/>\n<meta property=\"og:type\" content=\"article\" \/>\n<meta property=\"og:title\" content=\"Pol\u00edtica de privacidad - Forced Migration Review\" \/>\n<meta property=\"og:description\" content=\"[vc_section full_width=&#8221;stretch_row&#8221; el_class=&#8221;footer-layout&#8221;][vc_row full_width=&#8221;stretch_row&#8221; column_spacing=&#8221;0px&#8221; equal_height=&#8221;yes&#8221; remove_bottom_col_margin=&#8221;true&#8221; el_class=&#8221;footer-layout__row-1&#8243;][vc_column el_class=&#8221;col-1&#8243;][vc_column_text el_class=&#8221;fmr-text&#8221;]www.fmreview.org\u00a0(\u201cnuestro sitio web\u201d) es administrado por Forced Migration Review, parte del Centro de Estudios sobre Refugiados, que es parte de la Universidad de Oxford. Nos comprometemos a proteger la privacidad y seguridad de su informaci\u00f3n personal (\u201cdatos personales\u201d). Finalidad de la pol\u00edtica Esta pol\u00edtica de privacidad&hellip;\" \/>\n<meta property=\"og:url\" content=\"https:\/\/www.fmreview.org\/es\/privacidad\/\" \/>\n<meta property=\"og:site_name\" content=\"Forced Migration Review\" \/>\n<meta property=\"article:modified_time\" content=\"2024-05-13T10:41:48+00:00\" \/>\n<meta name=\"twitter:card\" content=\"summary_large_image\" \/>\n<meta name=\"twitter:label1\" content=\"Est. reading time\" \/>\n\t<meta name=\"twitter:data1\" content=\"10 minutes\" \/>\n<script type=\"application\/ld+json\" class=\"yoast-schema-graph\">{\"@context\":\"https:\/\/schema.org\",\"@graph\":[{\"@type\":\"WebPage\",\"@id\":\"https:\/\/www.fmreview.org\/es\/privacidad\/\",\"url\":\"https:\/\/www.fmreview.org\/es\/privacidad\/\",\"name\":\"Pol\u00edtica de privacidad - Forced Migration Review\",\"isPartOf\":{\"@id\":\"https:\/\/www.fmreview.org\/#website\"},\"datePublished\":\"2024-04-11T11:24:17+00:00\",\"dateModified\":\"2024-05-13T10:41:48+00:00\",\"breadcrumb\":{\"@id\":\"https:\/\/www.fmreview.org\/es\/privacidad\/#breadcrumb\"},\"inLanguage\":\"es-ES\",\"potentialAction\":[{\"@type\":\"ReadAction\",\"target\":[\"https:\/\/www.fmreview.org\/es\/privacidad\/\"]}]},{\"@type\":\"BreadcrumbList\",\"@id\":\"https:\/\/www.fmreview.org\/es\/privacidad\/#breadcrumb\",\"itemListElement\":[{\"@type\":\"ListItem\",\"position\":1,\"name\":\"Home\",\"item\":\"https:\/\/www.fmreview.org\/es\/\"},{\"@type\":\"ListItem\",\"position\":2,\"name\":\"Pol\u00edtica de privacidad\"}]},{\"@type\":\"WebSite\",\"@id\":\"https:\/\/www.fmreview.org\/#website\",\"url\":\"https:\/\/www.fmreview.org\/\",\"name\":\"Forced Migration Review\",\"description\":\"\",\"publisher\":{\"@id\":\"https:\/\/www.fmreview.org\/#organization\"},\"potentialAction\":[{\"@type\":\"SearchAction\",\"target\":{\"@type\":\"EntryPoint\",\"urlTemplate\":\"https:\/\/www.fmreview.org\/?s={search_term_string}\"},\"query-input\":{\"@type\":\"PropertyValueSpecification\",\"valueRequired\":true,\"valueName\":\"search_term_string\"}}],\"inLanguage\":\"es-ES\"},{\"@type\":\"Organization\",\"@id\":\"https:\/\/www.fmreview.org\/#organization\",\"name\":\"Forced Migration Review\",\"url\":\"https:\/\/www.fmreview.org\/\",\"logo\":{\"@type\":\"ImageObject\",\"inLanguage\":\"es-ES\",\"@id\":\"https:\/\/www.fmreview.org\/#\/schema\/logo\/image\/\",\"url\":\"https:\/\/www.fmreview.org\/wp-content\/uploads\/2024\/02\/FMR_logo1.svg\",\"contentUrl\":\"https:\/\/www.fmreview.org\/wp-content\/uploads\/2024\/02\/FMR_logo1.svg\",\"width\":53,\"height\":62,\"caption\":\"Forced Migration Review\"},\"image\":{\"@id\":\"https:\/\/www.fmreview.org\/#\/schema\/logo\/image\/\"}}]}<\/script>\n<!-- \/ Yoast SEO plugin. -->","yoast_head_json":{"title":"Pol\u00edtica de privacidad - Forced Migration Review","robots":{"index":"index","follow":"follow","max-snippet":"max-snippet:-1","max-image-preview":"max-image-preview:large","max-video-preview":"max-video-preview:-1"},"canonical":"https:\/\/www.fmreview.org\/es\/privacidad\/","og_locale":"es_ES","og_type":"article","og_title":"Pol\u00edtica de privacidad - Forced Migration Review","og_description":"[vc_section full_width=&#8221;stretch_row&#8221; el_class=&#8221;footer-layout&#8221;][vc_row full_width=&#8221;stretch_row&#8221; column_spacing=&#8221;0px&#8221; equal_height=&#8221;yes&#8221; remove_bottom_col_margin=&#8221;true&#8221; el_class=&#8221;footer-layout__row-1&#8243;][vc_column el_class=&#8221;col-1&#8243;][vc_column_text el_class=&#8221;fmr-text&#8221;]www.fmreview.org\u00a0(\u201cnuestro sitio web\u201d) es administrado por Forced Migration Review, parte del Centro de Estudios sobre Refugiados, que es parte de la Universidad de Oxford. Nos comprometemos a proteger la privacidad y seguridad de su informaci\u00f3n personal (\u201cdatos personales\u201d). Finalidad de la pol\u00edtica Esta pol\u00edtica de privacidad&hellip;","og_url":"https:\/\/www.fmreview.org\/es\/privacidad\/","og_site_name":"Forced Migration Review","article_modified_time":"2024-05-13T10:41:48+00:00","twitter_card":"summary_large_image","twitter_misc":{"Est. reading time":"10 minutes"},"schema":{"@context":"https:\/\/schema.org","@graph":[{"@type":"WebPage","@id":"https:\/\/www.fmreview.org\/es\/privacidad\/","url":"https:\/\/www.fmreview.org\/es\/privacidad\/","name":"Pol\u00edtica de privacidad - Forced Migration Review","isPartOf":{"@id":"https:\/\/www.fmreview.org\/#website"},"datePublished":"2024-04-11T11:24:17+00:00","dateModified":"2024-05-13T10:41:48+00:00","breadcrumb":{"@id":"https:\/\/www.fmreview.org\/es\/privacidad\/#breadcrumb"},"inLanguage":"es-ES","potentialAction":[{"@type":"ReadAction","target":["https:\/\/www.fmreview.org\/es\/privacidad\/"]}]},{"@type":"BreadcrumbList","@id":"https:\/\/www.fmreview.org\/es\/privacidad\/#breadcrumb","itemListElement":[{"@type":"ListItem","position":1,"name":"Home","item":"https:\/\/www.fmreview.org\/es\/"},{"@type":"ListItem","position":2,"name":"Pol\u00edtica de privacidad"}]},{"@type":"WebSite","@id":"https:\/\/www.fmreview.org\/#website","url":"https:\/\/www.fmreview.org\/","name":"Forced Migration Review","description":"","publisher":{"@id":"https:\/\/www.fmreview.org\/#organization"},"potentialAction":[{"@type":"SearchAction","target":{"@type":"EntryPoint","urlTemplate":"https:\/\/www.fmreview.org\/?s={search_term_string}"},"query-input":{"@type":"PropertyValueSpecification","valueRequired":true,"valueName":"search_term_string"}}],"inLanguage":"es-ES"},{"@type":"Organization","@id":"https:\/\/www.fmreview.org\/#organization","name":"Forced Migration Review","url":"https:\/\/www.fmreview.org\/","logo":{"@type":"ImageObject","inLanguage":"es-ES","@id":"https:\/\/www.fmreview.org\/#\/schema\/logo\/image\/","url":"https:\/\/www.fmreview.org\/wp-content\/uploads\/2024\/02\/FMR_logo1.svg","contentUrl":"https:\/\/www.fmreview.org\/wp-content\/uploads\/2024\/02\/FMR_logo1.svg","width":53,"height":62,"caption":"Forced Migration Review"},"image":{"@id":"https:\/\/www.fmreview.org\/#\/schema\/logo\/image\/"}}]}},"_links":{"self":[{"href":"https:\/\/www.fmreview.org\/es\/wp-json\/wp\/v2\/pages\/1857","targetHints":{"allow":["GET"]}}],"collection":[{"href":"https:\/\/www.fmreview.org\/es\/wp-json\/wp\/v2\/pages"}],"about":[{"href":"https:\/\/www.fmreview.org\/es\/wp-json\/wp\/v2\/types\/page"}],"author":[{"embeddable":true,"href":"https:\/\/www.fmreview.org\/es\/wp-json\/wp\/v2\/users\/6"}],"replies":[{"embeddable":true,"href":"https:\/\/www.fmreview.org\/es\/wp-json\/wp\/v2\/comments?post=1857"}],"version-history":[{"count":3,"href":"https:\/\/www.fmreview.org\/es\/wp-json\/wp\/v2\/pages\/1857\/revisions"}],"predecessor-version":[{"id":2812,"href":"https:\/\/www.fmreview.org\/es\/wp-json\/wp\/v2\/pages\/1857\/revisions\/2812"}],"wp:attachment":[{"href":"https:\/\/www.fmreview.org\/es\/wp-json\/wp\/v2\/media?parent=1857"}],"curies":[{"name":"wp","href":"https:\/\/api.w.org\/{rel}","templated":true}]}}