{"id":874,"date":"2024-03-04T01:39:53","date_gmt":"2024-03-04T06:39:53","guid":{"rendered":"http:\/\/ready-for-feedback3.com\/shape-history\/fmr\/about-fmr\/"},"modified":"2025-09-17T04:24:53","modified_gmt":"2025-09-17T09:24:53","slug":"about-fmr","status":"publish","type":"page","link":"https:\/\/www.fmreview.org\/es\/about-fmr\/","title":{"rendered":"Acerca de RMF"},"content":{"rendered":"<div class=\"wpb-content-wrapper\">[vc_section full_width=&#8221;stretch_row&#8221; el_class=&#8221;about&#8221;][vc_row full_width=&#8221;stretch_row_content&#8221; content_placement=&#8221;middle&#8221; column_spacing=&#8221;0px&#8221; equal_height=&#8221;yes&#8221; remove_bottom_col_margin=&#8221;true&#8221; el_class=&#8221;about__row-1&#8243;][vc_column width=&#8221;1\/2&#8243; el_class=&#8221;col-1&#8243;]<div class=\"vcex-heading vcex-heading-plain vcex-module wpex-heading wpex-text-2xl fmr-heading\"><span class=\"vcex-heading-inner wpex-inline-block\">Fomentando debates para mejorar la respuesta al desplazamiento<\/span><\/div>[vc_column_text el_class=&#8221;fmr-text&#8221;]La Revista Migraciones Forzadas (RMF) re\u00fane a autores diversos y expertos, en particular, a personas que han experimentado un desplazamiento forzado, para promover debates y aprendizajes pr\u00e1cticos que puedan mejorar la situaci\u00f3n de las personas desplazadas por la fuerza.<\/p>\n<p>Durante m\u00e1s de 30 a\u00f1os, RMF ha vehiculado el di\u00e1logo entre profesionales, acad\u00e9micos y responsables de la formulaci\u00f3n de pol\u00edticas sobre temas emergentes en materia de migraci\u00f3n y desplazamientos.<\/p>\n<p>Se puede acceder a nuestra revista insignia de manera gratuita en ingl\u00e9s, \u00e1rabe, franc\u00e9s y espa\u00f1ol, tanto en l\u00ednea y en formato impreso, as\u00ed como a contenido audiovisual relacionado en l\u00ednea.[\/vc_column_text][\/vc_column][vc_column width=&#8221;1\/2&#8243; css=&#8221;.vc_custom_1713880040548{background-image: url(\/wp-content\/uploads\/2024\/04\/RF1207719__MG_2453-min-scaled-e1713879854386.jpg?id=1984) !important;}&#8221; el_class=&#8221;col-2&#8243;][vc_column_text el_class=&#8221;credit-image&#8221;]Varias personas huyen del conflicto en Ucrania oriental y montan en un tren en la estaci\u00f3n de Le\u00f3polis. Autor\u00eda: ACNUR y Valerio Muscella[\/vc_column_text][\/vc_column][\/vc_row][vc_row full_width=&#8221;stretch_row&#8221; content_placement=&#8221;middle&#8221; column_spacing=&#8221;0px&#8221; equal_height=&#8221;yes&#8221; remove_bottom_col_margin=&#8221;true&#8221; el_class=&#8221;about__row-2&#8243; css=&#8221;.vc_custom_1711372903116{background-position: center !important;background-repeat: no-repeat !important;background-size: contain !important;}&#8221; wpex_bg_position=&#8221;100% 50%&#8221;][vc_column][vc_row_inner equal_height=&#8221;yes&#8221; remove_bottom_col_margin=&#8221;true&#8221; el_class=&#8221;inner-row&#8221;][vc_column_inner el_class=&#8221;col-1&#8243; width=&#8221;5\/12&#8243;]<div class=\"vcex-heading vcex-heading-plain vcex-module wpex-heading wpex-text-2xl fmr-heading\"><span class=\"vcex-heading-inner wpex-inline-block\">Prioridades de RMF<\/span><\/div>[vc_column_text el_class=&#8221;fmr-text&#8221;]RMF prioriza la inclusi\u00f3n y el impacto. Nuestros programas llevan estas prioridades a la pr\u00e1ctica.[\/vc_column_text][\/vc_column_inner][vc_column_inner el_class=&#8221;col-2&#8243; width=&#8221;7\/12&#8243;]<style>.vcex-image-banner.vcex_69db26117eeb1{min-height:36rem;width:280px;}.vcex-image-banner.vcex_69db26117eeb1 .vcex-ib-content-wrap{padding:20px;}.vcex-image-banner.vcex_69db26117eeb1 .vcex-ib-content{max-width:280px;}.vcex-image-banner.vcex_69db26117eeb1 .vcex-ib-overlay-bg{background-color:#002147;opacity:1;}.vcex-image-banner.vcex_69db26117eeb1 .vcex-ib-title{color:#ffffff;font-size:24px;}@media (max-width:1024px){.vcex-image-banner.vcex_69db26117eeb1 .vcex-ib-title{font-size:24px;}}@media (max-width:959px){.vcex-image-banner.vcex_69db26117eeb1 .vcex-ib-title{font-size:24px;}}@media (max-width:767px){.vcex-image-banner.vcex_69db26117eeb1 .vcex-ib-title{font-size:18px;}}@media (max-width:479px){.vcex-image-banner.vcex_69db26117eeb1 .vcex-ib-title{font-size:18px;}}<\/style><div class=\"vcex-module vcex-image-banner wpex-flex wpex-flex-col wpex-w-100 wpex-justify-start wpex-relative wpex-overflow-hidden wpex-bg-gray-900 wpex-text-white wpex-hover-text-white wpex-max-w-100 wpex-mr-auto wpex-text-left wpex-shadow-none vcex-has-button box-1 vcex_69db26117eeb1\"><div class=\"vcex-ib-content-wrap wpex-w-100 wpex-transition-all wpex-duration-500 wpex-py-100 wpex-px-40 wpex-relative\"><div class=\"vcex-ib-content wpex-mr-auto\"><div class=\"vcex-ib-title wpex-heading\">Inclusi\u00f3n<\/div><div class=\"vcex-ib-caption wpex-text-lg wpex-last-mb-0 wpex-pb-10\">Nuestro programa de inclusi\u00f3n permite a autores y lectores de todo el mundo acceder a RMF. Entre sus actividades, cabe destacar proporcionar apoyo editorial, mentor\u00edas y accesibilidad ling\u00fc\u00edstica en todas las etapas del ciclo de publicaci\u00f3n.<\/div><div class=\"vcex-ib-button\"><a href=\"#\" class=\"vcex-ib-button-inner theme-button\">M\u00c1S INFORMACI\u00d3N<\/a><\/div><\/div><\/div><\/div><style>.vcex-image-banner.vcex_69db261181292{min-height:36rem;width:280px;}.vcex-image-banner.vcex_69db261181292 .vcex-ib-content-wrap{padding:20px;}.vcex-image-banner.vcex_69db261181292 .vcex-ib-content{max-width:280px;}.vcex-image-banner.vcex_69db261181292 .vcex-ib-overlay-bg{background-color:#002147;opacity:1;}.vcex-image-banner.vcex_69db261181292 .vcex-ib-title{color:#ffffff;font-size:24px;}@media (max-width:1024px){.vcex-image-banner.vcex_69db261181292 .vcex-ib-title{font-size:24px;}}@media (max-width:959px){.vcex-image-banner.vcex_69db261181292 .vcex-ib-title{font-size:24px;}}@media (max-width:767px){.vcex-image-banner.vcex_69db261181292 .vcex-ib-title{font-size:18px;}}@media (max-width:479px){.vcex-image-banner.vcex_69db261181292 .vcex-ib-title{font-size:18px;}}<\/style><div class=\"vcex-module vcex-image-banner wpex-flex wpex-flex-col wpex-w-100 wpex-justify-start wpex-relative wpex-overflow-hidden wpex-bg-gray-900 wpex-text-white wpex-hover-text-white wpex-max-w-100 wpex-mr-auto wpex-text-left wpex-shadow-none vcex-has-button box-2 vcex_69db261181292\"><div class=\"vcex-ib-content-wrap wpex-w-100 wpex-transition-all wpex-duration-500 wpex-py-100 wpex-px-40 wpex-relative\"><div class=\"vcex-ib-content wpex-mr-auto\"><div class=\"vcex-ib-title wpex-heading\">Impacto<\/div><div class=\"vcex-ib-caption wpex-text-lg wpex-last-mb-0 wpex-pb-10\">Nuestro programa de impacto garantiza que RMF llegue a quienes toman decisiones en todas las \u00e1reas de la respuesta a los desplazamientos forzados y en todo el mundo. Incluye m\u00faltiples formatos de participaci\u00f3n, consultas a la audiencia, mejoras a la accesibilidad y seguimiento del impacto.<\/div><div class=\"vcex-ib-button\"><a href=\"#\" class=\"vcex-ib-button-inner theme-button\">M\u00c1S INFORMACI\u00d3N<\/a><\/div><\/div><\/div><\/div>[\/vc_column_inner][\/vc_row_inner][\/vc_column][\/vc_row][vc_row content_placement=&#8221;middle&#8221; equal_height=&#8221;yes&#8221; remove_bottom_col_margin=&#8221;true&#8221; el_class=&#8221;about__row-3&#8243; css=&#8221;.vc_custom_1711458270135{background: #cceff4 url(\/wp-content\/uploads\/2024\/03\/decor_about_3.svg?id=134) !important;background-position: 0 0 !important;background-repeat: no-repeat !important;}&#8221;][vc_column width=&#8221;1\/2&#8243; el_class=&#8221;col-1&#8243;]<figure class=\"vcex-image vcex-module\"><div class=\"vcex-image-inner wpex-relative wpex-inline-block\"><img width=\"465\" height=\"276\" src=\"https:\/\/www.fmreview.org\/wp-content\/uploads\/2024\/03\/about_3.png\" class=\"vcex-image-img wpex-align-middle\" alt=\"\" loading=\"lazy\" decoding=\"async\" srcset=\"https:\/\/www.fmreview.org\/wp-content\/uploads\/2024\/03\/about_3.png 465w, https:\/\/www.fmreview.org\/wp-content\/uploads\/2024\/03\/about_3-300x178.png 300w\" sizes=\"auto, (max-width: 465px) 100vw, 465px\" \/><\/div><\/figure>[\/vc_column][vc_column width=&#8221;1\/2&#8243; el_class=&#8221;col-2&#8243;]<div class=\"vcex-heading vcex-heading-plain vcex-module wpex-heading wpex-text-2xl fmr-heading\"><span class=\"vcex-heading-inner wpex-inline-block\">Estructura y financiaci\u00f3n de RMF<\/span><\/div>[vc_column_text el_class=&#8221;fmr-text&#8221;]La Revista Migraciones Forzadas (RMF) es una organizaci\u00f3n semiaut\u00f3noma integrada en el Centro de Estudios sobre Refugiados de la Universidad de Oxford. Su revista insignia naci\u00f3 en 1987 como bolet\u00edn de noticias bajo el nombre Refugee Participation Network (o Red de Participaci\u00f3n acerca de las Personas Refugiadas) y reinici\u00f3 sus publicaciones en 1998 bajo el nombre actual.<\/p>\n<p>La Revista Migraciones Forzadas se financia de manera exclusiva con las contribuciones de nuestros generosos <a href=\"https:\/\/www.fmreview.org\/es\/support-fmr\/\">donantes<\/a> p\u00fablicos y privados. El Centro de Estudios sobre Refugiados y la Universidad de Oxford brindan apoyo administrativo.[\/vc_column_text][\/vc_column][\/vc_row][vc_row remove_bottom_col_margin=&#8221;true&#8221; el_class=&#8221;about__row-4&#8243;][vc_column]<div class=\"vcex-heading vcex-heading-plain vcex-module wpex-heading wpex-text-2xl wpex-text-center fmr-heading\"><span class=\"vcex-heading-inner wpex-inline-block\">Equipo y Asesores<\/span><\/div>[vc_tta_tabs shape=&#8221;square&#8221; color=&#8221;white&#8221; alignment=&#8221;center&#8221; active_section=&#8221;1&#8243;][vc_tta_section title=&#8221;El equipo de RMF&#8221; tab_id=&#8221;tab_1&#8243;][vc_column_text]RMF est\u00e1 dirigida por un equipo editorial compuesto por la Directora Editorial y la Editora Adjunta.[\/vc_column_text]<div class=\"vcex-shortcode wpex-clr\"><div id=\"ymc-smart-filter-container-1\" \r\n\t\t\t\t  class=\"ymc-smart-filter-container ymc-filter-910 ymc-loaded-filter ymc-no-filter-layout ymc-post-custom-layout ymc-pagination-numeric data-target-ymc910-1 data-target-ymc1 fmr-team-advisors\" data-loading=\"true\"\r\n\t\t\t\t  data-params='{\"cpt\":\"team_advisors\",\"tax\":\"categories_team\",\"terms\":\"546\",\"default_terms\":\"\",\"exclude_posts\":\"off\",\"choices_posts\":\"\",\"posts_selected\":\"all\",\"preloader_icon\":\"preloader_6\",\"type_pg\":\"numeric\",\"per_page\":\"5\",\"page\":\"1\",\"page_scroll\":\"1\",\"preloader_filters\":\"custom_filters\",\"preloader_filters_rate\":\"0.5\",\"preloader_filters_custom\":\"filter:brightness(0)saturate(100%)invert(71%)sepia(53%)saturate(437%)hue-rotate(110deg)brightness(91%)contrast(95%);\",\"post_animation\":\"\",\"popup_animation\":\"fade-in\",\"letter\":\"\",\"post_layout\":\"post-custom-layout\",\"filter_layout\":\"no-filter-layout\",\"filter_id\":\"910\",\"search\":\"\",\"search_filtered_posts\":\"0\",\"carousel_params\":&quot;&quot;,\"filter_date\":\"\",\"sort_order\":\"\",\"sort_orderby\":\"\",\"meta_key\":\"\",\"meta_query\":\"\",\"date_query\":\"\",\"data_target\":\"data-target-ymc1\",\"target_id\":\"1\",\"page_id\":\"0\"}'><div class=\"container-posts container-post-custom-layout\"><div class=\"post-entry ymc-xs-col-1 ymc-sm-col-2 ymc-md-col-3 ymc-lg-col-3 ymc-xl-col-3 ymc-xxl-col-3 post-custom-layout post-custom-layout-910 post-custom-layout-910-1\"><\/div><\/div><div class=\"ymc-popup-overlay\" style=\"background: #141518e6\"><div class=\"ymc-popup-wrp popup-910 popup-910-1 popup-right\" style=\"transform-origin:right center; width:58rem;height:100%;\"><span class=\"btn-close\" title=\"Close\"><i class=\"fas fa-times\"><\/i><\/span><hr\/><div class=\"popup-entry\"><\/div><\/div><\/div><\/div><\/div>[\/vc_tta_section][vc_tta_section title=&#8221;Consejo Editorial&#8221; tab_id=&#8221;tab_2&#8243;][vc_column_text]El Consejo Editorial de RMF est\u00e1 conformada por distintos expertos en desplazamientos forzados que brindan sus perspectivas y asesoramiento sobre la direcci\u00f3n estrat\u00e9gica y el contenido editorial de RMF.[\/vc_column_text][vc_column_text el_class=&#8221;list-board-members&#8221;]\n<ul>\n<li><strong>Lina Abirafeh<\/strong> \u2013 Lebanese American University<\/li>\n<li><strong>Nina M Birkeland<\/strong> \u2013 Norwegian Refugee Council<\/li>\n<li><strong>Jeff Crisp<\/strong> \u2013 independent consultant<\/li>\n<li><strong>Matthew Gibney<\/strong> &#8211; Director, Refugee Studies Centre, University of Oxford<\/li>\n<li><strong>Lucy Kiama<\/strong> \u2013 HIAS Kenya<\/li>\n<li><strong>Khalid Koser<\/strong> \u2013 Global Community Engagement and Resilience Fund<\/li>\n<li><strong>Erin Mooney<\/strong> \u2013 UN Protection Capacity\/ProCap<\/li>\n<li><strong>Kathrine Starup<\/strong> \u2013 Danish Refugee Council<\/li>\n<li><strong>Madeline Garlick<\/strong> \u2013 UNHCR<\/li>\n<li><strong>Marcia Vera Espinoza<\/strong> \u2013 Queen Margaret University<\/li>\n<li><strong>Richard Williams<\/strong> \u2013 independent consultant<\/li>\n<\/ul>\n[\/vc_column_text][\/vc_tta_section][\/vc_tta_tabs][\/vc_column][\/vc_row][vc_row full_width=&#8221;stretch_row&#8221; content_placement=&#8221;middle&#8221; equal_height=&#8221;yes&#8221; remove_bottom_col_margin=&#8221;true&#8221; el_class=&#8221;about__row-5&#8243; local_scroll_id=&#8221;join-team&#8221; el_id=&#8221;join-team&#8221;][vc_column][vc_row_inner content_placement=&#8221;middle&#8221; remove_bottom_col_margin=&#8221;true&#8221; el_class=&#8221;inner-row&#8221;][vc_column_inner][vc_column_text]\n<h2>\u00danase al equipo de RMF<\/h2>\n<p>\u00bfLe gustar\u00eda ayudar a promover aprendizajes pr\u00e1cticos y debates para mejorar la respuesta al desplazamiento forzado? \u00a1\u00danase a nosotros! RMF alienta en particular a aquellas personas que gozan de la experiencia pertinente, inclusive experiencia vital, a que presentes su solicitud a las vacantes disponibles.<\/p>\n<p><strong>No hay ofertas de trabajo actuales.<\/strong>[\/vc_column_text]<div class=\"vcex-shortcode wpex-clr hidden\"><div id=\"ymc-smart-filter-container-2\" \r\n\t\t\t\t  class=\"ymc-smart-filter-container ymc-filter-916 ymc-loaded-filter ymc-no-filter-layout ymc-post-custom-layout ymc-pagination-numeric data-target-ymc916-2 data-target-ymc2 vacancies\" data-loading=\"true\"\r\n\t\t\t\t  data-params='{\"cpt\":\"vacancies\",\"tax\":\"category\",\"terms\":\"\",\"default_terms\":\"\",\"exclude_posts\":\"off\",\"choices_posts\":\"\",\"posts_selected\":\"all\",\"preloader_icon\":\"preloader_6\",\"type_pg\":\"numeric\",\"per_page\":\"3\",\"page\":\"1\",\"page_scroll\":\"1\",\"preloader_filters\":\"custom_filters\",\"preloader_filters_rate\":\"0.5\",\"preloader_filters_custom\":\"filter:brightness(0)saturate(100%)invert(71%)sepia(53%)saturate(437%)hue-rotate(110deg)brightness(91%)contrast(95%);\",\"post_animation\":\"\",\"popup_animation\":\"normal\",\"letter\":\"\",\"post_layout\":\"post-custom-layout\",\"filter_layout\":\"no-filter-layout\",\"filter_id\":\"916\",\"search\":\"\",\"search_filtered_posts\":\"0\",\"carousel_params\":&quot;&quot;,\"filter_date\":\"\",\"sort_order\":\"\",\"sort_orderby\":\"\",\"meta_key\":\"\",\"meta_query\":\"\",\"date_query\":\"\",\"data_target\":\"data-target-ymc2\",\"target_id\":\"2\",\"page_id\":\"0\"}'><div class=\"container-posts container-post-custom-layout\"><div class=\"post-entry ymc-xs-col-1 ymc-sm-col-1 ymc-md-col-1 ymc-lg-col-1 ymc-xl-col-1 ymc-xxl-col-1 post-custom-layout post-custom-layout-916 post-custom-layout-916-2\"><\/div><\/div><\/div><\/div>[\/vc_column_inner][\/vc_row_inner][\/vc_column][\/vc_row][\/vc_section]\n<\/div>","protected":false},"excerpt":{"rendered":"<p>[vc_section full_width=&#8221;stretch_row&#8221; el_class=&#8221;about&#8221;][vc_row full_width=&#8221;stretch_row_content&#8221; content_placement=&#8221;middle&#8221; column_spacing=&#8221;0px&#8221; equal_height=&#8221;yes&#8221; remove_bottom_col_margin=&#8221;true&#8221; el_class=&#8221;about__row-1&#8243;][vc_column width=&#8221;1\/2&#8243; el_class=&#8221;col-1&#8243;][vc_column_text el_class=&#8221;fmr-text&#8221;]La Revista Migraciones Forzadas (RMF) re\u00fane a autores diversos y expertos, en particular, a personas que han experimentado un desplazamiento forzado, para promover debates y aprendizajes pr\u00e1cticos que puedan mejorar la situaci\u00f3n de las personas desplazadas por la fuerza. Durante m\u00e1s de 30 a\u00f1os,&hellip;<\/p>\n","protected":false},"author":6,"featured_media":0,"parent":0,"menu_order":0,"comment_status":"closed","ping_status":"open","template":"","meta":{"_acf_changed":false,"inline_featured_image":false,"footnotes":""},"class_list":["post-874","page","type-page","status-publish","hentry","entry","no-media"],"acf":[],"yoast_head":"<!-- This site is optimized with the Yoast SEO plugin v26.7 - https:\/\/yoast.com\/wordpress\/plugins\/seo\/ -->\n<title>Acerca de RMF - Forced Migration Review<\/title>\n<meta name=\"robots\" content=\"index, follow, max-snippet:-1, max-image-preview:large, max-video-preview:-1\" \/>\n<link rel=\"canonical\" href=\"https:\/\/www.fmreview.org\/es\/about-fmr\/\" \/>\n<meta property=\"og:locale\" content=\"es_ES\" \/>\n<meta property=\"og:type\" content=\"article\" \/>\n<meta property=\"og:title\" content=\"Acerca de RMF - Forced Migration Review\" \/>\n<meta property=\"og:description\" content=\"[vc_section full_width=&#8221;stretch_row&#8221; el_class=&#8221;about&#8221;][vc_row full_width=&#8221;stretch_row_content&#8221; content_placement=&#8221;middle&#8221; column_spacing=&#8221;0px&#8221; equal_height=&#8221;yes&#8221; remove_bottom_col_margin=&#8221;true&#8221; el_class=&#8221;about__row-1&#8243;][vc_column width=&#8221;1\/2&#8243; el_class=&#8221;col-1&#8243;][vc_column_text el_class=&#8221;fmr-text&#8221;]La Revista Migraciones Forzadas (RMF) re\u00fane a autores diversos y expertos, en particular, a personas que han experimentado un desplazamiento forzado, para promover debates y aprendizajes pr\u00e1cticos que puedan mejorar la situaci\u00f3n de las personas desplazadas por la fuerza. Durante m\u00e1s de 30 a\u00f1os,&hellip;\" \/>\n<meta property=\"og:url\" content=\"https:\/\/www.fmreview.org\/es\/about-fmr\/\" \/>\n<meta property=\"og:site_name\" content=\"Forced Migration Review\" \/>\n<meta property=\"article:modified_time\" content=\"2025-09-17T09:24:53+00:00\" \/>\n<meta name=\"twitter:card\" content=\"summary_large_image\" \/>\n<meta name=\"twitter:label1\" content=\"Est. reading time\" \/>\n\t<meta name=\"twitter:data1\" content=\"3 minutes\" \/>\n<script type=\"application\/ld+json\" class=\"yoast-schema-graph\">{\"@context\":\"https:\/\/schema.org\",\"@graph\":[{\"@type\":\"WebPage\",\"@id\":\"https:\/\/www.fmreview.org\/es\/about-fmr\/\",\"url\":\"https:\/\/www.fmreview.org\/es\/about-fmr\/\",\"name\":\"Acerca de RMF - Forced Migration Review\",\"isPartOf\":{\"@id\":\"https:\/\/www.fmreview.org\/#website\"},\"datePublished\":\"2024-03-04T06:39:53+00:00\",\"dateModified\":\"2025-09-17T09:24:53+00:00\",\"breadcrumb\":{\"@id\":\"https:\/\/www.fmreview.org\/es\/about-fmr\/#breadcrumb\"},\"inLanguage\":\"es-ES\",\"potentialAction\":[{\"@type\":\"ReadAction\",\"target\":[\"https:\/\/www.fmreview.org\/es\/about-fmr\/\"]}]},{\"@type\":\"BreadcrumbList\",\"@id\":\"https:\/\/www.fmreview.org\/es\/about-fmr\/#breadcrumb\",\"itemListElement\":[{\"@type\":\"ListItem\",\"position\":1,\"name\":\"Home\",\"item\":\"https:\/\/www.fmreview.org\/es\/\"},{\"@type\":\"ListItem\",\"position\":2,\"name\":\"Acerca de RMF\"}]},{\"@type\":\"WebSite\",\"@id\":\"https:\/\/www.fmreview.org\/#website\",\"url\":\"https:\/\/www.fmreview.org\/\",\"name\":\"Forced Migration Review\",\"description\":\"\",\"publisher\":{\"@id\":\"https:\/\/www.fmreview.org\/#organization\"},\"potentialAction\":[{\"@type\":\"SearchAction\",\"target\":{\"@type\":\"EntryPoint\",\"urlTemplate\":\"https:\/\/www.fmreview.org\/?s={search_term_string}\"},\"query-input\":{\"@type\":\"PropertyValueSpecification\",\"valueRequired\":true,\"valueName\":\"search_term_string\"}}],\"inLanguage\":\"es-ES\"},{\"@type\":\"Organization\",\"@id\":\"https:\/\/www.fmreview.org\/#organization\",\"name\":\"Forced Migration Review\",\"url\":\"https:\/\/www.fmreview.org\/\",\"logo\":{\"@type\":\"ImageObject\",\"inLanguage\":\"es-ES\",\"@id\":\"https:\/\/www.fmreview.org\/#\/schema\/logo\/image\/\",\"url\":\"https:\/\/www.fmreview.org\/wp-content\/uploads\/2024\/02\/FMR_logo1.svg\",\"contentUrl\":\"https:\/\/www.fmreview.org\/wp-content\/uploads\/2024\/02\/FMR_logo1.svg\",\"width\":53,\"height\":62,\"caption\":\"Forced Migration Review\"},\"image\":{\"@id\":\"https:\/\/www.fmreview.org\/#\/schema\/logo\/image\/\"}}]}<\/script>\n<!-- \/ Yoast SEO plugin. -->","yoast_head_json":{"title":"Acerca de RMF - Forced Migration Review","robots":{"index":"index","follow":"follow","max-snippet":"max-snippet:-1","max-image-preview":"max-image-preview:large","max-video-preview":"max-video-preview:-1"},"canonical":"https:\/\/www.fmreview.org\/es\/about-fmr\/","og_locale":"es_ES","og_type":"article","og_title":"Acerca de RMF - Forced Migration Review","og_description":"[vc_section full_width=&#8221;stretch_row&#8221; el_class=&#8221;about&#8221;][vc_row full_width=&#8221;stretch_row_content&#8221; content_placement=&#8221;middle&#8221; column_spacing=&#8221;0px&#8221; equal_height=&#8221;yes&#8221; remove_bottom_col_margin=&#8221;true&#8221; el_class=&#8221;about__row-1&#8243;][vc_column width=&#8221;1\/2&#8243; el_class=&#8221;col-1&#8243;][vc_column_text el_class=&#8221;fmr-text&#8221;]La Revista Migraciones Forzadas (RMF) re\u00fane a autores diversos y expertos, en particular, a personas que han experimentado un desplazamiento forzado, para promover debates y aprendizajes pr\u00e1cticos que puedan mejorar la situaci\u00f3n de las personas desplazadas por la fuerza. Durante m\u00e1s de 30 a\u00f1os,&hellip;","og_url":"https:\/\/www.fmreview.org\/es\/about-fmr\/","og_site_name":"Forced Migration Review","article_modified_time":"2025-09-17T09:24:53+00:00","twitter_card":"summary_large_image","twitter_misc":{"Est. reading time":"3 minutes"},"schema":{"@context":"https:\/\/schema.org","@graph":[{"@type":"WebPage","@id":"https:\/\/www.fmreview.org\/es\/about-fmr\/","url":"https:\/\/www.fmreview.org\/es\/about-fmr\/","name":"Acerca de RMF - Forced Migration Review","isPartOf":{"@id":"https:\/\/www.fmreview.org\/#website"},"datePublished":"2024-03-04T06:39:53+00:00","dateModified":"2025-09-17T09:24:53+00:00","breadcrumb":{"@id":"https:\/\/www.fmreview.org\/es\/about-fmr\/#breadcrumb"},"inLanguage":"es-ES","potentialAction":[{"@type":"ReadAction","target":["https:\/\/www.fmreview.org\/es\/about-fmr\/"]}]},{"@type":"BreadcrumbList","@id":"https:\/\/www.fmreview.org\/es\/about-fmr\/#breadcrumb","itemListElement":[{"@type":"ListItem","position":1,"name":"Home","item":"https:\/\/www.fmreview.org\/es\/"},{"@type":"ListItem","position":2,"name":"Acerca de RMF"}]},{"@type":"WebSite","@id":"https:\/\/www.fmreview.org\/#website","url":"https:\/\/www.fmreview.org\/","name":"Forced Migration Review","description":"","publisher":{"@id":"https:\/\/www.fmreview.org\/#organization"},"potentialAction":[{"@type":"SearchAction","target":{"@type":"EntryPoint","urlTemplate":"https:\/\/www.fmreview.org\/?s={search_term_string}"},"query-input":{"@type":"PropertyValueSpecification","valueRequired":true,"valueName":"search_term_string"}}],"inLanguage":"es-ES"},{"@type":"Organization","@id":"https:\/\/www.fmreview.org\/#organization","name":"Forced Migration Review","url":"https:\/\/www.fmreview.org\/","logo":{"@type":"ImageObject","inLanguage":"es-ES","@id":"https:\/\/www.fmreview.org\/#\/schema\/logo\/image\/","url":"https:\/\/www.fmreview.org\/wp-content\/uploads\/2024\/02\/FMR_logo1.svg","contentUrl":"https:\/\/www.fmreview.org\/wp-content\/uploads\/2024\/02\/FMR_logo1.svg","width":53,"height":62,"caption":"Forced Migration Review"},"image":{"@id":"https:\/\/www.fmreview.org\/#\/schema\/logo\/image\/"}}]}},"_links":{"self":[{"href":"https:\/\/www.fmreview.org\/es\/wp-json\/wp\/v2\/pages\/874","targetHints":{"allow":["GET"]}}],"collection":[{"href":"https:\/\/www.fmreview.org\/es\/wp-json\/wp\/v2\/pages"}],"about":[{"href":"https:\/\/www.fmreview.org\/es\/wp-json\/wp\/v2\/types\/page"}],"author":[{"embeddable":true,"href":"https:\/\/www.fmreview.org\/es\/wp-json\/wp\/v2\/users\/6"}],"replies":[{"embeddable":true,"href":"https:\/\/www.fmreview.org\/es\/wp-json\/wp\/v2\/comments?post=874"}],"version-history":[{"count":25,"href":"https:\/\/www.fmreview.org\/es\/wp-json\/wp\/v2\/pages\/874\/revisions"}],"predecessor-version":[{"id":48792,"href":"https:\/\/www.fmreview.org\/es\/wp-json\/wp\/v2\/pages\/874\/revisions\/48792"}],"wp:attachment":[{"href":"https:\/\/www.fmreview.org\/es\/wp-json\/wp\/v2\/media?parent=874"}],"curies":[{"name":"wp","href":"https:\/\/api.w.org\/{rel}","templated":true}]}}