{"id":877,"date":"2024-03-19T10:15:29","date_gmt":"2024-03-19T15:15:29","guid":{"rendered":"http:\/\/ready-for-feedback3.com\/shape-history\/fmr\/support-fmr\/"},"modified":"2024-08-01T17:17:44","modified_gmt":"2024-08-01T22:17:44","slug":"support-fmr","status":"publish","type":"page","link":"https:\/\/www.fmreview.org\/es\/support-fmr\/","title":{"rendered":"Apoyar a RMF"},"content":{"rendered":"<div class=\"wpb-content-wrapper\">[vc_section full_width=&#8221;stretch_row&#8221; el_class=&#8221;support-fmr&#8221;][vc_row full_width=&#8221;stretch_row_content&#8221; content_placement=&#8221;middle&#8221; column_spacing=&#8221;0px&#8221; equal_height=&#8221;yes&#8221; remove_bottom_col_margin=&#8221;true&#8221; el_class=&#8221;support-fmr__row-1&#8243;][vc_column width=&#8221;1\/2&#8243; el_class=&#8221;col-1&#8243;]<div class=\"vcex-heading vcex-heading-plain vcex-module wpex-heading wpex-text-2xl fmr-sub-heading\"><span class=\"vcex-heading-inner wpex-inline-block\">Logremos una respuesta al<br \/>\ndesplazamiento m\u00e1s inclusiva y de impacto<\/span><\/div><div class=\"vcex-heading vcex-heading-plain vcex-module wpex-heading wpex-text-2xl fmr-heading\"><span class=\"vcex-heading-inner wpex-inline-block\">Apoye a RMF<\/span><\/div>[vc_column_text el_class=&#8221;fmr-text&#8221;]Creemos que las personas desplazadas por la fuerza deben tener una voz central en las respuestas al desplazamiento y que tanto las pol\u00edticas como los programas de respuesta a los desplazamientos deben sustentarse en evidencias recabadas en los estudios, la pr\u00e1ctica y la experiencia vivida.<\/p>\n<p>RMF depende del generoso apoyo de nuestros donantes, que comparten nuestras mismas creencias. Junto a ellos, congregamos a personas desplazadas por la fuerza y a sus aliados para intercambiar aprendizajes y entablar di\u00e1logos que lleguen al desplazamiento de la toma de decisiones en todas las \u00e1reas de la respuesta a los desplazamientos.<\/p>\n<p><strong>Puede unirse a este empe\u00f1o.<\/strong><\/p>\n<p><a class=\"fmr-btn fmr-btn--eucalyptus fmr-btn--eucalyptus-arrow\" href=\"https:\/\/www.development.ox.ac.uk\/mag?id=aac72e48-890e-480c-9e45-a676a1a89b9c\" target=\"_blank\" rel=\"noopener\"><span class=\"btn-text\">DONE HOY<\/span><\/a>[\/vc_column_text][\/vc_column][vc_column width=&#8221;1\/2&#8243; css=&#8221;.vc_custom_1714141644957{background-image: url(\/wp-content\/uploads\/2024\/04\/RF1324250_16DiasFMK_LaPaz_29112023_ACNUR_WilliamWroblewski_19-scaled.webp?id=2064) !important;}&#8221; el_class=&#8221;col-2&#8243;][vc_column_text el_class=&#8221;credit-image&#8221;]El empoderamiento de las mujeres refugiadas y migrantes contra la violencia de g\u00e9nero en Bolivia. Autor\u00eda: ACNUR y William Wroblewski[\/vc_column_text][\/vc_column][\/vc_row][vc_row content_placement=&#8221;middle&#8221; equal_height=&#8221;yes&#8221; remove_bottom_col_margin=&#8221;true&#8221; el_class=&#8221;support-fmr__row-2&#8243;][vc_column]<div class=\"vcex-shortcode wpex-clr\"><div class=\"support-content\"><div class=\"support-content__entry\"><article class=\"slide-item\"><div class=\"row\"> <div class=\"col col-1\"><div class=\"panel-tabs\">\n\t\t\t\t  <a class=\"tab tab-volunteer selected\" href=\"#\">\u00danase como voluntario<\/a>\n\t\t\t\t  <a class=\"tab tab-partner\" href=\"#\">Sea nuestro socio<\/a><\/div><div class=\"content-inner content-volunteer\"><header class=\"header\">Sea voluntario<\/header><div class=\"text\"><p>Los programas de inclusi\u00f3n e impacto de RMF solo son posibles gracias a la ayuda de nuestros dedicados voluntarios. Nuestros <strong>mentores<\/strong> ofrecen asistencia en la redacci\u00f3n de art\u00edculos a autores n\u00f3veles que han experimentado un desplazamiento forzado. Nuestros <strong>traductores<\/strong> garantizan que los contenidos de RMF sean accesibles y precisos. Nuestros <strong>consejeros<\/strong>, expertos en desplazamiento forzado y otros asuntos conexos, brindan sus perspectivas y asesoramiento sobre la direcci\u00f3n estrat\u00e9gica y el contenido editorial de RMF.<\/p>\n<\/div> <div class=\"buttons-wrp\"><a class=\"fmr-btn fmr-btn--oxfordBlue fmr-btn--oxfordBlue-arrow no-rollover popmake-1326\" href=\"#\">\n\t\t\t\t\t  <span class=\"btn-text\">\u00daNASE COMO MENTOR<\/span><\/a><a class=\"fmr-btn fmr-btn--oxfordBlue fmr-btn--oxfordBlue-arrow no-rollover popmake-1334\" href=\"#\">\n\t\t\t\t\t  <span class=\"btn-text\">\u00daNASE COMO CONSEJERO<\/span><\/a><a class=\"fmr-btn fmr-btn--oxfordBlue fmr-btn--oxfordBlue-arrow no-rollover popmake-1338\" href=\"#\">\n\t\t\t<span class=\"btn-text\">\u00daNASE COMO TRADUCTOR<\/span><\/a><\/div><\/div><\/div><div class=\"col col-2\"><figure class=\"media\"><img src=\"https:\/\/www.fmreview.org\/wp-content\/uploads\/2024\/08\/Spanish-Become-A.webp\" \/><span class=\"credit-image\">Varias personas comparten comida en el campamento de refugiados de Nyaragusu (Tanzan\u00eda). D\u00eda Mundial del Sida 2023. Autor\u00eda: ACNUR y Maimuna Mtengela<\/span><\/figure><\/div><\/div><\/article><article class=\"slide-item\"><div class=\"row\"> <div class=\"col col-1\"><div class=\"panel-tabs\">\n\t\t\t\t  <a class=\"tab tab-volunteer\" href=\"#\">\u00danase como voluntario<\/a>\n\t\t\t\t  <a class=\"tab tab-partner selected\" href=\"#\">Sea nuestro socio<\/a><\/div><div class=\"content-inner content-partner\"><header class=\"header\">As\u00f3ciese a nosotros<\/header><div class=\"text\"><p>RMF se asocia con otros actores participantes en la respuesta a los desplazamientos para poner el foco en temas concretos y de actualidad.<\/p>\n<p>Por lo general, nuestros socios se encargan de conseguir fondos para los n\u00fameros de RMF o para art\u00edculos destacados. Tambi\u00e9n brindan asesoramiento sobre la manera de estructurar los temas y los contenidos, si bien es RFM la que toma las decisiones editoriales.<\/p>\n<p>Si desea proponer una alianza o explorar otras oportunidades<\/p>\n<\/div> <div class=\"buttons-wrp\"><a class=\"fmr-btn fmr-btn--oxfordBlue fmr-btn--oxfordBlue-arrow\" href=\"mailto:mailto:fmr@qeh.ox.ac.uk\">\n\t\t\t\t\t  <span class=\"btn-text\">ESCR\u00cdBANOS<\/span><\/a><\/div><\/div><\/div><div class=\"col col-2\"><figure class=\"media\"><img src=\"https:\/\/www.fmreview.org\/wp-content\/uploads\/2024\/05\/ES-FMR-Partner.jpg\" \/><span class=\"credit-image\">Artistas provenientes de 9 pa\u00edses pintan un mural con ni\u00f1os y ni\u00f1as refugiados en Sof\u00eda (Bulgaria). Autor\u00eda: ACNUR y Dobrin Kashavelov<\/span><\/figure><\/div><\/div><\/article><\/div><\/div><\/div>[\/vc_column][\/vc_row][vc_row full_width=&#8221;stretch_row&#8221; content_placement=&#8221;middle&#8221; equal_height=&#8221;yes&#8221; remove_bottom_col_margin=&#8221;true&#8221; el_class=&#8221;support-fmr__row-3&#8243; css=&#8221;.vc_custom_1710948852486{background: #cceff4 url(\/wp-content\/uploads\/2024\/03\/bg_decor.svg?id=482) !important;background-position: center !important;background-repeat: no-repeat !important;background-size: contain !important;}&#8221; wpex_bg_position=&#8221;100% 50%&#8221;][vc_column][vc_row_inner equal_height=&#8221;yes&#8221; content_placement=&#8221;middle&#8221; remove_bottom_col_margin=&#8221;true&#8221; el_class=&#8221;inner-row&#8221;][vc_column_inner][vc_column_text]\n<h2>Nuestros donantes<\/h2>\n<p>RMF se enorgullece de forjar relaciones colaborativas s\u00f3lidas con un amplio abanico de donantes. Agradecemos de todo coraz\u00f3n a los \u00faltimos donantes que aparecen recogidos m\u00e1s abajo por su colaboraci\u00f3n.<\/p>\n<ul>\n<li>ADRA International<\/li>\n<li>Danish Refugee Council<\/li>\n<li>Department of Justice Studies at James Madison University<\/li>\n<li>HelpAge International<\/li>\n<li>The Institute for Global Innovation &#8211; Gender Equality group &#8211; University of Birmingham<\/li>\n<li>International Labour Organization<\/li>\n<li>Jesuit Refugee Service<\/li>\n<li>Refugees International<\/li>\n<li>The Robert Bosch Stiftung<\/li>\n<li>Swiss Federal Department of Foreign Affairs<\/li>\n<li>UNHCR<\/li>\n<li>Women\u2019s Refugee Commission<\/li>\n<\/ul>\n[\/vc_column_text][\/vc_column_inner][\/vc_row_inner][\/vc_column][\/vc_row][\/vc_section]\n<\/div>","protected":false},"excerpt":{"rendered":"<p>[vc_section full_width=&#8221;stretch_row&#8221; el_class=&#8221;support-fmr&#8221;][vc_row full_width=&#8221;stretch_row_content&#8221; content_placement=&#8221;middle&#8221; column_spacing=&#8221;0px&#8221; equal_height=&#8221;yes&#8221; remove_bottom_col_margin=&#8221;true&#8221; el_class=&#8221;support-fmr__row-1&#8243;][vc_column width=&#8221;1\/2&#8243; el_class=&#8221;col-1&#8243;][vc_column_text el_class=&#8221;fmr-text&#8221;]Creemos que las personas desplazadas por la fuerza deben tener una voz central en las respuestas al desplazamiento y que tanto las pol\u00edticas como los programas de respuesta a los desplazamientos deben sustentarse en evidencias recabadas en los estudios, la pr\u00e1ctica y la experiencia&hellip;<\/p>\n","protected":false},"author":6,"featured_media":0,"parent":0,"menu_order":0,"comment_status":"closed","ping_status":"open","template":"","meta":{"_acf_changed":false,"inline_featured_image":false,"footnotes":""},"class_list":["post-877","page","type-page","status-publish","hentry","entry","no-media"],"acf":[],"yoast_head":"<!-- This site is optimized with the Yoast SEO plugin v26.7 - https:\/\/yoast.com\/wordpress\/plugins\/seo\/ -->\n<title>Apoyar a RMF - Forced Migration Review<\/title>\n<meta name=\"robots\" content=\"index, follow, max-snippet:-1, max-image-preview:large, max-video-preview:-1\" \/>\n<link rel=\"canonical\" href=\"https:\/\/www.fmreview.org\/es\/support-fmr\/\" \/>\n<meta property=\"og:locale\" content=\"es_ES\" \/>\n<meta property=\"og:type\" content=\"article\" \/>\n<meta property=\"og:title\" content=\"Apoyar a RMF - Forced Migration Review\" \/>\n<meta property=\"og:description\" content=\"[vc_section full_width=&#8221;stretch_row&#8221; el_class=&#8221;support-fmr&#8221;][vc_row full_width=&#8221;stretch_row_content&#8221; content_placement=&#8221;middle&#8221; column_spacing=&#8221;0px&#8221; equal_height=&#8221;yes&#8221; remove_bottom_col_margin=&#8221;true&#8221; el_class=&#8221;support-fmr__row-1&#8243;][vc_column width=&#8221;1\/2&#8243; el_class=&#8221;col-1&#8243;][vc_column_text el_class=&#8221;fmr-text&#8221;]Creemos que las personas desplazadas por la fuerza deben tener una voz central en las respuestas al desplazamiento y que tanto las pol\u00edticas como los programas de respuesta a los desplazamientos deben sustentarse en evidencias recabadas en los estudios, la pr\u00e1ctica y la experiencia&hellip;\" \/>\n<meta property=\"og:url\" content=\"https:\/\/www.fmreview.org\/es\/support-fmr\/\" \/>\n<meta property=\"og:site_name\" content=\"Forced Migration Review\" \/>\n<meta property=\"article:modified_time\" content=\"2024-08-01T22:17:44+00:00\" \/>\n<meta name=\"twitter:card\" content=\"summary_large_image\" \/>\n<meta name=\"twitter:label1\" content=\"Est. reading time\" \/>\n\t<meta name=\"twitter:data1\" content=\"2 minutes\" \/>\n<script type=\"application\/ld+json\" class=\"yoast-schema-graph\">{\"@context\":\"https:\/\/schema.org\",\"@graph\":[{\"@type\":\"WebPage\",\"@id\":\"https:\/\/www.fmreview.org\/es\/support-fmr\/\",\"url\":\"https:\/\/www.fmreview.org\/es\/support-fmr\/\",\"name\":\"Apoyar a RMF - Forced Migration Review\",\"isPartOf\":{\"@id\":\"https:\/\/www.fmreview.org\/#website\"},\"datePublished\":\"2024-03-19T15:15:29+00:00\",\"dateModified\":\"2024-08-01T22:17:44+00:00\",\"breadcrumb\":{\"@id\":\"https:\/\/www.fmreview.org\/es\/support-fmr\/#breadcrumb\"},\"inLanguage\":\"es-ES\",\"potentialAction\":[{\"@type\":\"ReadAction\",\"target\":[\"https:\/\/www.fmreview.org\/es\/support-fmr\/\"]}]},{\"@type\":\"BreadcrumbList\",\"@id\":\"https:\/\/www.fmreview.org\/es\/support-fmr\/#breadcrumb\",\"itemListElement\":[{\"@type\":\"ListItem\",\"position\":1,\"name\":\"Home\",\"item\":\"https:\/\/www.fmreview.org\/es\/\"},{\"@type\":\"ListItem\",\"position\":2,\"name\":\"Apoyar a RMF\"}]},{\"@type\":\"WebSite\",\"@id\":\"https:\/\/www.fmreview.org\/#website\",\"url\":\"https:\/\/www.fmreview.org\/\",\"name\":\"Forced Migration Review\",\"description\":\"\",\"publisher\":{\"@id\":\"https:\/\/www.fmreview.org\/#organization\"},\"potentialAction\":[{\"@type\":\"SearchAction\",\"target\":{\"@type\":\"EntryPoint\",\"urlTemplate\":\"https:\/\/www.fmreview.org\/?s={search_term_string}\"},\"query-input\":{\"@type\":\"PropertyValueSpecification\",\"valueRequired\":true,\"valueName\":\"search_term_string\"}}],\"inLanguage\":\"es-ES\"},{\"@type\":\"Organization\",\"@id\":\"https:\/\/www.fmreview.org\/#organization\",\"name\":\"Forced Migration Review\",\"url\":\"https:\/\/www.fmreview.org\/\",\"logo\":{\"@type\":\"ImageObject\",\"inLanguage\":\"es-ES\",\"@id\":\"https:\/\/www.fmreview.org\/#\/schema\/logo\/image\/\",\"url\":\"https:\/\/www.fmreview.org\/wp-content\/uploads\/2024\/02\/FMR_logo1.svg\",\"contentUrl\":\"https:\/\/www.fmreview.org\/wp-content\/uploads\/2024\/02\/FMR_logo1.svg\",\"width\":53,\"height\":62,\"caption\":\"Forced Migration Review\"},\"image\":{\"@id\":\"https:\/\/www.fmreview.org\/#\/schema\/logo\/image\/\"}}]}<\/script>\n<!-- \/ Yoast SEO plugin. -->","yoast_head_json":{"title":"Apoyar a RMF - Forced Migration Review","robots":{"index":"index","follow":"follow","max-snippet":"max-snippet:-1","max-image-preview":"max-image-preview:large","max-video-preview":"max-video-preview:-1"},"canonical":"https:\/\/www.fmreview.org\/es\/support-fmr\/","og_locale":"es_ES","og_type":"article","og_title":"Apoyar a RMF - Forced Migration Review","og_description":"[vc_section full_width=&#8221;stretch_row&#8221; el_class=&#8221;support-fmr&#8221;][vc_row full_width=&#8221;stretch_row_content&#8221; content_placement=&#8221;middle&#8221; column_spacing=&#8221;0px&#8221; equal_height=&#8221;yes&#8221; remove_bottom_col_margin=&#8221;true&#8221; el_class=&#8221;support-fmr__row-1&#8243;][vc_column width=&#8221;1\/2&#8243; el_class=&#8221;col-1&#8243;][vc_column_text el_class=&#8221;fmr-text&#8221;]Creemos que las personas desplazadas por la fuerza deben tener una voz central en las respuestas al desplazamiento y que tanto las pol\u00edticas como los programas de respuesta a los desplazamientos deben sustentarse en evidencias recabadas en los estudios, la pr\u00e1ctica y la experiencia&hellip;","og_url":"https:\/\/www.fmreview.org\/es\/support-fmr\/","og_site_name":"Forced Migration Review","article_modified_time":"2024-08-01T22:17:44+00:00","twitter_card":"summary_large_image","twitter_misc":{"Est. reading time":"2 minutes"},"schema":{"@context":"https:\/\/schema.org","@graph":[{"@type":"WebPage","@id":"https:\/\/www.fmreview.org\/es\/support-fmr\/","url":"https:\/\/www.fmreview.org\/es\/support-fmr\/","name":"Apoyar a RMF - Forced Migration Review","isPartOf":{"@id":"https:\/\/www.fmreview.org\/#website"},"datePublished":"2024-03-19T15:15:29+00:00","dateModified":"2024-08-01T22:17:44+00:00","breadcrumb":{"@id":"https:\/\/www.fmreview.org\/es\/support-fmr\/#breadcrumb"},"inLanguage":"es-ES","potentialAction":[{"@type":"ReadAction","target":["https:\/\/www.fmreview.org\/es\/support-fmr\/"]}]},{"@type":"BreadcrumbList","@id":"https:\/\/www.fmreview.org\/es\/support-fmr\/#breadcrumb","itemListElement":[{"@type":"ListItem","position":1,"name":"Home","item":"https:\/\/www.fmreview.org\/es\/"},{"@type":"ListItem","position":2,"name":"Apoyar a RMF"}]},{"@type":"WebSite","@id":"https:\/\/www.fmreview.org\/#website","url":"https:\/\/www.fmreview.org\/","name":"Forced Migration Review","description":"","publisher":{"@id":"https:\/\/www.fmreview.org\/#organization"},"potentialAction":[{"@type":"SearchAction","target":{"@type":"EntryPoint","urlTemplate":"https:\/\/www.fmreview.org\/?s={search_term_string}"},"query-input":{"@type":"PropertyValueSpecification","valueRequired":true,"valueName":"search_term_string"}}],"inLanguage":"es-ES"},{"@type":"Organization","@id":"https:\/\/www.fmreview.org\/#organization","name":"Forced Migration Review","url":"https:\/\/www.fmreview.org\/","logo":{"@type":"ImageObject","inLanguage":"es-ES","@id":"https:\/\/www.fmreview.org\/#\/schema\/logo\/image\/","url":"https:\/\/www.fmreview.org\/wp-content\/uploads\/2024\/02\/FMR_logo1.svg","contentUrl":"https:\/\/www.fmreview.org\/wp-content\/uploads\/2024\/02\/FMR_logo1.svg","width":53,"height":62,"caption":"Forced Migration Review"},"image":{"@id":"https:\/\/www.fmreview.org\/#\/schema\/logo\/image\/"}}]}},"_links":{"self":[{"href":"https:\/\/www.fmreview.org\/es\/wp-json\/wp\/v2\/pages\/877","targetHints":{"allow":["GET"]}}],"collection":[{"href":"https:\/\/www.fmreview.org\/es\/wp-json\/wp\/v2\/pages"}],"about":[{"href":"https:\/\/www.fmreview.org\/es\/wp-json\/wp\/v2\/types\/page"}],"author":[{"embeddable":true,"href":"https:\/\/www.fmreview.org\/es\/wp-json\/wp\/v2\/users\/6"}],"replies":[{"embeddable":true,"href":"https:\/\/www.fmreview.org\/es\/wp-json\/wp\/v2\/comments?post=877"}],"version-history":[{"count":24,"href":"https:\/\/www.fmreview.org\/es\/wp-json\/wp\/v2\/pages\/877\/revisions"}],"predecessor-version":[{"id":37197,"href":"https:\/\/www.fmreview.org\/es\/wp-json\/wp\/v2\/pages\/877\/revisions\/37197"}],"wp:attachment":[{"href":"https:\/\/www.fmreview.org\/es\/wp-json\/wp\/v2\/media?parent=877"}],"curies":[{"name":"wp","href":"https:\/\/api.w.org\/{rel}","templated":true}]}}