{"id":1835,"date":"2024-04-11T06:10:41","date_gmt":"2024-04-11T11:10:41","guid":{"rendered":"http:\/\/ready-for-feedback3.com\/shape-history\/fmr\/accessibility\/"},"modified":"2024-05-16T15:32:14","modified_gmt":"2024-05-16T20:32:14","slug":"accessibilite","status":"publish","type":"page","link":"https:\/\/www.fmreview.org\/fr\/accessibilite\/","title":{"rendered":"Accessibilit\u00e9"},"content":{"rendered":"<div class=\"wpb-content-wrapper\">[vc_section full_width=&#8221;stretch_row&#8221; el_class=&#8221;footer-layout&#8221;][vc_row full_width=&#8221;stretch_row&#8221; column_spacing=&#8221;0px&#8221; equal_height=&#8221;yes&#8221; remove_bottom_col_margin=&#8221;true&#8221; el_class=&#8221;footer-layout__row-1&#8243;][vc_column el_class=&#8221;col-1&#8243;]<div class=\"vcex-heading vcex-heading-plain vcex-module wpex-heading wpex-text-2xl fmr-heading\"><span class=\"vcex-heading-inner wpex-inline-block\">Accessibilit\u00e9<\/span><\/div>[vc_column_text el_class=&#8221;fmr-text&#8221;]La production de RMF 35 (dont le th\u00e8me \u00e9tait Handicap et D\u00e9placement) nous a pouss\u00e9 \u00e0 penser plus profond\u00e9ment aux diverses mani\u00e8res de rendre RMF plus accessible pour les personnes souffrant de d\u00e9ficience visuelle. Depuis, nous publions tous les articles en ligne (dans nos quatre langues) dans un format qui s\u2019adapte aux lecteurs d\u2019\u00e9cran, de m\u00eame que dans notre format PDF habituel. Lorsque nos ressources le permettent, nous produisons \u00e9galement une version audio de nos articles en anglais, comme nous l\u2019avons fait pour les num\u00e9ros 35, 36 et 38.<\/p>\n<p>Vous trouverez ci-dessous des liens vers des logiciels facilitant l\u2019accessibilit\u00e9, ainsi qu\u2019au bas de la page d\u2019accueil de chaque num\u00e9ro.<\/p>\n<p>Ce site web a \u00e9galement \u00e9t\u00e9 con\u00e7u pour permettre des ajustements faciles par les utilisateurs des options d\u2019accessibilit\u00e9 des navigateurs et sur une vari\u00e9t\u00e9 de plateformes.<\/p>\n<p>Si vous pensez qu\u2019il existe d\u2019autres mani\u00e8res \u2013 simples \u2013 d\u2019am\u00e9liorer l\u2019accessibilit\u00e9 de RMF, veuillez nous \u00e9crire \u00e0 <a href=\"mailto:fmr@qeh.ox.ac.uk\">fmr@qeh.ox.ac.uk<\/a><\/p>\n<p><strong>Liens vers les logiciels gratuits facilitant l\u2019accessibilit\u00e9<\/strong><\/p>\n<table border=\"1\">\n<tbody>\n<tr>\n<td>Natural Reader<br \/>\n<a href=\"http:\/\/www.naturalreaders.com\" target=\"_blank\" rel=\"noopener\">www.naturalreaders.com<\/a><\/td>\n<td>Conversion de texte en parole. Peut s\u2019int\u00e9grer aux programmes sous forme de barre d\u2019outils discr\u00e8te.<\/td>\n<\/tr>\n<tr>\n<td>Dspeech<br \/>\n<a href=\"http:\/\/dimio.altervista.org\/eng\" target=\"_blank\" rel=\"noopener\">http:\/\/dimio.altervista.org\/eng<\/a><\/td>\n<td>Conversion de texte en parole, qui peut \u00eatre sauvegard\u00e9e en format MP3 ou WAV.<\/td>\n<\/tr>\n<tr>\n<td>SayPad<br \/>\n<a href=\"http:\/\/inspiredcode.net\/4VisImp.htm\" target=\"_blank\" rel=\"noopener\">http:\/\/inspiredcode.net\/4VisImp.htm<\/a><\/td>\n<td>Conversion de texte en parole pour les grands volumes de texte. Divise le texte en plusieurs \u00ab chapitres \u00bb plus facilement g\u00e9rables. Possibilit\u00e9 de conversion MP3.<\/td>\n<\/tr>\n<tr>\n<td>WordTalk<br \/>\n<a href=\"http:\/\/www.wordtalk.org.uk\" target=\"_blank\" rel=\"noopener\">www.wordtalk.org.uk<\/a><\/td>\n<td>Module d\u2019extension pour Microsoft Word qui lit \u00e0 haute voix et souligne le texte des documents.<\/td>\n<\/tr>\n<\/tbody>\n<\/table>\n[\/vc_column_text][\/vc_column][\/vc_row][\/vc_section]\n<\/div>","protected":false},"excerpt":{"rendered":"<p>[vc_section full_width=&#8221;stretch_row&#8221; el_class=&#8221;footer-layout&#8221;][vc_row full_width=&#8221;stretch_row&#8221; column_spacing=&#8221;0px&#8221; equal_height=&#8221;yes&#8221; remove_bottom_col_margin=&#8221;true&#8221; el_class=&#8221;footer-layout__row-1&#8243;][vc_column el_class=&#8221;col-1&#8243;][vc_column_text el_class=&#8221;fmr-text&#8221;]La production de RMF 35 (dont le th\u00e8me \u00e9tait Handicap et D\u00e9placement) nous a pouss\u00e9 \u00e0 penser plus profond\u00e9ment aux diverses mani\u00e8res de rendre RMF plus accessible pour les personnes souffrant de d\u00e9ficience visuelle. Depuis, nous publions tous les articles en ligne (dans nos quatre langues)&hellip;<\/p>\n","protected":false},"author":6,"featured_media":0,"parent":0,"menu_order":0,"comment_status":"closed","ping_status":"closed","template":"","meta":{"_acf_changed":false,"inline_featured_image":false,"footnotes":""},"class_list":["post-1835","page","type-page","status-publish","hentry","entry","no-media"],"acf":[],"yoast_head":"<!-- This site is optimized with the Yoast SEO plugin v26.7 - https:\/\/yoast.com\/wordpress\/plugins\/seo\/ -->\n<title>Accessibilit\u00e9 - Forced Migration Review<\/title>\n<meta name=\"robots\" content=\"index, follow, max-snippet:-1, max-image-preview:large, max-video-preview:-1\" \/>\n<link rel=\"canonical\" href=\"https:\/\/www.fmreview.org\/fr\/accessibilite\/\" \/>\n<meta property=\"og:locale\" content=\"fr_FR\" \/>\n<meta property=\"og:type\" content=\"article\" \/>\n<meta property=\"og:title\" content=\"Accessibilit\u00e9 - Forced Migration Review\" \/>\n<meta property=\"og:description\" content=\"[vc_section full_width=&#8221;stretch_row&#8221; el_class=&#8221;footer-layout&#8221;][vc_row full_width=&#8221;stretch_row&#8221; column_spacing=&#8221;0px&#8221; equal_height=&#8221;yes&#8221; remove_bottom_col_margin=&#8221;true&#8221; el_class=&#8221;footer-layout__row-1&#8243;][vc_column el_class=&#8221;col-1&#8243;][vc_column_text el_class=&#8221;fmr-text&#8221;]La production de RMF 35 (dont le th\u00e8me \u00e9tait Handicap et D\u00e9placement) nous a pouss\u00e9 \u00e0 penser plus profond\u00e9ment aux diverses mani\u00e8res de rendre RMF plus accessible pour les personnes souffrant de d\u00e9ficience visuelle. Depuis, nous publions tous les articles en ligne (dans nos quatre langues)&hellip;\" \/>\n<meta property=\"og:url\" content=\"https:\/\/www.fmreview.org\/fr\/accessibilite\/\" \/>\n<meta property=\"og:site_name\" content=\"Forced Migration Review\" \/>\n<meta property=\"article:modified_time\" content=\"2024-05-16T20:32:14+00:00\" \/>\n<meta name=\"twitter:card\" content=\"summary_large_image\" \/>\n<meta name=\"twitter:label1\" content=\"Est. reading time\" \/>\n\t<meta name=\"twitter:data1\" content=\"2 minutes\" \/>\n<script type=\"application\/ld+json\" class=\"yoast-schema-graph\">{\"@context\":\"https:\/\/schema.org\",\"@graph\":[{\"@type\":\"WebPage\",\"@id\":\"https:\/\/www.fmreview.org\/fr\/accessibilite\/\",\"url\":\"https:\/\/www.fmreview.org\/fr\/accessibilite\/\",\"name\":\"Accessibilit\u00e9 - Forced Migration Review\",\"isPartOf\":{\"@id\":\"https:\/\/www.fmreview.org\/#website\"},\"datePublished\":\"2024-04-11T11:10:41+00:00\",\"dateModified\":\"2024-05-16T20:32:14+00:00\",\"breadcrumb\":{\"@id\":\"https:\/\/www.fmreview.org\/fr\/accessibilite\/#breadcrumb\"},\"inLanguage\":\"fr-FR\",\"potentialAction\":[{\"@type\":\"ReadAction\",\"target\":[\"https:\/\/www.fmreview.org\/fr\/accessibilite\/\"]}]},{\"@type\":\"BreadcrumbList\",\"@id\":\"https:\/\/www.fmreview.org\/fr\/accessibilite\/#breadcrumb\",\"itemListElement\":[{\"@type\":\"ListItem\",\"position\":1,\"name\":\"Home\",\"item\":\"https:\/\/www.fmreview.org\/fr\/\"},{\"@type\":\"ListItem\",\"position\":2,\"name\":\"Accessibilit\u00e9\"}]},{\"@type\":\"WebSite\",\"@id\":\"https:\/\/www.fmreview.org\/#website\",\"url\":\"https:\/\/www.fmreview.org\/\",\"name\":\"Forced Migration Review\",\"description\":\"\",\"publisher\":{\"@id\":\"https:\/\/www.fmreview.org\/#organization\"},\"potentialAction\":[{\"@type\":\"SearchAction\",\"target\":{\"@type\":\"EntryPoint\",\"urlTemplate\":\"https:\/\/www.fmreview.org\/?s={search_term_string}\"},\"query-input\":{\"@type\":\"PropertyValueSpecification\",\"valueRequired\":true,\"valueName\":\"search_term_string\"}}],\"inLanguage\":\"fr-FR\"},{\"@type\":\"Organization\",\"@id\":\"https:\/\/www.fmreview.org\/#organization\",\"name\":\"Forced Migration Review\",\"url\":\"https:\/\/www.fmreview.org\/\",\"logo\":{\"@type\":\"ImageObject\",\"inLanguage\":\"fr-FR\",\"@id\":\"https:\/\/www.fmreview.org\/#\/schema\/logo\/image\/\",\"url\":\"https:\/\/www.fmreview.org\/wp-content\/uploads\/2024\/02\/FMR_logo1.svg\",\"contentUrl\":\"https:\/\/www.fmreview.org\/wp-content\/uploads\/2024\/02\/FMR_logo1.svg\",\"width\":53,\"height\":62,\"caption\":\"Forced Migration Review\"},\"image\":{\"@id\":\"https:\/\/www.fmreview.org\/#\/schema\/logo\/image\/\"}}]}<\/script>\n<!-- \/ Yoast SEO plugin. -->","yoast_head_json":{"title":"Accessibilit\u00e9 - Forced Migration Review","robots":{"index":"index","follow":"follow","max-snippet":"max-snippet:-1","max-image-preview":"max-image-preview:large","max-video-preview":"max-video-preview:-1"},"canonical":"https:\/\/www.fmreview.org\/fr\/accessibilite\/","og_locale":"fr_FR","og_type":"article","og_title":"Accessibilit\u00e9 - Forced Migration Review","og_description":"[vc_section full_width=&#8221;stretch_row&#8221; el_class=&#8221;footer-layout&#8221;][vc_row full_width=&#8221;stretch_row&#8221; column_spacing=&#8221;0px&#8221; equal_height=&#8221;yes&#8221; remove_bottom_col_margin=&#8221;true&#8221; el_class=&#8221;footer-layout__row-1&#8243;][vc_column el_class=&#8221;col-1&#8243;][vc_column_text el_class=&#8221;fmr-text&#8221;]La production de RMF 35 (dont le th\u00e8me \u00e9tait Handicap et D\u00e9placement) nous a pouss\u00e9 \u00e0 penser plus profond\u00e9ment aux diverses mani\u00e8res de rendre RMF plus accessible pour les personnes souffrant de d\u00e9ficience visuelle. Depuis, nous publions tous les articles en ligne (dans nos quatre langues)&hellip;","og_url":"https:\/\/www.fmreview.org\/fr\/accessibilite\/","og_site_name":"Forced Migration Review","article_modified_time":"2024-05-16T20:32:14+00:00","twitter_card":"summary_large_image","twitter_misc":{"Est. reading time":"2 minutes"},"schema":{"@context":"https:\/\/schema.org","@graph":[{"@type":"WebPage","@id":"https:\/\/www.fmreview.org\/fr\/accessibilite\/","url":"https:\/\/www.fmreview.org\/fr\/accessibilite\/","name":"Accessibilit\u00e9 - Forced Migration Review","isPartOf":{"@id":"https:\/\/www.fmreview.org\/#website"},"datePublished":"2024-04-11T11:10:41+00:00","dateModified":"2024-05-16T20:32:14+00:00","breadcrumb":{"@id":"https:\/\/www.fmreview.org\/fr\/accessibilite\/#breadcrumb"},"inLanguage":"fr-FR","potentialAction":[{"@type":"ReadAction","target":["https:\/\/www.fmreview.org\/fr\/accessibilite\/"]}]},{"@type":"BreadcrumbList","@id":"https:\/\/www.fmreview.org\/fr\/accessibilite\/#breadcrumb","itemListElement":[{"@type":"ListItem","position":1,"name":"Home","item":"https:\/\/www.fmreview.org\/fr\/"},{"@type":"ListItem","position":2,"name":"Accessibilit\u00e9"}]},{"@type":"WebSite","@id":"https:\/\/www.fmreview.org\/#website","url":"https:\/\/www.fmreview.org\/","name":"Forced Migration Review","description":"","publisher":{"@id":"https:\/\/www.fmreview.org\/#organization"},"potentialAction":[{"@type":"SearchAction","target":{"@type":"EntryPoint","urlTemplate":"https:\/\/www.fmreview.org\/?s={search_term_string}"},"query-input":{"@type":"PropertyValueSpecification","valueRequired":true,"valueName":"search_term_string"}}],"inLanguage":"fr-FR"},{"@type":"Organization","@id":"https:\/\/www.fmreview.org\/#organization","name":"Forced Migration Review","url":"https:\/\/www.fmreview.org\/","logo":{"@type":"ImageObject","inLanguage":"fr-FR","@id":"https:\/\/www.fmreview.org\/#\/schema\/logo\/image\/","url":"https:\/\/www.fmreview.org\/wp-content\/uploads\/2024\/02\/FMR_logo1.svg","contentUrl":"https:\/\/www.fmreview.org\/wp-content\/uploads\/2024\/02\/FMR_logo1.svg","width":53,"height":62,"caption":"Forced Migration Review"},"image":{"@id":"https:\/\/www.fmreview.org\/#\/schema\/logo\/image\/"}}]}},"_links":{"self":[{"href":"https:\/\/www.fmreview.org\/fr\/wp-json\/wp\/v2\/pages\/1835","targetHints":{"allow":["GET"]}}],"collection":[{"href":"https:\/\/www.fmreview.org\/fr\/wp-json\/wp\/v2\/pages"}],"about":[{"href":"https:\/\/www.fmreview.org\/fr\/wp-json\/wp\/v2\/types\/page"}],"author":[{"embeddable":true,"href":"https:\/\/www.fmreview.org\/fr\/wp-json\/wp\/v2\/users\/6"}],"replies":[{"embeddable":true,"href":"https:\/\/www.fmreview.org\/fr\/wp-json\/wp\/v2\/comments?post=1835"}],"version-history":[{"count":5,"href":"https:\/\/www.fmreview.org\/fr\/wp-json\/wp\/v2\/pages\/1835\/revisions"}],"predecessor-version":[{"id":3277,"href":"https:\/\/www.fmreview.org\/fr\/wp-json\/wp\/v2\/pages\/1835\/revisions\/3277"}],"wp:attachment":[{"href":"https:\/\/www.fmreview.org\/fr\/wp-json\/wp\/v2\/media?parent=1835"}],"curies":[{"name":"wp","href":"https:\/\/api.w.org\/{rel}","templated":true}]}}