{"id":1838,"date":"2024-04-11T06:18:54","date_gmt":"2024-04-11T11:18:54","guid":{"rendered":"http:\/\/ready-for-feedback3.com\/shape-history\/fmr\/contact-us\/"},"modified":"2024-05-30T06:13:40","modified_gmt":"2024-05-30T11:13:40","slug":"nous-contacter","status":"publish","type":"page","link":"https:\/\/www.fmreview.org\/fr\/nous-contacter\/","title":{"rendered":"Nous contacter"},"content":{"rendered":"<div class=\"wpb-content-wrapper\">[vc_section full_width=&#8221;stretch_row&#8221; el_class=&#8221;footer-layout&#8221;][vc_row full_width=&#8221;stretch_row&#8221; column_spacing=&#8221;0px&#8221; equal_height=&#8221;yes&#8221; remove_bottom_col_margin=&#8221;true&#8221; el_class=&#8221;footer-layout__row-1&#8243;][vc_column el_class=&#8221;col-1&#8243;]<div class=\"vcex-heading vcex-heading-plain vcex-module wpex-heading wpex-text-2xl fmr-heading\"><span class=\"vcex-heading-inner wpex-inline-block\">Nous contacter<\/span><\/div>[vc_column_text el_class=&#8221;fmr-text&#8221;]<strong>Si vous d\u00e9sirez recevoir<\/strong> des alertes r\u00e9guli\u00e8res par e-mail ou des exemplaires de RMF, veuillez remplir les formulaires de demande en ligne correspondants <a href=\"https:\/\/www.fmreview.org\/fr\/fmr-alerts\/\">www.fmreview.org\/fr\/fmr-alerts\/<\/a><\/p>\n<p><strong>Si vous souhaitez faire un don en soutien \u00e0 RMF,<\/strong> veuillez utiliser notre formulaire de don en ligne <a href=\"https:\/\/tinyurl.com\/FMRdonate\">tinyurl.com\/FMRdonate<\/a><\/p>\n<p><strong>Pour tout autre commentaire ou communication,<\/strong> veuillez nous \u00e9crire \u00e0 :<\/p>\n<p><a href=\"mailto:fmr@qeh.ox.ac.uk\">fmr@qeh.ox.ac.uk<\/a><\/p>\n<p>Tel: 44 (0)1865 281700<\/p>\n<p>Forced Migration Review<br \/>\nRefugee Studies Centre<br \/>\nOxford Department of International Development<br \/>\nUniversity of Oxford<br \/>\n3 Mansfield Road<br \/>\nOxford, OX1 3TB<br \/>\nUK[\/vc_column_text][\/vc_column][\/vc_row][\/vc_section]\n<\/div>","protected":false},"excerpt":{"rendered":"<p>[vc_section full_width=&#8221;stretch_row&#8221; el_class=&#8221;footer-layout&#8221;][vc_row full_width=&#8221;stretch_row&#8221; column_spacing=&#8221;0px&#8221; equal_height=&#8221;yes&#8221; remove_bottom_col_margin=&#8221;true&#8221; el_class=&#8221;footer-layout__row-1&#8243;][vc_column el_class=&#8221;col-1&#8243;][vc_column_text el_class=&#8221;fmr-text&#8221;]Si vous d\u00e9sirez recevoir des alertes r\u00e9guli\u00e8res par e-mail ou des exemplaires de RMF, veuillez remplir les formulaires de demande en ligne correspondants www.fmreview.org\/fr\/fmr-alerts\/ Si vous souhaitez faire un don en soutien \u00e0 RMF, veuillez utiliser notre formulaire de don en ligne tinyurl.com\/FMRdonate Pour tout autre&hellip;<\/p>\n","protected":false},"author":6,"featured_media":0,"parent":0,"menu_order":0,"comment_status":"closed","ping_status":"closed","template":"","meta":{"_acf_changed":false,"inline_featured_image":false,"footnotes":""},"class_list":["post-1838","page","type-page","status-publish","hentry","entry","no-media"],"acf":[],"yoast_head":"<!-- This site is optimized with the Yoast SEO plugin v26.7 - https:\/\/yoast.com\/wordpress\/plugins\/seo\/ -->\n<title>Nous contacter - Forced Migration Review<\/title>\n<meta name=\"robots\" content=\"index, follow, max-snippet:-1, max-image-preview:large, max-video-preview:-1\" \/>\n<link rel=\"canonical\" href=\"https:\/\/www.fmreview.org\/fr\/nous-contacter\/\" \/>\n<meta property=\"og:locale\" content=\"fr_FR\" \/>\n<meta property=\"og:type\" content=\"article\" \/>\n<meta property=\"og:title\" content=\"Nous contacter - Forced Migration Review\" \/>\n<meta property=\"og:description\" content=\"[vc_section full_width=&#8221;stretch_row&#8221; el_class=&#8221;footer-layout&#8221;][vc_row full_width=&#8221;stretch_row&#8221; column_spacing=&#8221;0px&#8221; equal_height=&#8221;yes&#8221; remove_bottom_col_margin=&#8221;true&#8221; el_class=&#8221;footer-layout__row-1&#8243;][vc_column el_class=&#8221;col-1&#8243;][vc_column_text el_class=&#8221;fmr-text&#8221;]Si vous d\u00e9sirez recevoir des alertes r\u00e9guli\u00e8res par e-mail ou des exemplaires de RMF, veuillez remplir les formulaires de demande en ligne correspondants www.fmreview.org\/fr\/fmr-alerts\/ Si vous souhaitez faire un don en soutien \u00e0 RMF, veuillez utiliser notre formulaire de don en ligne tinyurl.com\/FMRdonate Pour tout autre&hellip;\" \/>\n<meta property=\"og:url\" content=\"https:\/\/www.fmreview.org\/fr\/nous-contacter\/\" \/>\n<meta property=\"og:site_name\" content=\"Forced Migration Review\" \/>\n<meta property=\"article:modified_time\" content=\"2024-05-30T11:13:40+00:00\" \/>\n<meta name=\"twitter:card\" content=\"summary_large_image\" \/>\n<meta name=\"twitter:label1\" content=\"Est. reading time\" \/>\n\t<meta name=\"twitter:data1\" content=\"1 minute\" \/>\n<script type=\"application\/ld+json\" class=\"yoast-schema-graph\">{\"@context\":\"https:\/\/schema.org\",\"@graph\":[{\"@type\":\"WebPage\",\"@id\":\"https:\/\/www.fmreview.org\/fr\/nous-contacter\/\",\"url\":\"https:\/\/www.fmreview.org\/fr\/nous-contacter\/\",\"name\":\"Nous contacter - Forced Migration Review\",\"isPartOf\":{\"@id\":\"https:\/\/www.fmreview.org\/#website\"},\"datePublished\":\"2024-04-11T11:18:54+00:00\",\"dateModified\":\"2024-05-30T11:13:40+00:00\",\"breadcrumb\":{\"@id\":\"https:\/\/www.fmreview.org\/fr\/nous-contacter\/#breadcrumb\"},\"inLanguage\":\"fr-FR\",\"potentialAction\":[{\"@type\":\"ReadAction\",\"target\":[\"https:\/\/www.fmreview.org\/fr\/nous-contacter\/\"]}]},{\"@type\":\"BreadcrumbList\",\"@id\":\"https:\/\/www.fmreview.org\/fr\/nous-contacter\/#breadcrumb\",\"itemListElement\":[{\"@type\":\"ListItem\",\"position\":1,\"name\":\"Home\",\"item\":\"https:\/\/www.fmreview.org\/fr\/\"},{\"@type\":\"ListItem\",\"position\":2,\"name\":\"Nous contacter\"}]},{\"@type\":\"WebSite\",\"@id\":\"https:\/\/www.fmreview.org\/#website\",\"url\":\"https:\/\/www.fmreview.org\/\",\"name\":\"Forced Migration Review\",\"description\":\"\",\"publisher\":{\"@id\":\"https:\/\/www.fmreview.org\/#organization\"},\"potentialAction\":[{\"@type\":\"SearchAction\",\"target\":{\"@type\":\"EntryPoint\",\"urlTemplate\":\"https:\/\/www.fmreview.org\/?s={search_term_string}\"},\"query-input\":{\"@type\":\"PropertyValueSpecification\",\"valueRequired\":true,\"valueName\":\"search_term_string\"}}],\"inLanguage\":\"fr-FR\"},{\"@type\":\"Organization\",\"@id\":\"https:\/\/www.fmreview.org\/#organization\",\"name\":\"Forced Migration Review\",\"url\":\"https:\/\/www.fmreview.org\/\",\"logo\":{\"@type\":\"ImageObject\",\"inLanguage\":\"fr-FR\",\"@id\":\"https:\/\/www.fmreview.org\/#\/schema\/logo\/image\/\",\"url\":\"https:\/\/www.fmreview.org\/wp-content\/uploads\/2024\/02\/FMR_logo1.svg\",\"contentUrl\":\"https:\/\/www.fmreview.org\/wp-content\/uploads\/2024\/02\/FMR_logo1.svg\",\"width\":53,\"height\":62,\"caption\":\"Forced Migration Review\"},\"image\":{\"@id\":\"https:\/\/www.fmreview.org\/#\/schema\/logo\/image\/\"}}]}<\/script>\n<!-- \/ Yoast SEO plugin. -->","yoast_head_json":{"title":"Nous contacter - Forced Migration Review","robots":{"index":"index","follow":"follow","max-snippet":"max-snippet:-1","max-image-preview":"max-image-preview:large","max-video-preview":"max-video-preview:-1"},"canonical":"https:\/\/www.fmreview.org\/fr\/nous-contacter\/","og_locale":"fr_FR","og_type":"article","og_title":"Nous contacter - Forced Migration Review","og_description":"[vc_section full_width=&#8221;stretch_row&#8221; el_class=&#8221;footer-layout&#8221;][vc_row full_width=&#8221;stretch_row&#8221; column_spacing=&#8221;0px&#8221; equal_height=&#8221;yes&#8221; remove_bottom_col_margin=&#8221;true&#8221; el_class=&#8221;footer-layout__row-1&#8243;][vc_column el_class=&#8221;col-1&#8243;][vc_column_text el_class=&#8221;fmr-text&#8221;]Si vous d\u00e9sirez recevoir des alertes r\u00e9guli\u00e8res par e-mail ou des exemplaires de RMF, veuillez remplir les formulaires de demande en ligne correspondants www.fmreview.org\/fr\/fmr-alerts\/ Si vous souhaitez faire un don en soutien \u00e0 RMF, veuillez utiliser notre formulaire de don en ligne tinyurl.com\/FMRdonate Pour tout autre&hellip;","og_url":"https:\/\/www.fmreview.org\/fr\/nous-contacter\/","og_site_name":"Forced Migration Review","article_modified_time":"2024-05-30T11:13:40+00:00","twitter_card":"summary_large_image","twitter_misc":{"Est. reading time":"1 minute"},"schema":{"@context":"https:\/\/schema.org","@graph":[{"@type":"WebPage","@id":"https:\/\/www.fmreview.org\/fr\/nous-contacter\/","url":"https:\/\/www.fmreview.org\/fr\/nous-contacter\/","name":"Nous contacter - Forced Migration Review","isPartOf":{"@id":"https:\/\/www.fmreview.org\/#website"},"datePublished":"2024-04-11T11:18:54+00:00","dateModified":"2024-05-30T11:13:40+00:00","breadcrumb":{"@id":"https:\/\/www.fmreview.org\/fr\/nous-contacter\/#breadcrumb"},"inLanguage":"fr-FR","potentialAction":[{"@type":"ReadAction","target":["https:\/\/www.fmreview.org\/fr\/nous-contacter\/"]}]},{"@type":"BreadcrumbList","@id":"https:\/\/www.fmreview.org\/fr\/nous-contacter\/#breadcrumb","itemListElement":[{"@type":"ListItem","position":1,"name":"Home","item":"https:\/\/www.fmreview.org\/fr\/"},{"@type":"ListItem","position":2,"name":"Nous contacter"}]},{"@type":"WebSite","@id":"https:\/\/www.fmreview.org\/#website","url":"https:\/\/www.fmreview.org\/","name":"Forced Migration Review","description":"","publisher":{"@id":"https:\/\/www.fmreview.org\/#organization"},"potentialAction":[{"@type":"SearchAction","target":{"@type":"EntryPoint","urlTemplate":"https:\/\/www.fmreview.org\/?s={search_term_string}"},"query-input":{"@type":"PropertyValueSpecification","valueRequired":true,"valueName":"search_term_string"}}],"inLanguage":"fr-FR"},{"@type":"Organization","@id":"https:\/\/www.fmreview.org\/#organization","name":"Forced Migration Review","url":"https:\/\/www.fmreview.org\/","logo":{"@type":"ImageObject","inLanguage":"fr-FR","@id":"https:\/\/www.fmreview.org\/#\/schema\/logo\/image\/","url":"https:\/\/www.fmreview.org\/wp-content\/uploads\/2024\/02\/FMR_logo1.svg","contentUrl":"https:\/\/www.fmreview.org\/wp-content\/uploads\/2024\/02\/FMR_logo1.svg","width":53,"height":62,"caption":"Forced Migration Review"},"image":{"@id":"https:\/\/www.fmreview.org\/#\/schema\/logo\/image\/"}}]}},"_links":{"self":[{"href":"https:\/\/www.fmreview.org\/fr\/wp-json\/wp\/v2\/pages\/1838","targetHints":{"allow":["GET"]}}],"collection":[{"href":"https:\/\/www.fmreview.org\/fr\/wp-json\/wp\/v2\/pages"}],"about":[{"href":"https:\/\/www.fmreview.org\/fr\/wp-json\/wp\/v2\/types\/page"}],"author":[{"embeddable":true,"href":"https:\/\/www.fmreview.org\/fr\/wp-json\/wp\/v2\/users\/6"}],"replies":[{"embeddable":true,"href":"https:\/\/www.fmreview.org\/fr\/wp-json\/wp\/v2\/comments?post=1838"}],"version-history":[{"count":6,"href":"https:\/\/www.fmreview.org\/fr\/wp-json\/wp\/v2\/pages\/1838\/revisions"}],"predecessor-version":[{"id":36052,"href":"https:\/\/www.fmreview.org\/fr\/wp-json\/wp\/v2\/pages\/1838\/revisions\/36052"}],"wp:attachment":[{"href":"https:\/\/www.fmreview.org\/fr\/wp-json\/wp\/v2\/media?parent=1838"}],"curies":[{"name":"wp","href":"https:\/\/api.w.org\/{rel}","templated":true}]}}