{"id":1841,"date":"2024-04-11T06:36:42","date_gmt":"2024-04-11T11:36:42","guid":{"rendered":"http:\/\/ready-for-feedback3.com\/shape-history\/fmr\/cookies\/"},"modified":"2024-05-11T16:14:15","modified_gmt":"2024-05-11T21:14:15","slug":"cookies","status":"publish","type":"page","link":"https:\/\/www.fmreview.org\/fr\/cookies\/","title":{"rendered":"Cookies"},"content":{"rendered":"<div class=\"wpb-content-wrapper\">[vc_section full_width=&#8221;stretch_row&#8221; el_class=&#8221;footer-layout&#8221;][vc_row full_width=&#8221;stretch_row&#8221; column_spacing=&#8221;0px&#8221; equal_height=&#8221;yes&#8221; remove_bottom_col_margin=&#8221;true&#8221; el_class=&#8221;footer-layout__row-1&#8243;][vc_column el_class=&#8221;col-1&#8243;]<div class=\"vcex-heading vcex-heading-plain vcex-module wpex-heading wpex-text-2xl fmr-heading\"><span class=\"vcex-heading-inner wpex-inline-block\">Cookies<\/span><\/div>[vc_column_text el_class=&#8221;fmr-text&#8221;]<strong>1. Notification d\u2019utilisation des cookies (aussi appel\u00e9s t\u00e9moins de connexion ou traceurs) par notre site internet<br \/>\n<\/strong>Nos pages web recourent \u00e0 l\u2019utilisation de \u00ab cookies \u00bb. Un cookie est un petit fichier texte, lettres et chiffres, que nous stockons sur votre ordinateur ou sur votre dispositif mobile avec votre accord. Ces cookies nous permettent de vous distinguer des autres visiteurs qui consultent notre site, ce qui nous aide \u00e0 optimiser votre navigation lorsque vous faites des recherches sur notre site et nous permet \u00e9galement d\u2019am\u00e9liorer notre site.<\/p>\n<p>Les cookies peuvent \u00eatre mis en place soit par notre propre site (c\u2019est-\u00e0-dire par le domaine inscrit dans la barre d\u2019adresse du navigateur) ce sont des cookies \u00ab premi\u00e8re partie \u00bb), soit par des serveurs diff\u00e9rents et ce sont alors des cookies \u00ab tierce partie \u00bb. Le tableau ci-dessous identifie les cookies que nous utilisons et explique l\u2019intention dans laquelle ils ont \u00e9t\u00e9 plac\u00e9s.<\/p>\n<p>Nous continuons toutefois \u00e0 rassembler des informations sur des cookies tierce partie et les tableaux ci-dessous refl\u00e8tent uniquement le travail effectu\u00e9 jusqu\u2019ici. Il se peut, le cas \u00e9ch\u00e9ant, que nous ayons \u00e0 actualiser p\u00e9riodiquement cette section.<\/p>\n<p><strong>WordPress<\/strong><br \/>\nC\u2019est le syst\u00e8me de gestion du contenu web (CMS) WordPress que nous avons adopt\u00e9 sur notre site internet. WordPress stocke certains cookies afin d\u2019optimiser la navigation des utilisateurs mais aussi pour s\u2019assurer de la bonne ex\u00e9cution du site (p.ex. pour v\u00e9rifier si un utilisateur a bien activ\u00e9 JavaScript). Les cookies suivants ont \u00e9t\u00e9 install\u00e9s par WordPress sur notre site :<\/p>\n<table>\n<tbody>\n<tr>\n<th>Identit\u00e9 du Cookie<\/th>\n<th>Dur\u00e9e de conservation<\/th>\n<th>Intention<\/th>\n<\/tr>\n<tr>\n<td>wordpress_<\/td>\n<td>Session<\/td>\n<td>WordPress cookie for a logged in user.<\/td>\n<\/tr>\n<tr>\n<td>wordpress_logged_in<\/td>\n<td>Session<\/td>\n<td>WordPress cookie for a logged in user.<\/td>\n<\/tr>\n<tr>\n<td>wordpress_test_cookie<\/td>\n<td>Session<\/td>\n<td>WordPress test cookie.<\/td>\n<\/tr>\n<tr>\n<td>wp-settings-time-<\/td>\n<td>1 Year<\/td>\n<td>WordPress also sets a few wp-settings-{time}-[UID] cookies. The number on the end is your individual user ID from the users database table. This is used to customize your view of admin interface and possibly also the main site interface.<\/td>\n<\/tr>\n<tr>\n<td>wp-settings-<\/td>\n<td>1 Year<\/td>\n<td>WordPress also sets a few wp-settings-[UID] cookies. The number on the end is your individual user ID from the users database table. This is used to customize your view of admin interface and possibly also the main site interface.<\/td>\n<\/tr>\n<tr>\n<td>PHPSESSID<\/td>\n<td>Session<\/td>\n<td>To identify your unique session on the website.<\/td>\n<\/tr>\n<\/tbody>\n<\/table>\n<p><strong>Google Analytics<\/strong><br \/>\nGoogle Analytics permet \u00e0 notre site de rassembler des informations sur la mani\u00e8re dont les visiteurs l\u2019utilisent. Google Analytics stocke des cookies afin d\u2019enregistrer des informations concernant la fr\u00e9quentation du site. Nous utilisons ces informations pour g\u00e9n\u00e9rer des rapports et pour am\u00e9liorer la qualit\u00e9 du site. Les cookies rassemblent des informations de mani\u00e8re anonyme, notamment le nombre de visiteurs sur le site, comment ils ont acc\u00e9d\u00e9 au site ainsi que les pages qu\u2019ils ont consult\u00e9es. Pour obtenir des informations plus compl\u00e8tes sur la mani\u00e8re dont Google Analytics traite les donn\u00e9es relatives aux usagers veuillez consulter : <a href=\"http:\/\/www.google.co.uk\/intl\/en_uk\/analytics\/privacyoverview.html\" target=\"_blank\" rel=\"noopener\">overview of Google Analytics privacy<\/a>. Le tableau ci-dessous d\u00e9taille les types de cookies utilis\u00e9s par Google Analytics :<\/p>\n<table>\n<tbody>\n<tr>\n<th>Identifiant du Cookie<\/th>\n<th>Intention<\/th>\n<th>Contenu ou liens vers des donn\u00e9es personnelles<\/th>\n<th>Donn\u00e9es<\/th>\n<th>Type<\/th>\n<th>Dur\u00e9e de conservation<\/th>\n<\/tr>\n<tr>\n<td>__utma<\/td>\n<td>Suivi visant \u00e0 g\u00e9n\u00e9rer des statistiques<\/td>\n<td>non<\/td>\n<td>Identifiant du visiteur (Anonyme)<\/td>\n<td>Persistent<\/td>\n<td>30<\/td>\n<\/tr>\n<tr>\n<td>__utmb<\/td>\n<td>Suivi visant \u00e0 g\u00e9n\u00e9rer des statistiques<\/td>\n<td>non<\/td>\n<td>Identifiant du visiteur (Anonyme)<\/td>\n<td>Persistent<\/td>\n<td>30 mins<\/td>\n<\/tr>\n<tr>\n<td>__utmc<\/td>\n<td>Suivi visant \u00e0 g\u00e9n\u00e9rer des statistiques<\/td>\n<td>non<\/td>\n<td>Identifiant du visiteur (Anonyme)<\/td>\n<td>Session<\/td>\n<td>Jusqu\u2019\u00e0 cl\u00f4ture de la session<\/td>\n<\/tr>\n<tr>\n<td>__utmz<\/td>\n<td>Suivi visant \u00e0 g\u00e9n\u00e9rer des statistiques<\/td>\n<td>non<\/td>\n<td>Identifiant du visiteur (Anonyme)<\/td>\n<td>Persistent<\/td>\n<td>6 mois<\/td>\n<\/tr>\n<\/tbody>\n<\/table>\n<p><strong>2. Information compl\u00e9mentaire<\/strong><br \/>\nLa plupart des navigateurs web permettent \u00e0 l\u2019utilisateur un certain contr\u00f4le sur la plupart des cookies par le biais des param\u00e8tres de navigation. Pour en savoir plus sur les cookies, et notamment pour v\u00e9rifier quels cookies ont \u00e9t\u00e9 stock\u00e9s sur votre ordinateur et pour les g\u00e9rer ou les supprimer, consultez : <a href=\"http:\/\/www.allaboutcookies.org\/\" target=\"_blank\" rel=\"noopener\">www.allaboutcookies.org<\/a>.<\/p>\n<p>Pour vous soustraire au suivi mis en place par Google Analytics \u00e0 travers l\u2019ensemble des sites internet visit\u00e9s, consultez : <a href=\"http:\/\/tools.google.com\/dlpage\/gaoptout\" target=\"_blank\" rel=\"noopener\">http:\/\/tools.google.com\/dlpage\/gaoptout<\/a><\/p>\n<p><strong>3. Modifications de notre engagement relatif \u00e0 l\u2019utilisation des cookies<\/strong><br \/>\nToute modification future de notre engagement relatif \u00e0 l\u2019utilisation des cookies sera affich\u00e9e sur cette page et le cas \u00e9ch\u00e9ant nous vous en ferons part.[\/vc_column_text][\/vc_column][\/vc_row][\/vc_section]\n<\/div>","protected":false},"excerpt":{"rendered":"<p>[vc_section full_width=&#8221;stretch_row&#8221; el_class=&#8221;footer-layout&#8221;][vc_row full_width=&#8221;stretch_row&#8221; column_spacing=&#8221;0px&#8221; equal_height=&#8221;yes&#8221; remove_bottom_col_margin=&#8221;true&#8221; el_class=&#8221;footer-layout__row-1&#8243;][vc_column el_class=&#8221;col-1&#8243;][vc_column_text el_class=&#8221;fmr-text&#8221;]1. Notification d\u2019utilisation des cookies (aussi appel\u00e9s t\u00e9moins de connexion ou traceurs) par notre site internet Nos pages web recourent \u00e0 l\u2019utilisation de \u00ab cookies \u00bb. Un cookie est un petit fichier texte, lettres et chiffres, que nous stockons sur votre ordinateur ou sur votre dispositif&hellip;<\/p>\n","protected":false},"author":6,"featured_media":0,"parent":0,"menu_order":0,"comment_status":"closed","ping_status":"closed","template":"","meta":{"_acf_changed":false,"inline_featured_image":false,"footnotes":""},"class_list":["post-1841","page","type-page","status-publish","hentry","entry","no-media"],"acf":[],"yoast_head":"<!-- This site is optimized with the Yoast SEO plugin v26.7 - https:\/\/yoast.com\/wordpress\/plugins\/seo\/ -->\n<title>Cookies - Forced Migration Review<\/title>\n<meta name=\"robots\" content=\"index, follow, max-snippet:-1, max-image-preview:large, max-video-preview:-1\" \/>\n<link rel=\"canonical\" href=\"https:\/\/www.fmreview.org\/fr\/cookies\/\" \/>\n<meta property=\"og:locale\" content=\"fr_FR\" \/>\n<meta property=\"og:type\" content=\"article\" \/>\n<meta property=\"og:title\" content=\"Cookies - Forced Migration Review\" \/>\n<meta property=\"og:description\" content=\"[vc_section full_width=&#8221;stretch_row&#8221; el_class=&#8221;footer-layout&#8221;][vc_row full_width=&#8221;stretch_row&#8221; column_spacing=&#8221;0px&#8221; equal_height=&#8221;yes&#8221; remove_bottom_col_margin=&#8221;true&#8221; el_class=&#8221;footer-layout__row-1&#8243;][vc_column el_class=&#8221;col-1&#8243;][vc_column_text el_class=&#8221;fmr-text&#8221;]1. Notification d\u2019utilisation des cookies (aussi appel\u00e9s t\u00e9moins de connexion ou traceurs) par notre site internet Nos pages web recourent \u00e0 l\u2019utilisation de \u00ab cookies \u00bb. Un cookie est un petit fichier texte, lettres et chiffres, que nous stockons sur votre ordinateur ou sur votre dispositif&hellip;\" \/>\n<meta property=\"og:url\" content=\"https:\/\/www.fmreview.org\/fr\/cookies\/\" \/>\n<meta property=\"og:site_name\" content=\"Forced Migration Review\" \/>\n<meta property=\"article:modified_time\" content=\"2024-05-11T21:14:15+00:00\" \/>\n<meta name=\"twitter:card\" content=\"summary_large_image\" \/>\n<meta name=\"twitter:label1\" content=\"Est. reading time\" \/>\n\t<meta name=\"twitter:data1\" content=\"4 minutes\" \/>\n<script type=\"application\/ld+json\" class=\"yoast-schema-graph\">{\"@context\":\"https:\/\/schema.org\",\"@graph\":[{\"@type\":\"WebPage\",\"@id\":\"https:\/\/www.fmreview.org\/fr\/cookies\/\",\"url\":\"https:\/\/www.fmreview.org\/fr\/cookies\/\",\"name\":\"Cookies - Forced Migration Review\",\"isPartOf\":{\"@id\":\"https:\/\/www.fmreview.org\/#website\"},\"datePublished\":\"2024-04-11T11:36:42+00:00\",\"dateModified\":\"2024-05-11T21:14:15+00:00\",\"breadcrumb\":{\"@id\":\"https:\/\/www.fmreview.org\/fr\/cookies\/#breadcrumb\"},\"inLanguage\":\"fr-FR\",\"potentialAction\":[{\"@type\":\"ReadAction\",\"target\":[\"https:\/\/www.fmreview.org\/fr\/cookies\/\"]}]},{\"@type\":\"BreadcrumbList\",\"@id\":\"https:\/\/www.fmreview.org\/fr\/cookies\/#breadcrumb\",\"itemListElement\":[{\"@type\":\"ListItem\",\"position\":1,\"name\":\"Home\",\"item\":\"https:\/\/www.fmreview.org\/fr\/\"},{\"@type\":\"ListItem\",\"position\":2,\"name\":\"Cookies\"}]},{\"@type\":\"WebSite\",\"@id\":\"https:\/\/www.fmreview.org\/#website\",\"url\":\"https:\/\/www.fmreview.org\/\",\"name\":\"Forced Migration Review\",\"description\":\"\",\"publisher\":{\"@id\":\"https:\/\/www.fmreview.org\/#organization\"},\"potentialAction\":[{\"@type\":\"SearchAction\",\"target\":{\"@type\":\"EntryPoint\",\"urlTemplate\":\"https:\/\/www.fmreview.org\/?s={search_term_string}\"},\"query-input\":{\"@type\":\"PropertyValueSpecification\",\"valueRequired\":true,\"valueName\":\"search_term_string\"}}],\"inLanguage\":\"fr-FR\"},{\"@type\":\"Organization\",\"@id\":\"https:\/\/www.fmreview.org\/#organization\",\"name\":\"Forced Migration Review\",\"url\":\"https:\/\/www.fmreview.org\/\",\"logo\":{\"@type\":\"ImageObject\",\"inLanguage\":\"fr-FR\",\"@id\":\"https:\/\/www.fmreview.org\/#\/schema\/logo\/image\/\",\"url\":\"https:\/\/www.fmreview.org\/wp-content\/uploads\/2024\/02\/FMR_logo1.svg\",\"contentUrl\":\"https:\/\/www.fmreview.org\/wp-content\/uploads\/2024\/02\/FMR_logo1.svg\",\"width\":53,\"height\":62,\"caption\":\"Forced Migration Review\"},\"image\":{\"@id\":\"https:\/\/www.fmreview.org\/#\/schema\/logo\/image\/\"}}]}<\/script>\n<!-- \/ Yoast SEO plugin. -->","yoast_head_json":{"title":"Cookies - Forced Migration Review","robots":{"index":"index","follow":"follow","max-snippet":"max-snippet:-1","max-image-preview":"max-image-preview:large","max-video-preview":"max-video-preview:-1"},"canonical":"https:\/\/www.fmreview.org\/fr\/cookies\/","og_locale":"fr_FR","og_type":"article","og_title":"Cookies - Forced Migration Review","og_description":"[vc_section full_width=&#8221;stretch_row&#8221; el_class=&#8221;footer-layout&#8221;][vc_row full_width=&#8221;stretch_row&#8221; column_spacing=&#8221;0px&#8221; equal_height=&#8221;yes&#8221; remove_bottom_col_margin=&#8221;true&#8221; el_class=&#8221;footer-layout__row-1&#8243;][vc_column el_class=&#8221;col-1&#8243;][vc_column_text el_class=&#8221;fmr-text&#8221;]1. Notification d\u2019utilisation des cookies (aussi appel\u00e9s t\u00e9moins de connexion ou traceurs) par notre site internet Nos pages web recourent \u00e0 l\u2019utilisation de \u00ab cookies \u00bb. Un cookie est un petit fichier texte, lettres et chiffres, que nous stockons sur votre ordinateur ou sur votre dispositif&hellip;","og_url":"https:\/\/www.fmreview.org\/fr\/cookies\/","og_site_name":"Forced Migration Review","article_modified_time":"2024-05-11T21:14:15+00:00","twitter_card":"summary_large_image","twitter_misc":{"Est. reading time":"4 minutes"},"schema":{"@context":"https:\/\/schema.org","@graph":[{"@type":"WebPage","@id":"https:\/\/www.fmreview.org\/fr\/cookies\/","url":"https:\/\/www.fmreview.org\/fr\/cookies\/","name":"Cookies - Forced Migration Review","isPartOf":{"@id":"https:\/\/www.fmreview.org\/#website"},"datePublished":"2024-04-11T11:36:42+00:00","dateModified":"2024-05-11T21:14:15+00:00","breadcrumb":{"@id":"https:\/\/www.fmreview.org\/fr\/cookies\/#breadcrumb"},"inLanguage":"fr-FR","potentialAction":[{"@type":"ReadAction","target":["https:\/\/www.fmreview.org\/fr\/cookies\/"]}]},{"@type":"BreadcrumbList","@id":"https:\/\/www.fmreview.org\/fr\/cookies\/#breadcrumb","itemListElement":[{"@type":"ListItem","position":1,"name":"Home","item":"https:\/\/www.fmreview.org\/fr\/"},{"@type":"ListItem","position":2,"name":"Cookies"}]},{"@type":"WebSite","@id":"https:\/\/www.fmreview.org\/#website","url":"https:\/\/www.fmreview.org\/","name":"Forced Migration Review","description":"","publisher":{"@id":"https:\/\/www.fmreview.org\/#organization"},"potentialAction":[{"@type":"SearchAction","target":{"@type":"EntryPoint","urlTemplate":"https:\/\/www.fmreview.org\/?s={search_term_string}"},"query-input":{"@type":"PropertyValueSpecification","valueRequired":true,"valueName":"search_term_string"}}],"inLanguage":"fr-FR"},{"@type":"Organization","@id":"https:\/\/www.fmreview.org\/#organization","name":"Forced Migration Review","url":"https:\/\/www.fmreview.org\/","logo":{"@type":"ImageObject","inLanguage":"fr-FR","@id":"https:\/\/www.fmreview.org\/#\/schema\/logo\/image\/","url":"https:\/\/www.fmreview.org\/wp-content\/uploads\/2024\/02\/FMR_logo1.svg","contentUrl":"https:\/\/www.fmreview.org\/wp-content\/uploads\/2024\/02\/FMR_logo1.svg","width":53,"height":62,"caption":"Forced Migration Review"},"image":{"@id":"https:\/\/www.fmreview.org\/#\/schema\/logo\/image\/"}}]}},"_links":{"self":[{"href":"https:\/\/www.fmreview.org\/fr\/wp-json\/wp\/v2\/pages\/1841","targetHints":{"allow":["GET"]}}],"collection":[{"href":"https:\/\/www.fmreview.org\/fr\/wp-json\/wp\/v2\/pages"}],"about":[{"href":"https:\/\/www.fmreview.org\/fr\/wp-json\/wp\/v2\/types\/page"}],"author":[{"embeddable":true,"href":"https:\/\/www.fmreview.org\/fr\/wp-json\/wp\/v2\/users\/6"}],"replies":[{"embeddable":true,"href":"https:\/\/www.fmreview.org\/fr\/wp-json\/wp\/v2\/comments?post=1841"}],"version-history":[{"count":4,"href":"https:\/\/www.fmreview.org\/fr\/wp-json\/wp\/v2\/pages\/1841\/revisions"}],"predecessor-version":[{"id":2793,"href":"https:\/\/www.fmreview.org\/fr\/wp-json\/wp\/v2\/pages\/1841\/revisions\/2793"}],"wp:attachment":[{"href":"https:\/\/www.fmreview.org\/fr\/wp-json\/wp\/v2\/media?parent=1841"}],"curies":[{"name":"wp","href":"https:\/\/api.w.org\/{rel}","templated":true}]}}