{"id":1844,"date":"2024-04-11T03:18:25","date_gmt":"2024-04-11T08:18:25","guid":{"rendered":"http:\/\/ready-for-feedback3.com\/shape-history\/fmr\/copyright\/"},"modified":"2024-05-30T06:12:43","modified_gmt":"2024-05-30T11:12:43","slug":"droits-dauteurs","status":"publish","type":"page","link":"https:\/\/www.fmreview.org\/fr\/droits-dauteurs\/","title":{"rendered":"Droits d\u2019auteurs"},"content":{"rendered":"<div class=\"wpb-content-wrapper\">[vc_section full_width=&#8221;stretch_row&#8221; el_class=&#8221;footer-layout&#8221;][vc_row full_width=&#8221;stretch_row&#8221; column_spacing=&#8221;0px&#8221; equal_height=&#8221;yes&#8221; remove_bottom_col_margin=&#8221;true&#8221; el_class=&#8221;footer-layout__row-1&#8243;][vc_column el_class=&#8221;col-1&#8243;]<div class=\"vcex-heading vcex-heading-plain vcex-module wpex-heading wpex-text-2xl fmr-heading\"><span class=\"vcex-heading-inner wpex-inline-block\">Droits d\u2019auteurs<\/span><\/div>[vc_column_text el_class=&#8221;fmr-text&#8221;]La Revue des Migrations Forc\u00e9es est une publication en libre acc\u00e8s (\u00ab Open Access \u00bb) ; nous encourageons donc le partage des articles publi\u00e9s dans RMF.<\/p>\n<p>La Revue est archiv\u00e9e dans le Directory of Open Access Journals (R\u00e9pertoire de revues \u00e0 libre acc\u00e8s) sur <a href=\"http:\/\/doaj.org\/\" target=\"_blank\" rel=\"noopener\">http:\/\/doaj.org\/<\/a> et dans le Oxford University Research Archive sur <a href=\"http:\/\/ora.ouls.ox.ac.uk\/\" target=\"_blank\" rel=\"noopener\">http:\/\/ora.ouls.ox.ac.uk\/<\/a>.<\/p>\n<p><strong>Droits des utilisateurs :<\/strong> Les utilisateurs sont libres de lire, t\u00e9l\u00e9charger, copier, distribuer et imprimer le texte complet des articles publi\u00e9s sur RMF et sur le site Web RMF, de m\u00eame que publier les liens vers ces articles, \u00e0 condition que l\u2019utilisation de ces articles ne serve aucune fin commerciale et que l\u2019auteur ainsi que la revue RMF soient mentionn\u00e9s. Tous les articles publi\u00e9s dans les versions en ligne et imprim\u00e9e de RMF, ainsi que la revue RMF en elle-m\u00eame, font l\u2019objet d\u2019une licence Attribution &#8211; Pas d\u2019Utilisation Commerciale &#8211; Pas de Modification (CC BY-NC-ND) de Creative Commons.<\/p>\n<p><strong>Droits des auteurs :<\/strong> Les auteurs publiant dans RMF conservent leurs droits d\u2019auteur, sous condition de l\u2019octroi d\u2019une licence exclusive \u00e0 RMF. RMF publie les textes des auteurs sous licence Attribution &#8211; Pas d\u2019Utilisation Commerciale &#8211; Pas de Modification (CC BY-NC-ND) de Creative Commons.<\/p>\n<p><a href=\"https:\/\/creativecommons.org\/licenses\/by-nc-nd\/3.0\/\" target=\"_blank\" rel=\"noopener\"><img loading=\"lazy\" decoding=\"async\" class=\"alignnone wp-image-2779 size-full\" src=\"\/wp-content\/uploads\/2024\/05\/88x31.png\" alt=\"\" width=\"88\" height=\"31\" \/><\/a><\/p>\n<p><strong>La licence Creative Commons de RMF<\/strong> repose sur trois conditions : Paternit\u00e9, Pas d\u2019utilisation commerciale, Pas de modification. Cela signifie que :<\/p>\n<ul>\n<li>vous pouvez reproduire le contenu de RMF mais vous devez mentionner la source\/l\u2019auteur. (Paternit\u00e9)<\/li>\n<li>vous pouvez utiliser, t\u00e9l\u00e9charger, transmettre ou imprimer tout contenu informationnel du site internet RMF (ou de la version imprim\u00e9e) \u00e0 des fins priv\u00e9es, \u00e9ducatives ou de recherche. Vous ne pouvez pas utiliser ces extraits \u00e0 des fins commerciales. (Pas d\u2019utilisation commerciale)<\/li>\n<li>vous n\u2019avez pas le droit de modifier, transformer ou d\u00e9velopper tout contenu extrait de RMF. (Pas de modification)<\/li>\n<\/ul>\n<p>Cependant, nous sommes g\u00e9n\u00e9ralement dispos\u00e9s \u00e0 accepter que le contenu de notre site et de RMF soit adapt\u00e9 \u2013 par exemple, pour le traduire dans une autre langue \u2013 mais veuillez nous contacter auparavant sur <a href=\"mailto:fmr@qeh.ox.ac.uk\">fmr@qeh.ox.ac.uk<\/a> pour solliciter notre permission.<\/p>\n<p><strong>Quelques exemples<\/strong><\/p>\n<p><strong>Si vous souhaitez publier en ligne ou diffuser un num\u00e9ro entier de RMF,<\/strong> vous n\u2019avez nullement besoin de solliciter notre permission mais nous vous demandons de bien vouloir inclure un lien vers notre site (vers la page correspondant au num\u00e9ro en question, par ex <a href=\"http:\/\/www.fmreview.org\/fr\/technologie\/\" target=\"_blank\" rel=\"noopener\">www.fmreview.org\/fr\/technologie\/<\/a> )<\/p>\n<p><strong>Si vous d\u00e9sirez publier en ligne l\u2019image de couverture d\u2019un num\u00e9ro de RMF,<\/strong> accompagn\u00e9e d\u2019un lien vers la version web, nous vous autorisons \u00e0 utiliser directement la vignette figurant sur notre site internet ou \u00e0 cr\u00e9er votre propre image \u00e0 partir de la version PDF du num\u00e9ro de RMF. Nul besoin de solliciter notre permission.<\/p>\n<p><strong>Si vous souhaitez publier sur votre site web un article particulier<\/strong> issu d\u2019un num\u00e9ro de RMF, faites-le circuler par e-mail ou en publiant le lien sur un site de socialisation ; nul besoin de solliciter notre permission mais veillez toujours \u00e0 reconna\u00eetre la source, en ajoutant un lien vers la page web du num\u00e9ro concern\u00e9 ou de l\u2019article concern\u00e9 :<\/p>\n<p>ex : Revue Migrations Forc\u00e9es <a href=\"http:\/\/www.fmreview.org\/fr\/technologie\/\">www.fmreview.org\/fr\/technologie\/<\/a><\/p>\n<p>ou :<\/p>\n<p>Revue Migrations Forc\u00e9es <a href=\"http:\/\/www.fmreview.org\/fr\/technologie\/aleinikoff\">www.fmreview.org\/fr\/technologie\/aleinikoff<\/a><\/p>\n<p><strong>Si vous souhaitez r\u00e9utiliser une partie d\u2019un article<\/strong> dans une publication, veuillez nous envoyer un courriel pour nous expliquer le contexte et solliciter notre autorisation. Nous pourrons vous mettre en relation avec l\u2019auteur pour l\u2019en informer ou obtenir son accord.<\/p>\n<p><strong>Si vous souhaitez traduire des articles de RMF<\/strong> dans d\u2019autres langues, veuillez nous \u00e9crire pour en parler avec nous. Nous sommes toujours ravis de voir les articles RMF traduits dans d\u2019autres langues et c\u2019est avec plaisir que nous promouvrons ces traductions sur notre site web. Lorsque vous publiez ces traductions sur votre propre site web ou les diffusez en version imprim\u00e9e, veuillez \u00e9galement en reconna\u00eetre la source (en anglais ou dans la langue concern\u00e9e) de cette mani\u00e8re :<\/p>\n<p>Traduit de la Revue des migrations forc\u00e9es <a href=\"http:\/\/www.fmreview.org\/\">www.fmreview.org<\/a> [ou ajoutez un lien vers le num\u00e9ro concern\u00e9, ex : <a href=\"http:\/\/www.fmreview.org\/fr\/technologie\/\">www.fmreview.org\/fr\/technologie\/<\/a>]\n<p><strong>Si vous souhaitez utiliser une photo<\/strong> publi\u00e9e dans RMF ou sur notre site web, nos vous y autorisons \u00e0 condition que vous publiiez cette photo <strong>dans un contexte identique<\/strong>. Par exemple, si vous publiez en ligne la version HTML d\u2019un article, vous pourrez seulement r\u00e9utiliser la photo qui accompagne cet article dans la version PDF. Vous ne devez pas utiliser les photos hors de contexte sans la permission du propri\u00e9taire de la photo. Si vous souhaitez utiliser une photo hors de contexte, n\u2019h\u00e9sitez pas \u00e0 nous \u00e9crire pour nous demander les coordonn\u00e9es de l\u2019auteur, afin que vous puissiez solliciter sa permission.<\/p>\n<p><strong>SI POSSIBLE<\/strong>, lorsque vous r\u00e9utilisez le contenu de RMF de l\u2019une des mani\u00e8res susmentionn\u00e9es, veuillez nous envoyer un message \u00e0 <a href=\"mailto:fmr@qeh.ox.ac.uk\">fmr@qeh.ox.ac.uk<\/a> pour nous en informer. Vous nous aiderez \u00e0 \u00e9valuer l\u2019int\u00e9r\u00eat suscit\u00e9 par les diff\u00e9rents th\u00e8mes abord\u00e9s mais aussi l\u2019utilit\u00e9 de RMF &#8211; une information vitale pour continuer \u00e0 lever des fonds et assurer l\u2019avenir de RMF. Merci ![\/vc_column_text][\/vc_column][\/vc_row][\/vc_section]\n<\/div>","protected":false},"excerpt":{"rendered":"<p>[vc_section full_width=&#8221;stretch_row&#8221; el_class=&#8221;footer-layout&#8221;][vc_row full_width=&#8221;stretch_row&#8221; column_spacing=&#8221;0px&#8221; equal_height=&#8221;yes&#8221; remove_bottom_col_margin=&#8221;true&#8221; el_class=&#8221;footer-layout__row-1&#8243;][vc_column el_class=&#8221;col-1&#8243;][vc_column_text el_class=&#8221;fmr-text&#8221;]La Revue des Migrations Forc\u00e9es est une publication en libre acc\u00e8s (\u00ab Open Access \u00bb) ; nous encourageons donc le partage des articles publi\u00e9s dans RMF. La Revue est archiv\u00e9e dans le Directory of Open Access Journals (R\u00e9pertoire de revues \u00e0 libre acc\u00e8s) sur http:\/\/doaj.org\/ et&hellip;<\/p>\n","protected":false},"author":6,"featured_media":0,"parent":0,"menu_order":0,"comment_status":"closed","ping_status":"closed","template":"","meta":{"_acf_changed":false,"inline_featured_image":false,"footnotes":""},"class_list":["post-1844","page","type-page","status-publish","hentry","entry","no-media"],"acf":[],"yoast_head":"<!-- This site is optimized with the Yoast SEO plugin v26.7 - https:\/\/yoast.com\/wordpress\/plugins\/seo\/ -->\n<title>Droits d\u2019auteurs - Forced Migration Review<\/title>\n<meta name=\"robots\" content=\"index, follow, max-snippet:-1, max-image-preview:large, max-video-preview:-1\" \/>\n<link rel=\"canonical\" href=\"https:\/\/www.fmreview.org\/fr\/droits-dauteurs\/\" \/>\n<meta property=\"og:locale\" content=\"fr_FR\" \/>\n<meta property=\"og:type\" content=\"article\" \/>\n<meta property=\"og:title\" content=\"Droits d\u2019auteurs - Forced Migration Review\" \/>\n<meta property=\"og:description\" content=\"[vc_section full_width=&#8221;stretch_row&#8221; el_class=&#8221;footer-layout&#8221;][vc_row full_width=&#8221;stretch_row&#8221; column_spacing=&#8221;0px&#8221; equal_height=&#8221;yes&#8221; remove_bottom_col_margin=&#8221;true&#8221; el_class=&#8221;footer-layout__row-1&#8243;][vc_column el_class=&#8221;col-1&#8243;][vc_column_text el_class=&#8221;fmr-text&#8221;]La Revue des Migrations Forc\u00e9es est une publication en libre acc\u00e8s (\u00ab Open Access \u00bb) ; nous encourageons donc le partage des articles publi\u00e9s dans RMF. La Revue est archiv\u00e9e dans le Directory of Open Access Journals (R\u00e9pertoire de revues \u00e0 libre acc\u00e8s) sur http:\/\/doaj.org\/ et&hellip;\" \/>\n<meta property=\"og:url\" content=\"https:\/\/www.fmreview.org\/fr\/droits-dauteurs\/\" \/>\n<meta property=\"og:site_name\" content=\"Forced Migration Review\" \/>\n<meta property=\"article:modified_time\" content=\"2024-05-30T11:12:43+00:00\" \/>\n<meta name=\"twitter:card\" content=\"summary_large_image\" \/>\n<meta name=\"twitter:label1\" content=\"Est. reading time\" \/>\n\t<meta name=\"twitter:data1\" content=\"5 minutes\" \/>\n<script type=\"application\/ld+json\" class=\"yoast-schema-graph\">{\"@context\":\"https:\/\/schema.org\",\"@graph\":[{\"@type\":\"WebPage\",\"@id\":\"https:\/\/www.fmreview.org\/fr\/droits-dauteurs\/\",\"url\":\"https:\/\/www.fmreview.org\/fr\/droits-dauteurs\/\",\"name\":\"Droits d\u2019auteurs - Forced Migration Review\",\"isPartOf\":{\"@id\":\"https:\/\/www.fmreview.org\/#website\"},\"datePublished\":\"2024-04-11T08:18:25+00:00\",\"dateModified\":\"2024-05-30T11:12:43+00:00\",\"breadcrumb\":{\"@id\":\"https:\/\/www.fmreview.org\/fr\/droits-dauteurs\/#breadcrumb\"},\"inLanguage\":\"fr-FR\",\"potentialAction\":[{\"@type\":\"ReadAction\",\"target\":[\"https:\/\/www.fmreview.org\/fr\/droits-dauteurs\/\"]}]},{\"@type\":\"BreadcrumbList\",\"@id\":\"https:\/\/www.fmreview.org\/fr\/droits-dauteurs\/#breadcrumb\",\"itemListElement\":[{\"@type\":\"ListItem\",\"position\":1,\"name\":\"Home\",\"item\":\"https:\/\/www.fmreview.org\/fr\/\"},{\"@type\":\"ListItem\",\"position\":2,\"name\":\"Droits d\u2019auteurs\"}]},{\"@type\":\"WebSite\",\"@id\":\"https:\/\/www.fmreview.org\/#website\",\"url\":\"https:\/\/www.fmreview.org\/\",\"name\":\"Forced Migration Review\",\"description\":\"\",\"publisher\":{\"@id\":\"https:\/\/www.fmreview.org\/#organization\"},\"potentialAction\":[{\"@type\":\"SearchAction\",\"target\":{\"@type\":\"EntryPoint\",\"urlTemplate\":\"https:\/\/www.fmreview.org\/?s={search_term_string}\"},\"query-input\":{\"@type\":\"PropertyValueSpecification\",\"valueRequired\":true,\"valueName\":\"search_term_string\"}}],\"inLanguage\":\"fr-FR\"},{\"@type\":\"Organization\",\"@id\":\"https:\/\/www.fmreview.org\/#organization\",\"name\":\"Forced Migration Review\",\"url\":\"https:\/\/www.fmreview.org\/\",\"logo\":{\"@type\":\"ImageObject\",\"inLanguage\":\"fr-FR\",\"@id\":\"https:\/\/www.fmreview.org\/#\/schema\/logo\/image\/\",\"url\":\"https:\/\/www.fmreview.org\/wp-content\/uploads\/2024\/02\/FMR_logo1.svg\",\"contentUrl\":\"https:\/\/www.fmreview.org\/wp-content\/uploads\/2024\/02\/FMR_logo1.svg\",\"width\":53,\"height\":62,\"caption\":\"Forced Migration Review\"},\"image\":{\"@id\":\"https:\/\/www.fmreview.org\/#\/schema\/logo\/image\/\"}}]}<\/script>\n<!-- \/ Yoast SEO plugin. -->","yoast_head_json":{"title":"Droits d\u2019auteurs - Forced Migration Review","robots":{"index":"index","follow":"follow","max-snippet":"max-snippet:-1","max-image-preview":"max-image-preview:large","max-video-preview":"max-video-preview:-1"},"canonical":"https:\/\/www.fmreview.org\/fr\/droits-dauteurs\/","og_locale":"fr_FR","og_type":"article","og_title":"Droits d\u2019auteurs - Forced Migration Review","og_description":"[vc_section full_width=&#8221;stretch_row&#8221; el_class=&#8221;footer-layout&#8221;][vc_row full_width=&#8221;stretch_row&#8221; column_spacing=&#8221;0px&#8221; equal_height=&#8221;yes&#8221; remove_bottom_col_margin=&#8221;true&#8221; el_class=&#8221;footer-layout__row-1&#8243;][vc_column el_class=&#8221;col-1&#8243;][vc_column_text el_class=&#8221;fmr-text&#8221;]La Revue des Migrations Forc\u00e9es est une publication en libre acc\u00e8s (\u00ab Open Access \u00bb) ; nous encourageons donc le partage des articles publi\u00e9s dans RMF. La Revue est archiv\u00e9e dans le Directory of Open Access Journals (R\u00e9pertoire de revues \u00e0 libre acc\u00e8s) sur http:\/\/doaj.org\/ et&hellip;","og_url":"https:\/\/www.fmreview.org\/fr\/droits-dauteurs\/","og_site_name":"Forced Migration Review","article_modified_time":"2024-05-30T11:12:43+00:00","twitter_card":"summary_large_image","twitter_misc":{"Est. reading time":"5 minutes"},"schema":{"@context":"https:\/\/schema.org","@graph":[{"@type":"WebPage","@id":"https:\/\/www.fmreview.org\/fr\/droits-dauteurs\/","url":"https:\/\/www.fmreview.org\/fr\/droits-dauteurs\/","name":"Droits d\u2019auteurs - Forced Migration Review","isPartOf":{"@id":"https:\/\/www.fmreview.org\/#website"},"datePublished":"2024-04-11T08:18:25+00:00","dateModified":"2024-05-30T11:12:43+00:00","breadcrumb":{"@id":"https:\/\/www.fmreview.org\/fr\/droits-dauteurs\/#breadcrumb"},"inLanguage":"fr-FR","potentialAction":[{"@type":"ReadAction","target":["https:\/\/www.fmreview.org\/fr\/droits-dauteurs\/"]}]},{"@type":"BreadcrumbList","@id":"https:\/\/www.fmreview.org\/fr\/droits-dauteurs\/#breadcrumb","itemListElement":[{"@type":"ListItem","position":1,"name":"Home","item":"https:\/\/www.fmreview.org\/fr\/"},{"@type":"ListItem","position":2,"name":"Droits d\u2019auteurs"}]},{"@type":"WebSite","@id":"https:\/\/www.fmreview.org\/#website","url":"https:\/\/www.fmreview.org\/","name":"Forced Migration Review","description":"","publisher":{"@id":"https:\/\/www.fmreview.org\/#organization"},"potentialAction":[{"@type":"SearchAction","target":{"@type":"EntryPoint","urlTemplate":"https:\/\/www.fmreview.org\/?s={search_term_string}"},"query-input":{"@type":"PropertyValueSpecification","valueRequired":true,"valueName":"search_term_string"}}],"inLanguage":"fr-FR"},{"@type":"Organization","@id":"https:\/\/www.fmreview.org\/#organization","name":"Forced Migration Review","url":"https:\/\/www.fmreview.org\/","logo":{"@type":"ImageObject","inLanguage":"fr-FR","@id":"https:\/\/www.fmreview.org\/#\/schema\/logo\/image\/","url":"https:\/\/www.fmreview.org\/wp-content\/uploads\/2024\/02\/FMR_logo1.svg","contentUrl":"https:\/\/www.fmreview.org\/wp-content\/uploads\/2024\/02\/FMR_logo1.svg","width":53,"height":62,"caption":"Forced Migration Review"},"image":{"@id":"https:\/\/www.fmreview.org\/#\/schema\/logo\/image\/"}}]}},"_links":{"self":[{"href":"https:\/\/www.fmreview.org\/fr\/wp-json\/wp\/v2\/pages\/1844","targetHints":{"allow":["GET"]}}],"collection":[{"href":"https:\/\/www.fmreview.org\/fr\/wp-json\/wp\/v2\/pages"}],"about":[{"href":"https:\/\/www.fmreview.org\/fr\/wp-json\/wp\/v2\/types\/page"}],"author":[{"embeddable":true,"href":"https:\/\/www.fmreview.org\/fr\/wp-json\/wp\/v2\/users\/6"}],"replies":[{"embeddable":true,"href":"https:\/\/www.fmreview.org\/fr\/wp-json\/wp\/v2\/comments?post=1844"}],"version-history":[{"count":4,"href":"https:\/\/www.fmreview.org\/fr\/wp-json\/wp\/v2\/pages\/1844\/revisions"}],"predecessor-version":[{"id":36051,"href":"https:\/\/www.fmreview.org\/fr\/wp-json\/wp\/v2\/pages\/1844\/revisions\/36051"}],"wp:attachment":[{"href":"https:\/\/www.fmreview.org\/fr\/wp-json\/wp\/v2\/media?parent=1844"}],"curies":[{"name":"wp","href":"https:\/\/api.w.org\/{rel}","templated":true}]}}