{"id":1853,"date":"2024-04-11T06:38:57","date_gmt":"2024-04-11T11:38:57","guid":{"rendered":"http:\/\/ready-for-feedback3.com\/shape-history\/fmr\/photo-policy\/"},"modified":"2024-05-11T16:08:43","modified_gmt":"2024-05-11T21:08:43","slug":"politique-en-matiere-de-photos","status":"publish","type":"page","link":"https:\/\/www.fmreview.org\/fr\/politique-en-matiere-de-photos\/","title":{"rendered":"Politique en mati\u00e8re de photos"},"content":{"rendered":"<div class=\"wpb-content-wrapper\">[vc_section full_width=&#8221;stretch_row&#8221; el_class=&#8221;footer-layout&#8221;][vc_row full_width=&#8221;stretch_row&#8221; column_spacing=&#8221;0px&#8221; equal_height=&#8221;yes&#8221; remove_bottom_col_margin=&#8221;true&#8221; el_class=&#8221;footer-layout__row-1&#8243;][vc_column el_class=&#8221;col-1&#8243;]<div class=\"vcex-heading vcex-heading-plain vcex-module wpex-heading wpex-text-2xl fmr-heading\"><span class=\"vcex-heading-inner wpex-inline-block\">Politique en mati\u00e8re de photos<\/span><\/div>[vc_column_text el_class=&#8221;fmr-text&#8221;]Nous sommes conscients du fait que le vrai visage des personnes est important pour donner de la vie aux mots \u2013 aux faits, aux r\u00e9flexions, aux id\u00e9es et aux sentiments \u2013 exprim\u00e9s dans\u00a0RMF. Nous avons toujours recherch\u00e9 des images qui montrent la r\u00e9alit\u00e9 individuelle de la migration forc\u00e9e, du trafic humain ou de l\u2019apatridie.<\/p>\n<p>Vous remarquerez, n\u00e9anmoins, que dans ce num\u00e9ro nous avons fait en sorte que\u00a0 les personnes qui figurent sur les photos ne puissent g\u00e9n\u00e9ralement pas \u00eatre reconnues, et nous souhaitons vous expliquer ce qui nous a motiv\u00e9s \u00e0 le faire.<\/p>\n<p>Nous savons que bon nombre, sinon tous les photographes et les agences qui nous fournissent g\u00e9n\u00e9reusement des photos \u00e0 utiliser dans RMF, demandent la permission de ceux et celles qu\u2019ils photographient. Cependant, nous avons commenc\u00e9 \u00e0 remettre en question notre postulat de d\u00e9part et \u00e0 nous demander s\u2019il est r\u00e9ellement toujours appropri\u00e9 que nous utilisions ces photos dans RMF.<\/p>\n<p>RMF est distribu\u00e9e partout dans le monde en version papier et\u00a0est librement accessible en ligne sur notre site Internet ; en outre, la revue est disponible sur d\u2019autres sites Internet et dans des biblioth\u00e8ques publiques,\u00a0et\u00a0les photos utilis\u00e9es dans FMR sont largement diffus\u00e9es sur les r\u00e9seaux sociaux. La r\u00e9alit\u00e9 est que nous n\u2019avons aucun moyen d\u2019\u00eatre s\u00fbrs que les personnes photographi\u00e9es ont r\u00e9ellement pu donner un consentement \u00e9clair\u00e9 nous autorisant \u00e0 utiliser leur image. Ces personnes auraient-elles compris que leur image allait pouvoir \u00eatre vue par des gens dans le monde entier, et qu\u2019elle continuerait \u00e0 exister dans un monde virtuel, \u00e9ventuellement pendant de tr\u00e8s nombreuses ann\u00e9es\u00a0?<\/p>\n<p>Nous pensons qu\u2019il existe des cas dans lesquels les individus concern\u00e9s pr\u00e9f\u00e9reraient que leur image ne soit pas utilis\u00e9e d\u2019une mani\u00e8re qui les identifie pour la post\u00e9rit\u00e9 dans une situation qui, en toute probabilit\u00e9, est une situation temporaire et les surprend \u00e0 un moment particuli\u00e8rement p\u00e9nible de leur existence.\u00a0 Nous ne pouvons pas non plus garantir que montrer leur image \u2013 \u00e0 un moment donn\u00e9 et de mani\u00e8re impossible \u00e0 pr\u00e9voir &#8211; ne leur portera pas pr\u00e9judice ou ne nuira pas \u00e0 leur dignit\u00e9. C\u2019est pourquoi nous nous devons d\u2019agir avec prudence.<\/p>\n<p>Nous avons d\u00e9cid\u00e9 que nous devrions, chaque fois que cela est possible, prot\u00e9ger l\u2019identit\u00e9 des personnes que nous montrons dans RMF \u2013 sauf bien entendu s\u2019il est \u00e9vident qu\u2019une telle pr\u00e9caution est superflue \u2013 en \u00e9vitant les gros plans sur les visages, et\/ou lorsque n\u00e9cessaire en les pixellisant.<\/p>\n<p>Nous nous rendons compte qu\u2019il n\u2019existe pas de mani\u00e8re correcte ou parfaite de proc\u00e9der.\u00a0 Les personnes qui se trouvent sur les photos penseront peut-\u00eatre que cela les prive d\u2019une partie de leur identit\u00e9\u00a0; elles peuvent aussi penser que nous faisons le jeu de ceux qui aimeraient \u00e9tiqueter les r\u00e9fugi\u00e9s comme des citoyens de seconde cat\u00e9gorie ou \u2018ind\u00e9sirables\u2019.\u00a0 Il se peut aussi que cela affaiblissent l\u2019impact des mots. Mais nous sommes arriv\u00e9s \u00e0 la conclusion que c\u2019est ce que nous devions essayer de faire.<\/p>\n<p>Nous savons que certains d\u2019entre vous se seront trouv\u00e9s eux aussi confront\u00e9s \u00e0 ce dilemme, et nous aimerions beaucoup entendre ce que vous avez \u00e0 en dire. N\u2019h\u00e9sitez pas \u00e0 nous faire savoir ce que vous pensez. Vous pouvez nous \u00e9crire par courrier \u00e9lectronique \u00e0\u00a0: <a href=\"mailto:fmr@qeh.ox.ac.uk\">fmr@qeh.ox.ac.uk<\/a><a href=\"https:\/\/www.fmreview.org\/node\/727\">.<\/a>[\/vc_column_text][\/vc_column][\/vc_row][\/vc_section]\n<\/div>","protected":false},"excerpt":{"rendered":"<p>[vc_section full_width=&#8221;stretch_row&#8221; el_class=&#8221;footer-layout&#8221;][vc_row full_width=&#8221;stretch_row&#8221; column_spacing=&#8221;0px&#8221; equal_height=&#8221;yes&#8221; remove_bottom_col_margin=&#8221;true&#8221; el_class=&#8221;footer-layout__row-1&#8243;][vc_column el_class=&#8221;col-1&#8243;][vc_column_text el_class=&#8221;fmr-text&#8221;]Nous sommes conscients du fait que le vrai visage des personnes est important pour donner de la vie aux mots \u2013 aux faits, aux r\u00e9flexions, aux id\u00e9es et aux sentiments \u2013 exprim\u00e9s dans\u00a0RMF. Nous avons toujours recherch\u00e9 des images qui montrent la r\u00e9alit\u00e9 individuelle de la&hellip;<\/p>\n","protected":false},"author":6,"featured_media":0,"parent":0,"menu_order":0,"comment_status":"closed","ping_status":"closed","template":"","meta":{"_acf_changed":false,"inline_featured_image":false,"footnotes":""},"class_list":["post-1853","page","type-page","status-publish","hentry","entry","no-media"],"acf":[],"yoast_head":"<!-- This site is optimized with the Yoast SEO plugin v26.7 - https:\/\/yoast.com\/wordpress\/plugins\/seo\/ -->\n<title>Politique en mati\u00e8re de photos - Forced Migration Review<\/title>\n<meta name=\"robots\" content=\"index, follow, max-snippet:-1, max-image-preview:large, max-video-preview:-1\" \/>\n<link rel=\"canonical\" href=\"https:\/\/www.fmreview.org\/fr\/politique-en-matiere-de-photos\/\" \/>\n<meta property=\"og:locale\" content=\"fr_FR\" \/>\n<meta property=\"og:type\" content=\"article\" \/>\n<meta property=\"og:title\" content=\"Politique en mati\u00e8re de photos - Forced Migration Review\" \/>\n<meta property=\"og:description\" content=\"[vc_section full_width=&#8221;stretch_row&#8221; el_class=&#8221;footer-layout&#8221;][vc_row full_width=&#8221;stretch_row&#8221; column_spacing=&#8221;0px&#8221; equal_height=&#8221;yes&#8221; remove_bottom_col_margin=&#8221;true&#8221; el_class=&#8221;footer-layout__row-1&#8243;][vc_column el_class=&#8221;col-1&#8243;][vc_column_text el_class=&#8221;fmr-text&#8221;]Nous sommes conscients du fait que le vrai visage des personnes est important pour donner de la vie aux mots \u2013 aux faits, aux r\u00e9flexions, aux id\u00e9es et aux sentiments \u2013 exprim\u00e9s dans\u00a0RMF. Nous avons toujours recherch\u00e9 des images qui montrent la r\u00e9alit\u00e9 individuelle de la&hellip;\" \/>\n<meta property=\"og:url\" content=\"https:\/\/www.fmreview.org\/fr\/politique-en-matiere-de-photos\/\" \/>\n<meta property=\"og:site_name\" content=\"Forced Migration Review\" \/>\n<meta property=\"article:modified_time\" content=\"2024-05-11T21:08:43+00:00\" \/>\n<meta name=\"twitter:card\" content=\"summary_large_image\" \/>\n<meta name=\"twitter:label1\" content=\"Est. reading time\" \/>\n\t<meta name=\"twitter:data1\" content=\"3 minutes\" \/>\n<script type=\"application\/ld+json\" class=\"yoast-schema-graph\">{\"@context\":\"https:\/\/schema.org\",\"@graph\":[{\"@type\":\"WebPage\",\"@id\":\"https:\/\/www.fmreview.org\/fr\/politique-en-matiere-de-photos\/\",\"url\":\"https:\/\/www.fmreview.org\/fr\/politique-en-matiere-de-photos\/\",\"name\":\"Politique en mati\u00e8re de photos - Forced Migration Review\",\"isPartOf\":{\"@id\":\"https:\/\/www.fmreview.org\/#website\"},\"datePublished\":\"2024-04-11T11:38:57+00:00\",\"dateModified\":\"2024-05-11T21:08:43+00:00\",\"breadcrumb\":{\"@id\":\"https:\/\/www.fmreview.org\/fr\/politique-en-matiere-de-photos\/#breadcrumb\"},\"inLanguage\":\"fr-FR\",\"potentialAction\":[{\"@type\":\"ReadAction\",\"target\":[\"https:\/\/www.fmreview.org\/fr\/politique-en-matiere-de-photos\/\"]}]},{\"@type\":\"BreadcrumbList\",\"@id\":\"https:\/\/www.fmreview.org\/fr\/politique-en-matiere-de-photos\/#breadcrumb\",\"itemListElement\":[{\"@type\":\"ListItem\",\"position\":1,\"name\":\"Home\",\"item\":\"https:\/\/www.fmreview.org\/fr\/\"},{\"@type\":\"ListItem\",\"position\":2,\"name\":\"Politique en mati\u00e8re de photos\"}]},{\"@type\":\"WebSite\",\"@id\":\"https:\/\/www.fmreview.org\/#website\",\"url\":\"https:\/\/www.fmreview.org\/\",\"name\":\"Forced Migration Review\",\"description\":\"\",\"publisher\":{\"@id\":\"https:\/\/www.fmreview.org\/#organization\"},\"potentialAction\":[{\"@type\":\"SearchAction\",\"target\":{\"@type\":\"EntryPoint\",\"urlTemplate\":\"https:\/\/www.fmreview.org\/?s={search_term_string}\"},\"query-input\":{\"@type\":\"PropertyValueSpecification\",\"valueRequired\":true,\"valueName\":\"search_term_string\"}}],\"inLanguage\":\"fr-FR\"},{\"@type\":\"Organization\",\"@id\":\"https:\/\/www.fmreview.org\/#organization\",\"name\":\"Forced Migration Review\",\"url\":\"https:\/\/www.fmreview.org\/\",\"logo\":{\"@type\":\"ImageObject\",\"inLanguage\":\"fr-FR\",\"@id\":\"https:\/\/www.fmreview.org\/#\/schema\/logo\/image\/\",\"url\":\"https:\/\/www.fmreview.org\/wp-content\/uploads\/2024\/02\/FMR_logo1.svg\",\"contentUrl\":\"https:\/\/www.fmreview.org\/wp-content\/uploads\/2024\/02\/FMR_logo1.svg\",\"width\":53,\"height\":62,\"caption\":\"Forced Migration Review\"},\"image\":{\"@id\":\"https:\/\/www.fmreview.org\/#\/schema\/logo\/image\/\"}}]}<\/script>\n<!-- \/ Yoast SEO plugin. -->","yoast_head_json":{"title":"Politique en mati\u00e8re de photos - Forced Migration Review","robots":{"index":"index","follow":"follow","max-snippet":"max-snippet:-1","max-image-preview":"max-image-preview:large","max-video-preview":"max-video-preview:-1"},"canonical":"https:\/\/www.fmreview.org\/fr\/politique-en-matiere-de-photos\/","og_locale":"fr_FR","og_type":"article","og_title":"Politique en mati\u00e8re de photos - Forced Migration Review","og_description":"[vc_section full_width=&#8221;stretch_row&#8221; el_class=&#8221;footer-layout&#8221;][vc_row full_width=&#8221;stretch_row&#8221; column_spacing=&#8221;0px&#8221; equal_height=&#8221;yes&#8221; remove_bottom_col_margin=&#8221;true&#8221; el_class=&#8221;footer-layout__row-1&#8243;][vc_column el_class=&#8221;col-1&#8243;][vc_column_text el_class=&#8221;fmr-text&#8221;]Nous sommes conscients du fait que le vrai visage des personnes est important pour donner de la vie aux mots \u2013 aux faits, aux r\u00e9flexions, aux id\u00e9es et aux sentiments \u2013 exprim\u00e9s dans\u00a0RMF. Nous avons toujours recherch\u00e9 des images qui montrent la r\u00e9alit\u00e9 individuelle de la&hellip;","og_url":"https:\/\/www.fmreview.org\/fr\/politique-en-matiere-de-photos\/","og_site_name":"Forced Migration Review","article_modified_time":"2024-05-11T21:08:43+00:00","twitter_card":"summary_large_image","twitter_misc":{"Est. reading time":"3 minutes"},"schema":{"@context":"https:\/\/schema.org","@graph":[{"@type":"WebPage","@id":"https:\/\/www.fmreview.org\/fr\/politique-en-matiere-de-photos\/","url":"https:\/\/www.fmreview.org\/fr\/politique-en-matiere-de-photos\/","name":"Politique en mati\u00e8re de photos - Forced Migration Review","isPartOf":{"@id":"https:\/\/www.fmreview.org\/#website"},"datePublished":"2024-04-11T11:38:57+00:00","dateModified":"2024-05-11T21:08:43+00:00","breadcrumb":{"@id":"https:\/\/www.fmreview.org\/fr\/politique-en-matiere-de-photos\/#breadcrumb"},"inLanguage":"fr-FR","potentialAction":[{"@type":"ReadAction","target":["https:\/\/www.fmreview.org\/fr\/politique-en-matiere-de-photos\/"]}]},{"@type":"BreadcrumbList","@id":"https:\/\/www.fmreview.org\/fr\/politique-en-matiere-de-photos\/#breadcrumb","itemListElement":[{"@type":"ListItem","position":1,"name":"Home","item":"https:\/\/www.fmreview.org\/fr\/"},{"@type":"ListItem","position":2,"name":"Politique en mati\u00e8re de photos"}]},{"@type":"WebSite","@id":"https:\/\/www.fmreview.org\/#website","url":"https:\/\/www.fmreview.org\/","name":"Forced Migration Review","description":"","publisher":{"@id":"https:\/\/www.fmreview.org\/#organization"},"potentialAction":[{"@type":"SearchAction","target":{"@type":"EntryPoint","urlTemplate":"https:\/\/www.fmreview.org\/?s={search_term_string}"},"query-input":{"@type":"PropertyValueSpecification","valueRequired":true,"valueName":"search_term_string"}}],"inLanguage":"fr-FR"},{"@type":"Organization","@id":"https:\/\/www.fmreview.org\/#organization","name":"Forced Migration Review","url":"https:\/\/www.fmreview.org\/","logo":{"@type":"ImageObject","inLanguage":"fr-FR","@id":"https:\/\/www.fmreview.org\/#\/schema\/logo\/image\/","url":"https:\/\/www.fmreview.org\/wp-content\/uploads\/2024\/02\/FMR_logo1.svg","contentUrl":"https:\/\/www.fmreview.org\/wp-content\/uploads\/2024\/02\/FMR_logo1.svg","width":53,"height":62,"caption":"Forced Migration Review"},"image":{"@id":"https:\/\/www.fmreview.org\/#\/schema\/logo\/image\/"}}]}},"_links":{"self":[{"href":"https:\/\/www.fmreview.org\/fr\/wp-json\/wp\/v2\/pages\/1853","targetHints":{"allow":["GET"]}}],"collection":[{"href":"https:\/\/www.fmreview.org\/fr\/wp-json\/wp\/v2\/pages"}],"about":[{"href":"https:\/\/www.fmreview.org\/fr\/wp-json\/wp\/v2\/types\/page"}],"author":[{"embeddable":true,"href":"https:\/\/www.fmreview.org\/fr\/wp-json\/wp\/v2\/users\/6"}],"replies":[{"embeddable":true,"href":"https:\/\/www.fmreview.org\/fr\/wp-json\/wp\/v2\/comments?post=1853"}],"version-history":[{"count":2,"href":"https:\/\/www.fmreview.org\/fr\/wp-json\/wp\/v2\/pages\/1853\/revisions"}],"predecessor-version":[{"id":2791,"href":"https:\/\/www.fmreview.org\/fr\/wp-json\/wp\/v2\/pages\/1853\/revisions\/2791"}],"wp:attachment":[{"href":"https:\/\/www.fmreview.org\/fr\/wp-json\/wp\/v2\/media?parent=1853"}],"curies":[{"name":"wp","href":"https:\/\/api.w.org\/{rel}","templated":true}]}}