{"id":1856,"date":"2024-04-11T06:24:17","date_gmt":"2024-04-11T11:24:17","guid":{"rendered":"http:\/\/ready-for-feedback3.com\/shape-history\/fmr\/privacy-policy\/"},"modified":"2024-05-11T16:00:08","modified_gmt":"2024-05-11T21:00:08","slug":"intimite","status":"publish","type":"page","link":"https:\/\/www.fmreview.org\/fr\/intimite\/","title":{"rendered":"Politique de confidentialit\u00e9"},"content":{"rendered":"<div class=\"wpb-content-wrapper\">[vc_section full_width=&#8221;stretch_row&#8221; el_class=&#8221;footer-layout&#8221;][vc_row full_width=&#8221;stretch_row&#8221; column_spacing=&#8221;0px&#8221; equal_height=&#8221;yes&#8221; remove_bottom_col_margin=&#8221;true&#8221; el_class=&#8221;footer-layout__row-1&#8243;][vc_column el_class=&#8221;col-1&#8243;]<div class=\"vcex-heading vcex-heading-plain vcex-module wpex-heading wpex-text-2xl fmr-heading\"><span class=\"vcex-heading-inner wpex-inline-block\">Politique de confidentialit\u00e9<\/span><\/div>[vc_column_text el_class=&#8221;fmr-text&#8221;]<a href=\"http:\/\/www.fmreview.org\">www.fmreview.org<\/a> (\u00ab\u00a0notre site Web\u00a0\u00bb) est g\u00e9r\u00e9 par la Revue des Migrations Forc\u00e9es, qui appartient au Centre d\u2019\u00e9tudes sur les r\u00e9fugi\u00e9s de l\u2019Universit\u00e9 d\u2019Oxford. Nous nous engageons \u00e0 prot\u00e9ger la confidentialit\u00e9 et la s\u00e9curit\u00e9 de vos informations personnelles (\u00ab\u00a0donn\u00e9es personnelles\u00a0\u00bb).<\/p>\n<p><strong>Objectif de la pr\u00e9sente politique<\/strong> La pr\u00e9sente politique de confidentialit\u00e9 d\u00e9crit comment nous collectons et utilisons vos donn\u00e9es personnelles lorsque vous utilisez notre site Web, conform\u00e9ment au R\u00e8glement g\u00e9n\u00e9ral sur la protection des donn\u00e9es (RGPD) et \u00e0 la l\u00e9gislation connexe en mati\u00e8re de protection des donn\u00e9es. En visitant notre site Web, vous acceptez les pratiques d\u00e9crites dans la pr\u00e9sente politique et y consentez.<\/p>\n<p>Nous vous recommandons vivement de lire la pr\u00e9sente politique, de m\u00eame que tout autre politique de confidentialit\u00e9 que nous pourrons fournir en des occasions particuli\u00e8res, lorsque nous collectons ou traitons des informations \u00e0 votre sujet, afin de comprendre comment et pourquoi nous utilisons vos donn\u00e9es personnelles.<\/p>\n<p><strong>Glossaire<\/strong> Toute r\u00e9f\u00e9rence \u00e0 vos \u00ab\u00a0donn\u00e9es personnelles\u00a0\u00bb dans la pr\u00e9sente politique signifie toute information enregistr\u00e9e \u00e0 votre sujet \u00e0 partir desquelles il est possible de vous identifier. Ce terme n\u2019inclut donc pas les donn\u00e9es desquelles votre identit\u00e9 a \u00e9t\u00e9 effac\u00e9e (donn\u00e9es anonymes).<\/p>\n<p>Toute r\u00e9f\u00e9rence au \u00ab\u00a0traitement\u00a0\u00bb\u00a0de vos donn\u00e9es personnelles signifie toute action que nous r\u00e9alisons avec ces donn\u00e9es, y compris leur collecte, leur utilisation, leur stockage, leur divulgation ou leur conservation.<\/p>\n<p><strong>Qui utilise vos donn\u00e9es personnelles\u00a0?<\/strong> L\u2019Universit\u00e9 d\u2019Oxford (dont la d\u00e9nomination juridique est \u00ab\u00a0The Chancellor, Masters and Scholars of the University of Oxford\u00a0\u00bb) est le contr\u00f4leur des donn\u00e9es vis-\u00e0-vis des informations que vous nous fournissez lorsque vous visitez notre site Web. Cela signifie que nous d\u00e9cidons comment utiliser ces donn\u00e9es et que nous avons pour responsabilit\u00e9 de les traiter conform\u00e9ment au RGPD.<\/p>\n<p>L\u2019acc\u00e8s \u00e0 vos donn\u00e9es personnelles sera accord\u00e9 au personnel de l\u2019Universit\u00e9 ayant besoin de les consulter dans le cadre de leurs fonctions en relation avec la gestion de notre site Web. Cet acc\u00e8s sera \u00e9galement accord\u00e9 aux tiers mentionn\u00e9s ci-dessous.<\/p>\n<p><strong>Types de donn\u00e9es que nous collectons \u00e0 votre sujet<\/strong> Nous collecterons, conserverons et utiliserons les cat\u00e9gories suivantes de donn\u00e9es lorsque vous utilisez notre site Web\u00a0:<\/p>\n<p>Donn\u00e9es que vous nous fournissez Vous pourrez nous fournir des donn\u00e9es \u00e0 propos de vous-m\u00eame, y compris\u00a0:<\/p>\n<ul>\n<li>Votre nom<\/li>\n<li>Votre intitul\u00e9 de poste et votre d\u00e9partement\/service<\/li>\n<li>Votre organisation<\/li>\n<li>Votre adresse postale<\/li>\n<li>Votre pays<\/li>\n<li>Votre adresse \u00e9lectronique<\/li>\n<li>Votre num\u00e9ro de t\u00e9l\u00e9phone<\/li>\n<li>Le site Web de votre organisation<\/li>\n<\/ul>\n<p>Donn\u00e9es que nous collectons \u00e0 votre sujet Lorsque vous visitez notre site Web, nous collectons automatiquement certaines informations techniques. Pour de plus amples informations \u00e0 ce sujet, veuillez vous reporter aux informations donn\u00e9es ci-dessous \u00e0 la section \u00ab\u00a0Notification d\u2019utilisation des cookies\u00a0\u00bb.<\/p>\n<p><strong>\u00c0 quel moment collectons-nous vos donn\u00e9es\u00a0?<\/strong> Nous collectons la vaste majorit\u00e9 des donn\u00e9es \u00e0 votre sujet lorsque vous demandez de recevoir nos alertes par e-mail, lorsque vous correspondez avec nous par t\u00e9l\u00e9phone, par e-mail ou de toute autre mani\u00e8re, lorsque vous demandez \u00e0 recevoir des exemplaires imprim\u00e9s de la Revue des Migrations Forc\u00e9es ou lorsque vous nous contactez pour signaler un probl\u00e8me avec notre site Web.<\/p>\n<p><strong>Comment utilisons-nous vos donn\u00e9es\u00a0?<\/strong> Nous traitons votre donn\u00e9es pour l\u2019une ou plusieurs des raisons suivantes\u00a0:<\/p>\n<ul>\n<li>Pour vous fournir les produits que vous avez sollicit\u00e9s, par exemple vous envoyer les exemplaires imprim\u00e9s de notre magazine que vous avez demand\u00e9s de recevoir.<\/li>\n<li>Pour vous envoyer des communications \u00e0 caract\u00e8re commercial ou autre par courrier \u00e9lectronique, par exemple nos alertes e-mail \u00e0 propos de la publication d\u2019appels \u00e0 soumission d\u2019article pour les prochains num\u00e9ros, pour vous informer de la date de publication des prochains num\u00e9ros ou pour vous envoyer occasionnellement des e-mails contenant les derni\u00e8res nouvelles et nouveaux d\u00e9veloppements.<\/li>\n<\/ul>\n<p>Ce traitement est n\u00e9cessaire pour honorer nos obligations contractuelles envers vous ou pour prendre les mesures que vous avez demand\u00e9es avant de conclure un contrat. \u00c0 cette fin, nous traitons notamment les informations suivantes, sans s\u2019y limiter\u00a0:<\/p>\n<ul>\n<li>Votre nom<\/li>\n<li>Votre intitul\u00e9 de poste et votre d\u00e9partement\/service<\/li>\n<li>Votre organisation<\/li>\n<li>Votre adresse postale<\/li>\n<li>Votre pays<\/li>\n<li>Votre adresse \u00e9lectronique<\/li>\n<li>Votre num\u00e9ro de t\u00e9l\u00e9phone<\/li>\n<li>Le site Web de votre organisation<\/li>\n<\/ul>\n<p>Nous agissons de la sorte uniquement lorsque vous avez indiqu\u00e9 express\u00e9ment votre consentement \u00e0 recevoir de telles communications, par exemple en compl\u00e9tant nos formulaires en ligne ou en indiquant dans une correspondance par courrier \u00e9lectronique que vous souhaitiez recevoir nos alertes e-mail ou des exemplaires imprim\u00e9s. Vous pouvez retirer votre consentement \u00e0 tout moment en nous \u00e9crivant \u00e0 <a href=\"mailto:fmradmin@qeh.ox.ac.uk\">fmradmin@qeh.ox.ac.uk<\/a>. Dans ce cas, nous interromprons le traitement de vos donn\u00e9es aussit\u00f4t que nous le pourrons. Toutefois, cela n\u2019aura aucun effet sur la l\u00e9galit\u00e9 du traitement de vos donn\u00e9es avant que vous ne retiriez votre consentement.<\/p>\n<p><span lang=\"FR\">Si vous \u00eates un donateur de RMF, vos donn\u00e9es seront stock\u00e9es dans le syst\u00e8me de d\u00e9veloppement et de relations avec les anciens \u00e9tudiants (DARS) de l&#8217;Universit\u00e9 d&#8217;Oxford lorsque vous faites un don. Veuillez consulter la page Protection des donn\u00e9es pour plus d&#8217;informations sur la <a href=\"https:\/\/www.campaign.ox.ac.uk\/privacy-notice\">politique de protection des donn\u00e9es<\/a> du Fonds fiduciaire pour le d\u00e9veloppement de l&#8217;Universit\u00e9 d&#8217;Oxford (OUDT).<\/span><\/p>\n<p><strong>Modification de la finalit\u00e9 du traitement<\/strong> Nous utiliserons uniquement vos donn\u00e9es aux fins auxquelles nous les avons collect\u00e9es, sauf si nous consid\u00e9rons raisonnablement que nous devons les utiliser pour une autre raison connexe, compatible avec la finalit\u00e9 initiale. Au cas o\u00f9 nous devions utiliser vos donn\u00e9es pour un motif sans rapport avec la finalit\u00e9 initiale, nous solliciterons votre consentement pour les utiliser \u00e0 cette nouvelle fin. Enfin, notez que nous pourrons traiter vos donn\u00e9es sans vous en informer ni solliciter votre consentement, mais toujours dans le respect des r\u00e8gles susmentionn\u00e9es, lorsque la loi l\u2019exige ou le permet.<\/p>\n<p><strong>Partage de vos donn\u00e9es avec des tiers<\/strong> Tous nos prestataires de services tiers (par exemple GoldMine et Adestra) sont dans l\u2019obligation de prendre les mesures de s\u00e9curit\u00e9 ad\u00e9quates pour prot\u00e9ger vos donn\u00e9es, conform\u00e9ment \u00e0 nos politiques. Nous ne les autorisons pas \u00e0 utiliser vos donn\u00e9es \u00e0 leurs propres fins. Nous les autorisons \u00e0 traiter vos donn\u00e9es uniquement aux fins indiqu\u00e9es et conform\u00e9ment \u00e0 nos instructions.<\/p>\n<p>De plus, nous pourrons partager vos donn\u00e9es personnelles avec des tiers si nous sommes dans l\u2019obligation de divulguer ou de partager ces donn\u00e9es afin de nous conformer \u00e0 toute obligation juridique, afin d\u2019appliquer les conditions d\u2019utilisation de notre site ou afin de prot\u00e9ger les droits, la propri\u00e9t\u00e9 ou la s\u00e9curit\u00e9 de notre site, de nos utilisateurs et des autres.<\/p>\n<p>Dans les situations o\u00f9 nous partageons vos donn\u00e9es avec des tiers, nous chercherons \u00e0 en partager la plus petite quantit\u00e9 n\u00e9cessaire.<\/p>\n<p><strong>O\u00f9 nous stockons-nous ou utilisons-nous vos donn\u00e9es\u00a0?<\/strong> Nous pouvons stocker les donn\u00e9es collect\u00e9es par le site Web de mani\u00e8re manuelle ou \u00e9lectronique. Ces donn\u00e9es sont stock\u00e9es sur nos serveurs s\u00e9curis\u00e9s et\/ou dans nos locaux au Royaume-Uni.<\/p>\n<p>Il est possible que dans certains cas, nous transf\u00e9rions vos donn\u00e9es hors de la zone \u00e9conomique europ\u00e9enne (ZEE), par exemple lorsque nous communiquons avec vous par le biais d\u2019un fournisseur de services bas\u00e9 sur le nuage op\u00e9rant \u00e0 l\u2019ext\u00e9rieur de cette zone, tel que Adestra. Ces transferts de donn\u00e9es seront r\u00e9alis\u00e9s uniquement si l\u2019une des conditions suivantes s\u2019applique\u00a0:<\/p>\n<ul>\n<li>L\u2019UE consid\u00e8re que le pays r\u00e9cepteur des donn\u00e9es assure un niveau suffisant de protection des donn\u00e9es\u00a0;<\/li>\n<li>L\u2019organisation r\u00e9ceptrice des donn\u00e9es est couverte par un arrangement reconnu par l\u2019UE confirmant qu\u2019elle prot\u00e8ge suffisamment les donn\u00e9es, par exemple en cas de transfert \u00e0 des entreprises certifi\u00e9es dans le cadre du Bouclier de Protection des Donn\u00e9es UE \u2013 \u00c9tats-Unis (ou \u00ab\u00a0Privacy Shield\u00a0\u00bb)\u00a0;<\/li>\n<li>Le transfert de donn\u00e9es est r\u00e9gi par des clauses contractuelles approuv\u00e9es\u00a0;<\/li>\n<li>Le transfert est r\u00e9alis\u00e9 avec votre consentement\u00a0;<\/li>\n<li>Le transfert est n\u00e9cessaire pour l\u2019ex\u00e9cution d\u2019un contrat avec vous-m\u00eame ou pour prendre des mesures que vous avez demand\u00e9es avant de conclure ce contrat\u00a0; ou<\/li>\n<li>Le transfert est n\u00e9cessaire pour l\u2019ex\u00e9cution d\u2019un contrat avec une autre personne, qui est dans votre int\u00e9r\u00eat.<\/li>\n<\/ul>\n<p>Malheureusement, la transmission d\u2019informations par Internet n\u2019est pas enti\u00e8rement s\u00fbre. Nous ferons tout notre possible pour prot\u00e9ger vos donn\u00e9es personnelles mais nous ne pouvons pas garantir la s\u00e9curit\u00e9 des donn\u00e9es transmises \u00e0 notre site Web, si bien que toute transmission se fait \u00e0 votre propre risque.<\/p>\n<p><strong>Site Web tiers<\/strong> Notre site Web contient des liens qui vous redirigent vers diff\u00e9rents sites Web tiers ou qui en proviennent. Si vous suivez un lien qui m\u00e8ne \u00e0 quelconque de ces sites Web, notez que ceux-ci disposeront de leur propre politique de confidentialit\u00e9 et que nous d\u00e9clinons toute responsabilit\u00e9 quant \u00e0 ces politiques. Avant de soumettre des donn\u00e9es personnelles \u00e0 ces sites Web, nous vous conseillons de consulter leur politique de confidentialit\u00e9.<\/p>\n<p><strong>Conservation de vos donn\u00e9es<\/strong> Nous conserverons uniquement vos donn\u00e9es tant que nous en aurons besoin aux fins indiqu\u00e9es, y compris pour honorer toute obligation \u00e0 caract\u00e8re juridique, comptable ou de production de rapports.<\/p>\n<p><strong>Vos droits<\/strong> Sous certaines circonstances, la loi vous donne le droit \u00e0\u00a0:<\/p>\n<ul>\n<li>Demander d\u2019acc\u00e9der \u00e0 vos donn\u00e9es (une proc\u00e9dure commun\u00e9ment appel\u00e9e \u00ab\u00a0demande d\u2019acc\u00e8s\u00a0\u00bb). Une telle demande vous permet de recevoir une copie de vos donn\u00e9es et de v\u00e9rifier que nous les traitons conform\u00e9ment \u00e0 la loi.<\/li>\n<li>Demander \u00e0 ce que vos donn\u00e9es soient corrig\u00e9es. Cette proc\u00e9dure vous permet de nous demander de corriger les informations incompl\u00e8tes ou inexactes dont nous disposons \u00e0 votre sujet.<\/li>\n<li>Demandez \u00e0 ce que vos donn\u00e9es soient effac\u00e9es. Cette proc\u00e9dure vous permet de nous demander d\u2019effacer ou de supprimer vos donn\u00e9es lorsqu\u2019il n\u2019existe aucune bonne raison que nous continuions de les traiter. Vous avez \u00e9galement le droit de nous demander d\u2019effacer ou de supprimer vos donn\u00e9es dans les situations o\u00f9 vous avez exerc\u00e9 votre droit d\u2019objection \u00e0 leur traitement (voir ci-dessous).<\/li>\n<li>Faire objection au traitement de vos donn\u00e9es, dans les situations o\u00f9 nous nous appuyons sur nos int\u00e9r\u00eats l\u00e9gitimes (ou ceux d\u2019un tiers) et o\u00f9 vous souhaitez objecter au traitement de vos donn\u00e9es pour un tel motif en raison de votre situation particuli\u00e8re. Vous avez \u00e9galement le droit d\u2019objecter lorsque nous traitons vos donn\u00e9es \u00e0 des fins de marketing direct.<\/li>\n<li>Demander que le traitement de vos donn\u00e9es soit restreint. Cette proc\u00e9dure vous permet de nous demander de suspendre le traitement de vos donn\u00e9es, par exemple si vous souhaitez que nous confirmions leur exactitude ou la raison pour laquelle nous les traitons.<\/li>\n<li>Demander le transfert de vos donn\u00e9es \u00e0 une autre partie.<\/li>\n<\/ul>\n<p>Selon les circonstances et la nature de votre demande, il ne nous sera pas toujours possible de faire ce que vous demandez, par exemple dans les situations o\u00f9 nous avons une obligation statutaire ou contractuelle de traiter vos donn\u00e9es et qu\u2019il nous serait impossible de remplir nos obligations l\u00e9gales si nous cessions de le faire. Toutefois, dans les situations o\u00f9 vous avez consenti au traitement de vos donn\u00e9es (par exemple lorsque vous nous avez demand\u00e9 de vous contacter \u00e0 des fins de marketing), vous pouvez retirer votre consentement \u00e0 tout moment en nous \u00e9crivant \u00e0 <a href=\"mailto:fmr@qeh.ox.ac.uk\">fmr@qeh.ox.ac.uk<\/a>. Dans ce cas, nous cesserons de traiter vos donn\u00e9es d\u00e8s que nous le pourrons. Cela n\u2019aura toutefois aucun en effet sur la l\u00e9galit\u00e9 du traitement de vos donn\u00e9es avant le retrait de votre consentement.<\/p>\n<p>Si vous souhaitez exercer quelconque des droits d\u00e9crits ci-dessus ou si vous \u00eates insatisfait(e) de la mani\u00e8re dont nous avons utilis\u00e9 vos informations, nous vous recommandons de contacter l\u2019\u00e9quipe de l\u2019Universit\u00e9 charg\u00e9e de la conformit\u00e9 des informations sur <a href=\"mailto:data.protection@admin.ox.ac.uk\">data.protection@admin.ox.ac.uk<\/a>. Vous pouvez \u00e9galement utiliser cette m\u00eame adresse \u00e9lectronique pour contacter le d\u00e9l\u00e9gu\u00e9 \u00e0 la protection des donn\u00e9es. Nous ferons tout notre possible pour traiter votre demande dans les plus brefs d\u00e9lais et, dans tous les cas, conform\u00e9ment aux exigences du RGPD. Notez \u00e9galement que nous pourrons conserver un enregistrement de vos communications pour nous aider \u00e0 r\u00e9soudre les questions que vous soulevez.<\/p>\n<p>Si vous demeurez insatisfait(e), vous avez le droit de d\u00e9poser une plainte aupr\u00e8s du bureau du Commissaire \u00e0 la protection des donn\u00e9es <a href=\"https:\/\/ico.org.uk\/concerns\/\">https:\/\/ico.org.uk\/concerns\/<\/a>.<\/p>\n<p><strong>Modification de la pr\u00e9sente politique<\/strong> Toute modification que nous pourrons apporter \u00e0 la pr\u00e9sente politique de confidentialit\u00e9 \u00e0 l\u2019avenir sera publi\u00e9e sur cette page. Veuillez la consulter fr\u00e9quemment pour v\u00e9rifier si notre politique de confidentialit\u00e9 a \u00e9t\u00e9 mise \u00e0 jour ou modifi\u00e9e. Nous pourrons \u00e9galement vous informer par d\u2019autres moyens, de temps \u00e0 autre, du traitement de vos informations personnelles.<\/p>\n<p><strong>Coordonn\u00e9es<\/strong> Si vous souhaitez soulever quelconque question ou pr\u00e9occupation \u00e0 propos de la pr\u00e9sente politique de confidentialit\u00e9, veuillez nous contacter \u00e0 l\u2019adresse suivante\u00a0:<\/p>\n<p>Les r\u00e9dacteurs en chef Forced Migration Review Centre d\u2019\u00e9tudes sur les r\u00e9fugi\u00e9s Oxford Department of International Development 3 Mansfield Road Oxford OX1 3TB, Grande-Bretagne[\/vc_column_text][\/vc_column][\/vc_row][\/vc_section]\n<\/div>","protected":false},"excerpt":{"rendered":"<p>[vc_section full_width=&#8221;stretch_row&#8221; el_class=&#8221;footer-layout&#8221;][vc_row full_width=&#8221;stretch_row&#8221; column_spacing=&#8221;0px&#8221; equal_height=&#8221;yes&#8221; remove_bottom_col_margin=&#8221;true&#8221; el_class=&#8221;footer-layout__row-1&#8243;][vc_column el_class=&#8221;col-1&#8243;][vc_column_text el_class=&#8221;fmr-text&#8221;]www.fmreview.org (\u00ab\u00a0notre site Web\u00a0\u00bb) est g\u00e9r\u00e9 par la Revue des Migrations Forc\u00e9es, qui appartient au Centre d\u2019\u00e9tudes sur les r\u00e9fugi\u00e9s de l\u2019Universit\u00e9 d\u2019Oxford. Nous nous engageons \u00e0 prot\u00e9ger la confidentialit\u00e9 et la s\u00e9curit\u00e9 de vos informations personnelles (\u00ab\u00a0donn\u00e9es personnelles\u00a0\u00bb). Objectif de la pr\u00e9sente politique La pr\u00e9sente&hellip;<\/p>\n","protected":false},"author":6,"featured_media":0,"parent":0,"menu_order":0,"comment_status":"closed","ping_status":"closed","template":"","meta":{"_acf_changed":false,"inline_featured_image":false,"footnotes":""},"class_list":["post-1856","page","type-page","status-publish","hentry","entry","no-media"],"acf":[],"yoast_head":"<!-- This site is optimized with the Yoast SEO plugin v26.7 - https:\/\/yoast.com\/wordpress\/plugins\/seo\/ -->\n<title>Politique de confidentialit\u00e9 - Forced Migration Review<\/title>\n<meta name=\"robots\" content=\"index, follow, max-snippet:-1, max-image-preview:large, max-video-preview:-1\" \/>\n<link rel=\"canonical\" href=\"https:\/\/www.fmreview.org\/fr\/intimite\/\" \/>\n<meta property=\"og:locale\" content=\"fr_FR\" \/>\n<meta property=\"og:type\" content=\"article\" \/>\n<meta property=\"og:title\" content=\"Politique de confidentialit\u00e9 - Forced Migration Review\" \/>\n<meta property=\"og:description\" content=\"[vc_section full_width=&#8221;stretch_row&#8221; el_class=&#8221;footer-layout&#8221;][vc_row full_width=&#8221;stretch_row&#8221; column_spacing=&#8221;0px&#8221; equal_height=&#8221;yes&#8221; remove_bottom_col_margin=&#8221;true&#8221; el_class=&#8221;footer-layout__row-1&#8243;][vc_column el_class=&#8221;col-1&#8243;][vc_column_text el_class=&#8221;fmr-text&#8221;]www.fmreview.org (\u00ab\u00a0notre site Web\u00a0\u00bb) est g\u00e9r\u00e9 par la Revue des Migrations Forc\u00e9es, qui appartient au Centre d\u2019\u00e9tudes sur les r\u00e9fugi\u00e9s de l\u2019Universit\u00e9 d\u2019Oxford. Nous nous engageons \u00e0 prot\u00e9ger la confidentialit\u00e9 et la s\u00e9curit\u00e9 de vos informations personnelles (\u00ab\u00a0donn\u00e9es personnelles\u00a0\u00bb). Objectif de la pr\u00e9sente politique La pr\u00e9sente&hellip;\" \/>\n<meta property=\"og:url\" content=\"https:\/\/www.fmreview.org\/fr\/intimite\/\" \/>\n<meta property=\"og:site_name\" content=\"Forced Migration Review\" \/>\n<meta property=\"article:modified_time\" content=\"2024-05-11T21:00:08+00:00\" \/>\n<meta name=\"twitter:card\" content=\"summary_large_image\" \/>\n<meta name=\"twitter:label1\" content=\"Est. reading time\" \/>\n\t<meta name=\"twitter:data1\" content=\"12 minutes\" \/>\n<script type=\"application\/ld+json\" class=\"yoast-schema-graph\">{\"@context\":\"https:\/\/schema.org\",\"@graph\":[{\"@type\":\"WebPage\",\"@id\":\"https:\/\/www.fmreview.org\/fr\/intimite\/\",\"url\":\"https:\/\/www.fmreview.org\/fr\/intimite\/\",\"name\":\"Politique de confidentialit\u00e9 - Forced Migration Review\",\"isPartOf\":{\"@id\":\"https:\/\/www.fmreview.org\/#website\"},\"datePublished\":\"2024-04-11T11:24:17+00:00\",\"dateModified\":\"2024-05-11T21:00:08+00:00\",\"breadcrumb\":{\"@id\":\"https:\/\/www.fmreview.org\/fr\/intimite\/#breadcrumb\"},\"inLanguage\":\"fr-FR\",\"potentialAction\":[{\"@type\":\"ReadAction\",\"target\":[\"https:\/\/www.fmreview.org\/fr\/intimite\/\"]}]},{\"@type\":\"BreadcrumbList\",\"@id\":\"https:\/\/www.fmreview.org\/fr\/intimite\/#breadcrumb\",\"itemListElement\":[{\"@type\":\"ListItem\",\"position\":1,\"name\":\"Home\",\"item\":\"https:\/\/www.fmreview.org\/fr\/\"},{\"@type\":\"ListItem\",\"position\":2,\"name\":\"Politique de confidentialit\u00e9\"}]},{\"@type\":\"WebSite\",\"@id\":\"https:\/\/www.fmreview.org\/#website\",\"url\":\"https:\/\/www.fmreview.org\/\",\"name\":\"Forced Migration Review\",\"description\":\"\",\"publisher\":{\"@id\":\"https:\/\/www.fmreview.org\/#organization\"},\"potentialAction\":[{\"@type\":\"SearchAction\",\"target\":{\"@type\":\"EntryPoint\",\"urlTemplate\":\"https:\/\/www.fmreview.org\/?s={search_term_string}\"},\"query-input\":{\"@type\":\"PropertyValueSpecification\",\"valueRequired\":true,\"valueName\":\"search_term_string\"}}],\"inLanguage\":\"fr-FR\"},{\"@type\":\"Organization\",\"@id\":\"https:\/\/www.fmreview.org\/#organization\",\"name\":\"Forced Migration Review\",\"url\":\"https:\/\/www.fmreview.org\/\",\"logo\":{\"@type\":\"ImageObject\",\"inLanguage\":\"fr-FR\",\"@id\":\"https:\/\/www.fmreview.org\/#\/schema\/logo\/image\/\",\"url\":\"https:\/\/www.fmreview.org\/wp-content\/uploads\/2024\/02\/FMR_logo1.svg\",\"contentUrl\":\"https:\/\/www.fmreview.org\/wp-content\/uploads\/2024\/02\/FMR_logo1.svg\",\"width\":53,\"height\":62,\"caption\":\"Forced Migration Review\"},\"image\":{\"@id\":\"https:\/\/www.fmreview.org\/#\/schema\/logo\/image\/\"}}]}<\/script>\n<!-- \/ Yoast SEO plugin. -->","yoast_head_json":{"title":"Politique de confidentialit\u00e9 - Forced Migration Review","robots":{"index":"index","follow":"follow","max-snippet":"max-snippet:-1","max-image-preview":"max-image-preview:large","max-video-preview":"max-video-preview:-1"},"canonical":"https:\/\/www.fmreview.org\/fr\/intimite\/","og_locale":"fr_FR","og_type":"article","og_title":"Politique de confidentialit\u00e9 - Forced Migration Review","og_description":"[vc_section full_width=&#8221;stretch_row&#8221; el_class=&#8221;footer-layout&#8221;][vc_row full_width=&#8221;stretch_row&#8221; column_spacing=&#8221;0px&#8221; equal_height=&#8221;yes&#8221; remove_bottom_col_margin=&#8221;true&#8221; el_class=&#8221;footer-layout__row-1&#8243;][vc_column el_class=&#8221;col-1&#8243;][vc_column_text el_class=&#8221;fmr-text&#8221;]www.fmreview.org (\u00ab\u00a0notre site Web\u00a0\u00bb) est g\u00e9r\u00e9 par la Revue des Migrations Forc\u00e9es, qui appartient au Centre d\u2019\u00e9tudes sur les r\u00e9fugi\u00e9s de l\u2019Universit\u00e9 d\u2019Oxford. Nous nous engageons \u00e0 prot\u00e9ger la confidentialit\u00e9 et la s\u00e9curit\u00e9 de vos informations personnelles (\u00ab\u00a0donn\u00e9es personnelles\u00a0\u00bb). Objectif de la pr\u00e9sente politique La pr\u00e9sente&hellip;","og_url":"https:\/\/www.fmreview.org\/fr\/intimite\/","og_site_name":"Forced Migration Review","article_modified_time":"2024-05-11T21:00:08+00:00","twitter_card":"summary_large_image","twitter_misc":{"Est. reading time":"12 minutes"},"schema":{"@context":"https:\/\/schema.org","@graph":[{"@type":"WebPage","@id":"https:\/\/www.fmreview.org\/fr\/intimite\/","url":"https:\/\/www.fmreview.org\/fr\/intimite\/","name":"Politique de confidentialit\u00e9 - Forced Migration Review","isPartOf":{"@id":"https:\/\/www.fmreview.org\/#website"},"datePublished":"2024-04-11T11:24:17+00:00","dateModified":"2024-05-11T21:00:08+00:00","breadcrumb":{"@id":"https:\/\/www.fmreview.org\/fr\/intimite\/#breadcrumb"},"inLanguage":"fr-FR","potentialAction":[{"@type":"ReadAction","target":["https:\/\/www.fmreview.org\/fr\/intimite\/"]}]},{"@type":"BreadcrumbList","@id":"https:\/\/www.fmreview.org\/fr\/intimite\/#breadcrumb","itemListElement":[{"@type":"ListItem","position":1,"name":"Home","item":"https:\/\/www.fmreview.org\/fr\/"},{"@type":"ListItem","position":2,"name":"Politique de confidentialit\u00e9"}]},{"@type":"WebSite","@id":"https:\/\/www.fmreview.org\/#website","url":"https:\/\/www.fmreview.org\/","name":"Forced Migration Review","description":"","publisher":{"@id":"https:\/\/www.fmreview.org\/#organization"},"potentialAction":[{"@type":"SearchAction","target":{"@type":"EntryPoint","urlTemplate":"https:\/\/www.fmreview.org\/?s={search_term_string}"},"query-input":{"@type":"PropertyValueSpecification","valueRequired":true,"valueName":"search_term_string"}}],"inLanguage":"fr-FR"},{"@type":"Organization","@id":"https:\/\/www.fmreview.org\/#organization","name":"Forced Migration Review","url":"https:\/\/www.fmreview.org\/","logo":{"@type":"ImageObject","inLanguage":"fr-FR","@id":"https:\/\/www.fmreview.org\/#\/schema\/logo\/image\/","url":"https:\/\/www.fmreview.org\/wp-content\/uploads\/2024\/02\/FMR_logo1.svg","contentUrl":"https:\/\/www.fmreview.org\/wp-content\/uploads\/2024\/02\/FMR_logo1.svg","width":53,"height":62,"caption":"Forced Migration Review"},"image":{"@id":"https:\/\/www.fmreview.org\/#\/schema\/logo\/image\/"}}]}},"_links":{"self":[{"href":"https:\/\/www.fmreview.org\/fr\/wp-json\/wp\/v2\/pages\/1856","targetHints":{"allow":["GET"]}}],"collection":[{"href":"https:\/\/www.fmreview.org\/fr\/wp-json\/wp\/v2\/pages"}],"about":[{"href":"https:\/\/www.fmreview.org\/fr\/wp-json\/wp\/v2\/types\/page"}],"author":[{"embeddable":true,"href":"https:\/\/www.fmreview.org\/fr\/wp-json\/wp\/v2\/users\/6"}],"replies":[{"embeddable":true,"href":"https:\/\/www.fmreview.org\/fr\/wp-json\/wp\/v2\/comments?post=1856"}],"version-history":[{"count":3,"href":"https:\/\/www.fmreview.org\/fr\/wp-json\/wp\/v2\/pages\/1856\/revisions"}],"predecessor-version":[{"id":2787,"href":"https:\/\/www.fmreview.org\/fr\/wp-json\/wp\/v2\/pages\/1856\/revisions\/2787"}],"wp:attachment":[{"href":"https:\/\/www.fmreview.org\/fr\/wp-json\/wp\/v2\/media?parent=1856"}],"curies":[{"name":"wp","href":"https:\/\/api.w.org\/{rel}","templated":true}]}}