{"id":873,"date":"2024-03-04T01:39:53","date_gmt":"2024-03-04T06:39:53","guid":{"rendered":"http:\/\/ready-for-feedback3.com\/shape-history\/fmr\/about-fmr\/"},"modified":"2025-09-17T04:23:53","modified_gmt":"2025-09-17T09:23:53","slug":"about-fmr","status":"publish","type":"page","link":"https:\/\/www.fmreview.org\/fr\/about-fmr\/","title":{"rendered":"\u00c0 propos de RMF"},"content":{"rendered":"<div class=\"wpb-content-wrapper\">[vc_section full_width=&#8221;stretch_row&#8221; el_class=&#8221;about&#8221;][vc_row full_width=&#8221;stretch_row_content&#8221; content_placement=&#8221;middle&#8221; column_spacing=&#8221;0px&#8221; equal_height=&#8221;yes&#8221; remove_bottom_col_margin=&#8221;true&#8221; el_class=&#8221;about__row-1&#8243;][vc_column width=&#8221;1\/2&#8243; el_class=&#8221;col-1&#8243;]<div class=\"vcex-heading vcex-heading-plain vcex-module wpex-heading wpex-text-2xl fmr-heading\"><span class=\"vcex-heading-inner wpex-inline-block\">Lancer le d\u00e9bat pour am\u00e9liorer la r\u00e9ponse au d\u00e9placement<\/span><\/div>[vc_column_text el_class=&#8221;fmr-text&#8221;]La Revue Migrations Forc\u00e9es r\u00e9unit une pluralit\u00e9 d\u2019auteurs bien inform\u00e9s \u2013 en particulier ceux qui ont eux-m\u00eames v\u00e9cu un d\u00e9placement forc\u00e9 \u2013 dans le but d\u2019encourager les connaissances pratiques et une discussion susceptible d\u2019am\u00e9liorer la situation des personnes d\u00e9plac\u00e9es de force.<\/p>\n<p>Depuis plus de 30\u00a0ans, RMF catalyse les \u00e9changes entre praticiens, universitaires et d\u00e9cideurs politiques sur les probl\u00e9matiques nouvelles en mati\u00e8re de migration et de d\u00e9placement.<\/p>\n<p>Publi\u00e9 en anglais, en arabe, en espagnol et en fran\u00e7ais, notre magazine phare est accessible \u00e0 un public mondial, en ligne et en version imprim\u00e9e. Un contenu audio\/visuel connexe est disponible en ligne.[\/vc_column_text][\/vc_column][vc_column width=&#8221;1\/2&#8243; css=&#8221;.vc_custom_1713879992980{background-image: url(\/wp-content\/uploads\/2024\/04\/RF1207719__MG_2453-min-scaled-e1713879854386.jpg?id=1984) !important;}&#8221; el_class=&#8221;col-2&#8243;][vc_column_text el_class=&#8221;credit-image&#8221;]Des personnes fuyant le conflit dans l\u2019est de l\u2019Ukraine montent dans un train en gare de Lviv. Cr\u00e9dits : HCR\/Valerio Muscella[\/vc_column_text][\/vc_column][\/vc_row][vc_row full_width=&#8221;stretch_row&#8221; content_placement=&#8221;middle&#8221; column_spacing=&#8221;0px&#8221; equal_height=&#8221;yes&#8221; remove_bottom_col_margin=&#8221;true&#8221; el_class=&#8221;about__row-2&#8243; css=&#8221;.vc_custom_1711372903116{background-position: center !important;background-repeat: no-repeat !important;background-size: contain !important;}&#8221; wpex_bg_position=&#8221;100% 50%&#8221;][vc_column][vc_row_inner equal_height=&#8221;yes&#8221; remove_bottom_col_margin=&#8221;true&#8221; el_class=&#8221;inner-row&#8221;][vc_column_inner el_class=&#8221;col-1&#8243; width=&#8221;5\/12&#8243;]<div class=\"vcex-heading vcex-heading-plain vcex-module wpex-heading wpex-text-2xl fmr-heading\"><span class=\"vcex-heading-inner wpex-inline-block\">Priorit\u00e9s de RMF<\/span><\/div>[vc_column_text el_class=&#8221;fmr-text&#8221;]RMF a pour priorit\u00e9s l\u2019inclusion et l\u2019impact. Nos programmes mettent ces priorit\u00e9s en pratique.[\/vc_column_text][\/vc_column_inner][vc_column_inner el_class=&#8221;col-2&#8243; width=&#8221;7\/12&#8243;]<style>.vcex-image-banner.vcex_69daecde88762{min-height:36rem;width:280px;}.vcex-image-banner.vcex_69daecde88762 .vcex-ib-content-wrap{padding:20px;}.vcex-image-banner.vcex_69daecde88762 .vcex-ib-content{max-width:280px;}.vcex-image-banner.vcex_69daecde88762 .vcex-ib-overlay-bg{background-color:#002147;opacity:1;}.vcex-image-banner.vcex_69daecde88762 .vcex-ib-title{color:#ffffff;font-size:24px;}@media (max-width:1024px){.vcex-image-banner.vcex_69daecde88762 .vcex-ib-title{font-size:24px;}}@media (max-width:959px){.vcex-image-banner.vcex_69daecde88762 .vcex-ib-title{font-size:24px;}}@media (max-width:767px){.vcex-image-banner.vcex_69daecde88762 .vcex-ib-title{font-size:18px;}}@media (max-width:479px){.vcex-image-banner.vcex_69daecde88762 .vcex-ib-title{font-size:18px;}}<\/style><div class=\"vcex-module vcex-image-banner wpex-flex wpex-flex-col wpex-w-100 wpex-justify-start wpex-relative wpex-overflow-hidden wpex-bg-gray-900 wpex-text-white wpex-hover-text-white wpex-max-w-100 wpex-mr-auto wpex-text-left wpex-shadow-none vcex-has-button box-1 vcex_69daecde88762\"><div class=\"vcex-ib-content-wrap wpex-w-100 wpex-transition-all wpex-duration-500 wpex-py-100 wpex-px-40 wpex-relative\"><div class=\"vcex-ib-content wpex-mr-auto\"><div class=\"vcex-ib-title wpex-heading\">Inclusion<\/div><div class=\"vcex-ib-caption wpex-text-lg wpex-last-mb-0 wpex-pb-10\">Notre programme d\u2019inclusion permet aux auteurs et lecteurs du monde entier d\u2019acc\u00e9der \u00e0 RMF. Il comprend : soutien r\u00e9dactionnel, mentorat et accessibilit\u00e9 linguistique \u00e0 toutes les \u00e9tapes du cycle de publication.<\/div><div class=\"vcex-ib-button\"><a href=\"#\" class=\"vcex-ib-button-inner theme-button\">EN SAVOIR PLUS<\/a><\/div><\/div><\/div><\/div><style>.vcex-image-banner.vcex_69daecde89325{min-height:36rem;width:280px;}.vcex-image-banner.vcex_69daecde89325 .vcex-ib-content-wrap{padding:20px;}.vcex-image-banner.vcex_69daecde89325 .vcex-ib-content{max-width:280px;}.vcex-image-banner.vcex_69daecde89325 .vcex-ib-overlay-bg{background-color:#002147;opacity:1;}.vcex-image-banner.vcex_69daecde89325 .vcex-ib-title{color:#ffffff;font-size:24px;}@media (max-width:1024px){.vcex-image-banner.vcex_69daecde89325 .vcex-ib-title{font-size:24px;}}@media (max-width:959px){.vcex-image-banner.vcex_69daecde89325 .vcex-ib-title{font-size:24px;}}@media (max-width:767px){.vcex-image-banner.vcex_69daecde89325 .vcex-ib-title{font-size:18px;}}@media (max-width:479px){.vcex-image-banner.vcex_69daecde89325 .vcex-ib-title{font-size:18px;}}<\/style><div class=\"vcex-module vcex-image-banner wpex-flex wpex-flex-col wpex-w-100 wpex-justify-start wpex-relative wpex-overflow-hidden wpex-bg-gray-900 wpex-text-white wpex-hover-text-white wpex-max-w-100 wpex-mr-auto wpex-text-left wpex-shadow-none vcex-has-button box-2 vcex_69daecde89325\"><div class=\"vcex-ib-content-wrap wpex-w-100 wpex-transition-all wpex-duration-500 wpex-py-100 wpex-px-40 wpex-relative\"><div class=\"vcex-ib-content wpex-mr-auto\"><div class=\"vcex-ib-title wpex-heading\">Impact<\/div><div class=\"vcex-ib-caption wpex-text-lg wpex-last-mb-0 wpex-pb-10\">Notre programme d\u2019impact veille \u00e0 ce que notre magazine atteigne les d\u00e9cideurs dans tous les domaines de la r\u00e9ponse au d\u00e9placement forc\u00e9, partout dans le monde. Il inclut un engagement multiformat, des tests d\u2019audience, des am\u00e9liorations en mati\u00e8re d\u2019accessibilit\u00e9 et un suivi de l\u2019impact.<\/div><div class=\"vcex-ib-button\"><a href=\"#\" class=\"vcex-ib-button-inner theme-button\">EN SAVOIR PLUS<\/a><\/div><\/div><\/div><\/div>[\/vc_column_inner][\/vc_row_inner][\/vc_column][\/vc_row][vc_row content_placement=&#8221;middle&#8221; equal_height=&#8221;yes&#8221; remove_bottom_col_margin=&#8221;true&#8221; el_class=&#8221;about__row-3&#8243; css=&#8221;.vc_custom_1711458270135{background: #cceff4 url(\/wp-content\/uploads\/2024\/03\/decor_about_3.svg?id=134) !important;background-position: 0 0 !important;background-repeat: no-repeat !important;}&#8221;][vc_column width=&#8221;1\/2&#8243; el_class=&#8221;col-1&#8243;]<figure class=\"vcex-image vcex-module\"><div class=\"vcex-image-inner wpex-relative wpex-inline-block\"><img width=\"465\" height=\"276\" src=\"https:\/\/www.fmreview.org\/wp-content\/uploads\/2024\/03\/about_3.png\" class=\"vcex-image-img wpex-align-middle\" alt=\"\" loading=\"lazy\" decoding=\"async\" srcset=\"https:\/\/www.fmreview.org\/wp-content\/uploads\/2024\/03\/about_3.png 465w, https:\/\/www.fmreview.org\/wp-content\/uploads\/2024\/03\/about_3-300x178.png 300w\" sizes=\"auto, (max-width: 465px) 100vw, 465px\" \/><\/div><\/figure>[\/vc_column][vc_column width=&#8221;1\/2&#8243; el_class=&#8221;col-2&#8243;]<div class=\"vcex-heading vcex-heading-plain vcex-module wpex-heading wpex-text-2xl fmr-heading\"><span class=\"vcex-heading-inner wpex-inline-block\">Structure et financement de RMF<\/span><\/div>[vc_column_text el_class=&#8221;fmr-text&#8221;]Revue Migrations Forc\u00e9es est une organisation semi-autonome h\u00e9berg\u00e9e par le Refugee Studies Center (Centre d\u2019\u00e9tudes sur les r\u00e9fugi\u00e9s) de l\u2019Universit\u00e9 d\u2019Oxford. Son magazine phare, \u00e9galement appel\u00e9 Revue Migrations Forc\u00e9es, a \u00e9t\u00e9 publi\u00e9 pour la premi\u00e8re fois en 1987 sous le titre Refugee Participation Network (R\u00e9seau de participation des r\u00e9fugi\u00e9s), et a \u00e9t\u00e9 relanc\u00e9 en 1998 sous son nom actuel.<\/p>\n<p>La Revue Migrations Forc\u00e9es est financ\u00e9e exclusivement gr\u00e2ce aux g\u00e9n\u00e9reuses contributions de nos <a href=\"https:\/\/www.fmreview.org\/fr\/support-fmr\/\">donateurs<\/a> publics et priv\u00e9s. L\u2019appui administratif est fourni par le Refugee Studies Center et l\u2019universit\u00e9 d\u2019Oxford en g\u00e9n\u00e9ral.[\/vc_column_text][\/vc_column][\/vc_row][vc_row remove_bottom_col_margin=&#8221;true&#8221; el_class=&#8221;about__row-4&#8243;][vc_column]<div class=\"vcex-heading vcex-heading-plain vcex-module wpex-heading wpex-text-2xl wpex-text-center fmr-heading\"><span class=\"vcex-heading-inner wpex-inline-block\">\u00c9quipe et conseillers<\/span><\/div>[vc_tta_tabs shape=&#8221;square&#8221; color=&#8221;white&#8221; alignment=&#8221;center&#8221; active_section=&#8221;1&#8243;][vc_tta_section title=&#8221;L\u2019\u00e9quipe RMF&#8221; tab_id=&#8221;tab_1&#8243;][vc_column_text]RMF est dirig\u00e9e par une \u00e9quipe \u00e9ditoriale compos\u00e9e d\u2019une r\u00e9dactrice en chef et de r\u00e9dactrices adjointes.[\/vc_column_text]<div class=\"vcex-shortcode wpex-clr\"><div id=\"ymc-smart-filter-container-1\" \r\n\t\t\t\t  class=\"ymc-smart-filter-container ymc-filter-909 ymc-loaded-filter ymc-no-filter-layout ymc-post-custom-layout ymc-pagination-numeric data-target-ymc909-1 data-target-ymc1 fmr-team-advisors\" data-loading=\"true\"\r\n\t\t\t\t  data-params='{\"cpt\":\"team_advisors\",\"tax\":\"categories_team\",\"terms\":\"544\",\"default_terms\":\"\",\"exclude_posts\":\"off\",\"choices_posts\":\"\",\"posts_selected\":\"all\",\"preloader_icon\":\"preloader_6\",\"type_pg\":\"numeric\",\"per_page\":\"5\",\"page\":\"1\",\"page_scroll\":\"1\",\"preloader_filters\":\"custom_filters\",\"preloader_filters_rate\":\"0.5\",\"preloader_filters_custom\":\"filter:brightness(0)saturate(100%)invert(71%)sepia(53%)saturate(437%)hue-rotate(110deg)brightness(91%)contrast(95%);\",\"post_animation\":\"\",\"popup_animation\":\"fade-in\",\"letter\":\"\",\"post_layout\":\"post-custom-layout\",\"filter_layout\":\"no-filter-layout\",\"filter_id\":\"909\",\"search\":\"\",\"search_filtered_posts\":\"0\",\"carousel_params\":&quot;&quot;,\"filter_date\":\"\",\"sort_order\":\"\",\"sort_orderby\":\"\",\"meta_key\":\"\",\"meta_query\":\"\",\"date_query\":\"\",\"data_target\":\"data-target-ymc1\",\"target_id\":\"1\",\"page_id\":\"0\"}'><div class=\"container-posts container-post-custom-layout\"><div class=\"post-entry ymc-xs-col-1 ymc-sm-col-2 ymc-md-col-3 ymc-lg-col-3 ymc-xl-col-3 ymc-xxl-col-3 post-custom-layout post-custom-layout-909 post-custom-layout-909-1\"><\/div><\/div><div class=\"ymc-popup-overlay\" style=\"background: #141518e6\"><div class=\"ymc-popup-wrp popup-909 popup-909-1 popup-right\" style=\"transform-origin:right center; width:58rem;height:100%;\"><span class=\"btn-close\" title=\"Close\"><i class=\"fas fa-times\"><\/i><\/span><hr\/><div class=\"popup-entry\"><\/div><\/div><\/div><\/div><\/div>[\/vc_tta_section][vc_tta_section title=&#8221;Conseil consultatif&#8221; tab_id=&#8221;tab_2&#8243;][vc_column_text]Le Conseil consultatif de RMF regroupe une large palette d\u2019experts en d\u00e9placement forc\u00e9 qui fournissent \u00e9clairages et conseils sur la direction strat\u00e9gique de RMF et son contenu \u00e9ditorial.[\/vc_column_text][vc_column_text el_class=&#8221;list-board-members&#8221;]\n<ul>\n<li><strong>Lina Abirafeh<\/strong> \u2013 Lebanese American University<\/li>\n<li><strong>Nina M Birkeland<\/strong> \u2013 Norwegian Refugee Council<\/li>\n<li><strong>Jeff Crisp<\/strong> \u2013 independent consultant<\/li>\n<li><strong>Matthew Gibney<\/strong> &#8211; Director, Refugee Studies Centre, University of Oxford<\/li>\n<li><strong>Lucy Kiama<\/strong> \u2013 HIAS Kenya<\/li>\n<li><strong>Khalid Koser<\/strong> \u2013 Global Community Engagement and Resilience Fund<\/li>\n<li><strong>Erin Mooney<\/strong> \u2013 UN Protection Capacity\/ProCap<\/li>\n<li><strong>Kathrine Starup<\/strong> \u2013 Danish Refugee Council<\/li>\n<li><strong>Madeline Garlick<\/strong> \u2013 UNHCR<\/li>\n<li><strong>Marcia Vera Espinoza<\/strong> \u2013 Queen Margaret University<\/li>\n<li><strong>Richard Williams<\/strong> \u2013 independent consultant<\/li>\n<\/ul>\n[\/vc_column_text][\/vc_tta_section][\/vc_tta_tabs][\/vc_column][\/vc_row][vc_row full_width=&#8221;stretch_row&#8221; content_placement=&#8221;middle&#8221; equal_height=&#8221;yes&#8221; remove_bottom_col_margin=&#8221;true&#8221; el_class=&#8221;about__row-5&#8243; local_scroll_id=&#8221;join-team&#8221; el_id=&#8221;join-team&#8221;][vc_column][vc_row_inner content_placement=&#8221;middle&#8221; remove_bottom_col_margin=&#8221;true&#8221; el_class=&#8221;inner-row&#8221;][vc_column_inner][vc_column_text]\n<h2>Devenez membre de l\u2019\u00e9quipe RMF<\/h2>\n<p>Avez-vous envie de favoriser l\u2019apprentissage pratique et la discussion pour am\u00e9liorer la r\u00e9ponse au d\u00e9placement forc\u00e9\u00a0? Si la r\u00e9ponse est oui, pourquoi ne pas nous rejoindre\u00a0? RMF encourage tout particuli\u00e8rement les personnes qui ont l\u2019exp\u00e9rience voulue, et notamment une exp\u00e9rience v\u00e9cue, \u00e0 poser leur candidature pour les postes actuellement vacants.<\/p>\n<p><strong>Il n&#8217;y a aucune offre d&#8217;emploi actuellement.<\/strong>[\/vc_column_text]<div class=\"vcex-shortcode wpex-clr hidden\"><div id=\"ymc-smart-filter-container-2\" \r\n\t\t\t\t  class=\"ymc-smart-filter-container ymc-filter-915 ymc-loaded-filter ymc-no-filter-layout ymc-post-custom-layout ymc-pagination-numeric data-target-ymc915-2 data-target-ymc2 vacancies\" data-loading=\"true\"\r\n\t\t\t\t  data-params='{\"cpt\":\"vacancies\",\"tax\":\"category\",\"terms\":\"\",\"default_terms\":\"\",\"exclude_posts\":\"off\",\"choices_posts\":\"\",\"posts_selected\":\"all\",\"preloader_icon\":\"preloader_6\",\"type_pg\":\"numeric\",\"per_page\":\"3\",\"page\":\"1\",\"page_scroll\":\"1\",\"preloader_filters\":\"custom_filters\",\"preloader_filters_rate\":\"0.5\",\"preloader_filters_custom\":\"filter:brightness(0)saturate(100%)invert(71%)sepia(53%)saturate(437%)hue-rotate(110deg)brightness(91%)contrast(95%);\",\"post_animation\":\"\",\"popup_animation\":\"normal\",\"letter\":\"\",\"post_layout\":\"post-custom-layout\",\"filter_layout\":\"no-filter-layout\",\"filter_id\":\"915\",\"search\":\"\",\"search_filtered_posts\":\"0\",\"carousel_params\":&quot;&quot;,\"filter_date\":\"\",\"sort_order\":\"\",\"sort_orderby\":\"\",\"meta_key\":\"\",\"meta_query\":\"\",\"date_query\":\"\",\"data_target\":\"data-target-ymc2\",\"target_id\":\"2\",\"page_id\":\"0\"}'><div class=\"container-posts container-post-custom-layout\"><div class=\"post-entry ymc-xs-col-1 ymc-sm-col-1 ymc-md-col-1 ymc-lg-col-1 ymc-xl-col-1 ymc-xxl-col-1 post-custom-layout post-custom-layout-915 post-custom-layout-915-2\"><\/div><\/div><\/div><\/div>[\/vc_column_inner][\/vc_row_inner][\/vc_column][\/vc_row][\/vc_section]\n<\/div>","protected":false},"excerpt":{"rendered":"<p>[vc_section full_width=&#8221;stretch_row&#8221; el_class=&#8221;about&#8221;][vc_row full_width=&#8221;stretch_row_content&#8221; content_placement=&#8221;middle&#8221; column_spacing=&#8221;0px&#8221; equal_height=&#8221;yes&#8221; remove_bottom_col_margin=&#8221;true&#8221; el_class=&#8221;about__row-1&#8243;][vc_column width=&#8221;1\/2&#8243; el_class=&#8221;col-1&#8243;][vc_column_text el_class=&#8221;fmr-text&#8221;]La Revue Migrations Forc\u00e9es r\u00e9unit une pluralit\u00e9 d\u2019auteurs bien inform\u00e9s \u2013 en particulier ceux qui ont eux-m\u00eames v\u00e9cu un d\u00e9placement forc\u00e9 \u2013 dans le but d\u2019encourager les connaissances pratiques et une discussion susceptible d\u2019am\u00e9liorer la situation des personnes d\u00e9plac\u00e9es de force. Depuis plus de&hellip;<\/p>\n","protected":false},"author":6,"featured_media":0,"parent":0,"menu_order":0,"comment_status":"closed","ping_status":"open","template":"","meta":{"_acf_changed":false,"inline_featured_image":false,"footnotes":""},"class_list":["post-873","page","type-page","status-publish","hentry","entry","no-media"],"acf":[],"yoast_head":"<!-- This site is optimized with the Yoast SEO plugin v26.7 - https:\/\/yoast.com\/wordpress\/plugins\/seo\/ -->\n<title>\u00c0 propos de RMF - Forced Migration Review<\/title>\n<meta name=\"robots\" content=\"index, follow, max-snippet:-1, max-image-preview:large, max-video-preview:-1\" \/>\n<link rel=\"canonical\" href=\"https:\/\/www.fmreview.org\/fr\/about-fmr\/\" \/>\n<meta property=\"og:locale\" content=\"fr_FR\" \/>\n<meta property=\"og:type\" content=\"article\" \/>\n<meta property=\"og:title\" content=\"\u00c0 propos de RMF - Forced Migration Review\" \/>\n<meta property=\"og:description\" content=\"[vc_section full_width=&#8221;stretch_row&#8221; el_class=&#8221;about&#8221;][vc_row full_width=&#8221;stretch_row_content&#8221; content_placement=&#8221;middle&#8221; column_spacing=&#8221;0px&#8221; equal_height=&#8221;yes&#8221; remove_bottom_col_margin=&#8221;true&#8221; el_class=&#8221;about__row-1&#8243;][vc_column width=&#8221;1\/2&#8243; el_class=&#8221;col-1&#8243;][vc_column_text el_class=&#8221;fmr-text&#8221;]La Revue Migrations Forc\u00e9es r\u00e9unit une pluralit\u00e9 d\u2019auteurs bien inform\u00e9s \u2013 en particulier ceux qui ont eux-m\u00eames v\u00e9cu un d\u00e9placement forc\u00e9 \u2013 dans le but d\u2019encourager les connaissances pratiques et une discussion susceptible d\u2019am\u00e9liorer la situation des personnes d\u00e9plac\u00e9es de force. Depuis plus de&hellip;\" \/>\n<meta property=\"og:url\" content=\"https:\/\/www.fmreview.org\/fr\/about-fmr\/\" \/>\n<meta property=\"og:site_name\" content=\"Forced Migration Review\" \/>\n<meta property=\"article:modified_time\" content=\"2025-09-17T09:23:53+00:00\" \/>\n<meta name=\"twitter:card\" content=\"summary_large_image\" \/>\n<meta name=\"twitter:label1\" content=\"Est. reading time\" \/>\n\t<meta name=\"twitter:data1\" content=\"3 minutes\" \/>\n<script type=\"application\/ld+json\" class=\"yoast-schema-graph\">{\"@context\":\"https:\/\/schema.org\",\"@graph\":[{\"@type\":\"WebPage\",\"@id\":\"https:\/\/www.fmreview.org\/fr\/about-fmr\/\",\"url\":\"https:\/\/www.fmreview.org\/fr\/about-fmr\/\",\"name\":\"\u00c0 propos de RMF - Forced Migration Review\",\"isPartOf\":{\"@id\":\"https:\/\/www.fmreview.org\/#website\"},\"datePublished\":\"2024-03-04T06:39:53+00:00\",\"dateModified\":\"2025-09-17T09:23:53+00:00\",\"breadcrumb\":{\"@id\":\"https:\/\/www.fmreview.org\/fr\/about-fmr\/#breadcrumb\"},\"inLanguage\":\"fr-FR\",\"potentialAction\":[{\"@type\":\"ReadAction\",\"target\":[\"https:\/\/www.fmreview.org\/fr\/about-fmr\/\"]}]},{\"@type\":\"BreadcrumbList\",\"@id\":\"https:\/\/www.fmreview.org\/fr\/about-fmr\/#breadcrumb\",\"itemListElement\":[{\"@type\":\"ListItem\",\"position\":1,\"name\":\"Home\",\"item\":\"https:\/\/www.fmreview.org\/fr\/\"},{\"@type\":\"ListItem\",\"position\":2,\"name\":\"\u00c0 propos de RMF\"}]},{\"@type\":\"WebSite\",\"@id\":\"https:\/\/www.fmreview.org\/#website\",\"url\":\"https:\/\/www.fmreview.org\/\",\"name\":\"Forced Migration Review\",\"description\":\"\",\"publisher\":{\"@id\":\"https:\/\/www.fmreview.org\/#organization\"},\"potentialAction\":[{\"@type\":\"SearchAction\",\"target\":{\"@type\":\"EntryPoint\",\"urlTemplate\":\"https:\/\/www.fmreview.org\/?s={search_term_string}\"},\"query-input\":{\"@type\":\"PropertyValueSpecification\",\"valueRequired\":true,\"valueName\":\"search_term_string\"}}],\"inLanguage\":\"fr-FR\"},{\"@type\":\"Organization\",\"@id\":\"https:\/\/www.fmreview.org\/#organization\",\"name\":\"Forced Migration Review\",\"url\":\"https:\/\/www.fmreview.org\/\",\"logo\":{\"@type\":\"ImageObject\",\"inLanguage\":\"fr-FR\",\"@id\":\"https:\/\/www.fmreview.org\/#\/schema\/logo\/image\/\",\"url\":\"https:\/\/www.fmreview.org\/wp-content\/uploads\/2024\/02\/FMR_logo1.svg\",\"contentUrl\":\"https:\/\/www.fmreview.org\/wp-content\/uploads\/2024\/02\/FMR_logo1.svg\",\"width\":53,\"height\":62,\"caption\":\"Forced Migration Review\"},\"image\":{\"@id\":\"https:\/\/www.fmreview.org\/#\/schema\/logo\/image\/\"}}]}<\/script>\n<!-- \/ Yoast SEO plugin. -->","yoast_head_json":{"title":"\u00c0 propos de RMF - Forced Migration Review","robots":{"index":"index","follow":"follow","max-snippet":"max-snippet:-1","max-image-preview":"max-image-preview:large","max-video-preview":"max-video-preview:-1"},"canonical":"https:\/\/www.fmreview.org\/fr\/about-fmr\/","og_locale":"fr_FR","og_type":"article","og_title":"\u00c0 propos de RMF - Forced Migration Review","og_description":"[vc_section full_width=&#8221;stretch_row&#8221; el_class=&#8221;about&#8221;][vc_row full_width=&#8221;stretch_row_content&#8221; content_placement=&#8221;middle&#8221; column_spacing=&#8221;0px&#8221; equal_height=&#8221;yes&#8221; remove_bottom_col_margin=&#8221;true&#8221; el_class=&#8221;about__row-1&#8243;][vc_column width=&#8221;1\/2&#8243; el_class=&#8221;col-1&#8243;][vc_column_text el_class=&#8221;fmr-text&#8221;]La Revue Migrations Forc\u00e9es r\u00e9unit une pluralit\u00e9 d\u2019auteurs bien inform\u00e9s \u2013 en particulier ceux qui ont eux-m\u00eames v\u00e9cu un d\u00e9placement forc\u00e9 \u2013 dans le but d\u2019encourager les connaissances pratiques et une discussion susceptible d\u2019am\u00e9liorer la situation des personnes d\u00e9plac\u00e9es de force. Depuis plus de&hellip;","og_url":"https:\/\/www.fmreview.org\/fr\/about-fmr\/","og_site_name":"Forced Migration Review","article_modified_time":"2025-09-17T09:23:53+00:00","twitter_card":"summary_large_image","twitter_misc":{"Est. reading time":"3 minutes"},"schema":{"@context":"https:\/\/schema.org","@graph":[{"@type":"WebPage","@id":"https:\/\/www.fmreview.org\/fr\/about-fmr\/","url":"https:\/\/www.fmreview.org\/fr\/about-fmr\/","name":"\u00c0 propos de RMF - Forced Migration Review","isPartOf":{"@id":"https:\/\/www.fmreview.org\/#website"},"datePublished":"2024-03-04T06:39:53+00:00","dateModified":"2025-09-17T09:23:53+00:00","breadcrumb":{"@id":"https:\/\/www.fmreview.org\/fr\/about-fmr\/#breadcrumb"},"inLanguage":"fr-FR","potentialAction":[{"@type":"ReadAction","target":["https:\/\/www.fmreview.org\/fr\/about-fmr\/"]}]},{"@type":"BreadcrumbList","@id":"https:\/\/www.fmreview.org\/fr\/about-fmr\/#breadcrumb","itemListElement":[{"@type":"ListItem","position":1,"name":"Home","item":"https:\/\/www.fmreview.org\/fr\/"},{"@type":"ListItem","position":2,"name":"\u00c0 propos de RMF"}]},{"@type":"WebSite","@id":"https:\/\/www.fmreview.org\/#website","url":"https:\/\/www.fmreview.org\/","name":"Forced Migration Review","description":"","publisher":{"@id":"https:\/\/www.fmreview.org\/#organization"},"potentialAction":[{"@type":"SearchAction","target":{"@type":"EntryPoint","urlTemplate":"https:\/\/www.fmreview.org\/?s={search_term_string}"},"query-input":{"@type":"PropertyValueSpecification","valueRequired":true,"valueName":"search_term_string"}}],"inLanguage":"fr-FR"},{"@type":"Organization","@id":"https:\/\/www.fmreview.org\/#organization","name":"Forced Migration Review","url":"https:\/\/www.fmreview.org\/","logo":{"@type":"ImageObject","inLanguage":"fr-FR","@id":"https:\/\/www.fmreview.org\/#\/schema\/logo\/image\/","url":"https:\/\/www.fmreview.org\/wp-content\/uploads\/2024\/02\/FMR_logo1.svg","contentUrl":"https:\/\/www.fmreview.org\/wp-content\/uploads\/2024\/02\/FMR_logo1.svg","width":53,"height":62,"caption":"Forced Migration Review"},"image":{"@id":"https:\/\/www.fmreview.org\/#\/schema\/logo\/image\/"}}]}},"_links":{"self":[{"href":"https:\/\/www.fmreview.org\/fr\/wp-json\/wp\/v2\/pages\/873","targetHints":{"allow":["GET"]}}],"collection":[{"href":"https:\/\/www.fmreview.org\/fr\/wp-json\/wp\/v2\/pages"}],"about":[{"href":"https:\/\/www.fmreview.org\/fr\/wp-json\/wp\/v2\/types\/page"}],"author":[{"embeddable":true,"href":"https:\/\/www.fmreview.org\/fr\/wp-json\/wp\/v2\/users\/6"}],"replies":[{"embeddable":true,"href":"https:\/\/www.fmreview.org\/fr\/wp-json\/wp\/v2\/comments?post=873"}],"version-history":[{"count":30,"href":"https:\/\/www.fmreview.org\/fr\/wp-json\/wp\/v2\/pages\/873\/revisions"}],"predecessor-version":[{"id":48791,"href":"https:\/\/www.fmreview.org\/fr\/wp-json\/wp\/v2\/pages\/873\/revisions\/48791"}],"wp:attachment":[{"href":"https:\/\/www.fmreview.org\/fr\/wp-json\/wp\/v2\/media?parent=873"}],"curies":[{"name":"wp","href":"https:\/\/api.w.org\/{rel}","templated":true}]}}