{"id":876,"date":"2024-03-19T10:15:29","date_gmt":"2024-03-19T15:15:29","guid":{"rendered":"http:\/\/ready-for-feedback3.com\/shape-history\/fmr\/support-fmr\/"},"modified":"2024-08-01T17:19:23","modified_gmt":"2024-08-01T22:19:23","slug":"support-fmr","status":"publish","type":"page","link":"https:\/\/www.fmreview.org\/fr\/support-fmr\/","title":{"rendered":"Soutenir RMF"},"content":{"rendered":"<div class=\"wpb-content-wrapper\">[vc_section full_width=&#8221;stretch_row&#8221; el_class=&#8221;support-fmr&#8221;][vc_row full_width=&#8221;stretch_row_content&#8221; content_placement=&#8221;middle&#8221; column_spacing=&#8221;0px&#8221; equal_height=&#8221;yes&#8221; remove_bottom_col_margin=&#8221;true&#8221; el_class=&#8221;support-fmr__row-1&#8243;][vc_column width=&#8221;1\/2&#8243; el_class=&#8221;col-1&#8243;]<div class=\"vcex-heading vcex-heading-plain vcex-module wpex-heading wpex-text-2xl fmr-sub-heading\"><span class=\"vcex-heading-inner wpex-inline-block\">Pour une r\u00e9ponse au d\u00e9placement<br \/>\nplus inclusive et plus efficace<\/span><\/div><div class=\"vcex-heading vcex-heading-plain vcex-module wpex-heading wpex-text-2xl fmr-heading\"><span class=\"vcex-heading-inner wpex-inline-block\">Soutenir RMF<\/span><\/div>[vc_column_text el_class=&#8221;fmr-text&#8221;]Nous consid\u00e9rons que les personnes d\u00e9plac\u00e9es de force doivent avoir une voix pr\u00e9pond\u00e9rante dans la r\u00e9ponse au d\u00e9placement et que dans ce domaine, les politiques et programmes doivent refl\u00e9ter les donn\u00e9es probantes tir\u00e9es de la recherche, de la pratique et de l\u2019exp\u00e9rience v\u00e9cue.<\/p>\n<p>RMF d\u00e9pend du g\u00e9n\u00e9reux soutien de donateurs qui partagent ses convictions. Ensemble, nous r\u00e9unissons les personnes d\u00e9plac\u00e9es de force et leurs alli\u00e9s pour partager des enseignements et lancer une discussion qui parviendra jusqu\u2019aux d\u00e9cideurs dans tous les domaines de la r\u00e9ponse au d\u00e9placement.<\/p>\n<p><strong>Rejoignez-nous.<\/strong><\/p>\n<p><a class=\"fmr-btn fmr-btn--eucalyptus fmr-btn--eucalyptus-arrow\" href=\"https:\/\/www.development.ox.ac.uk\/mag?id=aac72e48-890e-480c-9e45-a676a1a89b9c\" target=\"_blank\" rel=\"noopener\"><span class=\"btn-text\">FAITES UN DON D\u00c8S AUJOURD\u2019HUI<\/span><\/a>[\/vc_column_text][\/vc_column][vc_column width=&#8221;1\/2&#8243; css=&#8221;.vc_custom_1714137204005{background-image: url(\/wp-content\/uploads\/2024\/04\/RF1324250_16DiasFMK_LaPaz_29112023_ACNUR_WilliamWroblewski_19-scaled.webp?id=2064) !important;}&#8221; el_class=&#8221;col-2&#8243;][vc_column_text el_class=&#8221;credit-image&#8221;]Autonomisation des femmes r\u00e9fugi\u00e9es et migrantes face \u00e0 la violence bas\u00e9e sur le genre en Bolivie. Cr\u00e9dits\u00a0: HCR\/William Wroblewski[\/vc_column_text][\/vc_column][\/vc_row][vc_row content_placement=&#8221;middle&#8221; equal_height=&#8221;yes&#8221; remove_bottom_col_margin=&#8221;true&#8221; el_class=&#8221;support-fmr__row-2&#8243;][vc_column]<div class=\"vcex-shortcode wpex-clr\"><div class=\"support-content\"><div class=\"support-content__entry\"><article class=\"slide-item\"><div class=\"row\"> <div class=\"col col-1\"><div class=\"panel-tabs\">\n\t\t\t\t  <a class=\"tab tab-volunteer selected\" href=\"#\">B\u00e9n\u00e9vole<\/a>\n\t\t\t\t  <a class=\"tab tab-partner\" href=\"#\">Partenariat<\/a><\/div><div class=\"content-inner content-volunteer\"><header class=\"header\">Devenez b\u00e9n\u00e9vole<\/header><div class=\"text\"><p>Les programmes d\u2019inclusion et d\u2019impact de RMF ne peuvent \u00eatre mis en \u0153uvre qu\u2019avec l\u2019aide de b\u00e9n\u00e9voles d\u00e9vou\u00e9s. Nos <strong>mentors<\/strong> offrent leur aide \u00e0 de nouveaux auteurs qui ont v\u00e9cu une exp\u00e9rience de d\u00e9placement forc\u00e9. Nos<strong> traducteurs<\/strong> s\u2019assurent que le contenu publi\u00e9 par RMF est accessible et exact. Nos <strong>conseillers<\/strong>, experts en mati\u00e8re de d\u00e9placement forc\u00e9 et de probl\u00e9matiques connexes, fournissent des informations et des conseils sur l\u2019orientation strat\u00e9gique et le contenu \u00e9ditorial de RMF.<\/p>\n<\/div> <div class=\"buttons-wrp\"><a class=\"fmr-btn fmr-btn--oxfordBlue fmr-btn--oxfordBlue-arrow no-rollover popmake-1325\" href=\"#\">\n\t\t\t\t\t  <span class=\"btn-text\">DEVENEZ MENTOR<\/span><\/a><a class=\"fmr-btn fmr-btn--oxfordBlue fmr-btn--oxfordBlue-arrow no-rollover popmake-1333\" href=\"#\">\n\t\t\t\t\t  <span class=\"btn-text\">DEVENEZ CONSEILLER<\/span><\/a><a class=\"fmr-btn fmr-btn--oxfordBlue fmr-btn--oxfordBlue-arrow no-rollover popmake-1337\" href=\"#\">\n\t\t\t<span class=\"btn-text\">DEVENEZ TRADUCTEUR\u00b7RICE\/INTERPR\u00c8TE<\/span><\/a><\/div><\/div><\/div><div class=\"col col-2\"><figure class=\"media\"><img src=\"https:\/\/www.fmreview.org\/wp-content\/uploads\/2024\/08\/French-Become-A.webp\" \/><span class=\"credit-image\">Le partage d\u2019un repas dans le camp de r\u00e9fugi\u00e9s de Nyaragusu, en Tanzanie. Journ\u00e9e mondiale de lutte contre le sida 2023. Cr\u00e9dits\u00a0: HCR\/Maimuna Mtengela<\/span><\/figure><\/div><\/div><\/article><article class=\"slide-item\"><div class=\"row\"> <div class=\"col col-1\"><div class=\"panel-tabs\">\n\t\t\t\t  <a class=\"tab tab-volunteer\" href=\"#\">B\u00e9n\u00e9vole<\/a>\n\t\t\t\t  <a class=\"tab tab-partner selected\" href=\"#\">Partenariat<\/a><\/div><div class=\"content-inner content-partner\"><header class=\"header\">Devenez partenaire de RMF<\/header><div class=\"text\"><p>RMF travaille en partenariat avec d\u2019autres acteurs de la r\u00e9ponse au d\u00e9placement pour mettre en exergue des th\u00e8mes d\u2019actualit\u00e9.<\/p>\n<p>Ces partenaires se chargent de trouver des financements pour un num\u00e9ro ou un dossier sp\u00e9cial de RMF. Ils fournissent \u00e9galement des conseils sur l\u2019orientation et le contenu du num\u00e9ro (m\u00eame si RMF reste responsable des d\u00e9cisions \u00e9ditoriales).<\/p>\n<p>Si vous souhaitez nous proposer un partenariat ou en \u00e9tudier la possibilit\u00e9.<\/p>\n<\/div> <div class=\"buttons-wrp\"><a class=\"fmr-btn fmr-btn--oxfordBlue fmr-btn--oxfordBlue-arrow\" href=\"mailto:mailto:fmr@qeh.ox.ac.uk\">\n\t\t\t\t\t  <span class=\"btn-text\">ENVOYEZ-NOUS UN E-MAIL<\/span><\/a><\/div><\/div><\/div><div class=\"col col-2\"><figure class=\"media\"><img src=\"https:\/\/www.fmreview.org\/wp-content\/uploads\/2024\/05\/FR-FMR-Partner.jpg\" \/><span class=\"credit-image\">Des artistes provenant de 9 pays cr\u00e9ent une fresque \u00e0 Sofia, en Bulgarie avec des enfants r\u00e9fugi\u00e9s. Cr\u00e9dits\u00a0: HCR\/Dobrin Kashavelov<\/span><\/figure><\/div><\/div><\/article><\/div><\/div><\/div>[\/vc_column][\/vc_row][vc_row full_width=&#8221;stretch_row&#8221; content_placement=&#8221;middle&#8221; equal_height=&#8221;yes&#8221; remove_bottom_col_margin=&#8221;true&#8221; el_class=&#8221;support-fmr__row-3&#8243; css=&#8221;.vc_custom_1710948852486{background: #cceff4 url(\/wp-content\/uploads\/2024\/03\/bg_decor.svg?id=482) !important;background-position: center !important;background-repeat: no-repeat !important;background-size: contain !important;}&#8221; wpex_bg_position=&#8221;100% 50%&#8221;][vc_column][vc_row_inner equal_height=&#8221;yes&#8221; content_placement=&#8221;middle&#8221; remove_bottom_col_margin=&#8221;true&#8221; el_class=&#8221;inner-row&#8221;][vc_column_inner][vc_column_text]\n<h2>Nos donateurs<\/h2>\n<p>RMF est fi\u00e8re d\u2019entretenir de solides relations de collaboration avec ses diff\u00e9rents donateurs. Nous sommes tr\u00e8s reconnaissants aux r\u00e9cents donateurs sous-mentionn\u00e9s pour leur soutien.<\/p>\n<ul>\n<li>ADRA International<\/li>\n<li>Danish Refugee Council<\/li>\n<li>Department of Justice Studies at James Madison University<\/li>\n<li>HelpAge International<\/li>\n<li>The Institute for Global Innovation &#8211; Gender Equality group &#8211; University of Birmingham<\/li>\n<li>International Labour Organization<\/li>\n<li>Jesuit Refugee Service<\/li>\n<li>Refugees International<\/li>\n<li>The Robert Bosch Stiftung<\/li>\n<li>Swiss Federal Department of Foreign Affairs<\/li>\n<li>UNHCR<\/li>\n<li>Women\u2019s Refugee Commission<\/li>\n<\/ul>\n[\/vc_column_text][\/vc_column_inner][\/vc_row_inner][\/vc_column][\/vc_row][\/vc_section]\n<\/div>","protected":false},"excerpt":{"rendered":"<p>[vc_section full_width=&#8221;stretch_row&#8221; el_class=&#8221;support-fmr&#8221;][vc_row full_width=&#8221;stretch_row_content&#8221; content_placement=&#8221;middle&#8221; column_spacing=&#8221;0px&#8221; equal_height=&#8221;yes&#8221; remove_bottom_col_margin=&#8221;true&#8221; el_class=&#8221;support-fmr__row-1&#8243;][vc_column width=&#8221;1\/2&#8243; el_class=&#8221;col-1&#8243;][vc_column_text el_class=&#8221;fmr-text&#8221;]Nous consid\u00e9rons que les personnes d\u00e9plac\u00e9es de force doivent avoir une voix pr\u00e9pond\u00e9rante dans la r\u00e9ponse au d\u00e9placement et que dans ce domaine, les politiques et programmes doivent refl\u00e9ter les donn\u00e9es probantes tir\u00e9es de la recherche, de la pratique et de l\u2019exp\u00e9rience v\u00e9cue. RMF&hellip;<\/p>\n","protected":false},"author":6,"featured_media":0,"parent":0,"menu_order":0,"comment_status":"closed","ping_status":"open","template":"","meta":{"_acf_changed":false,"inline_featured_image":false,"footnotes":""},"class_list":["post-876","page","type-page","status-publish","hentry","entry","no-media"],"acf":[],"yoast_head":"<!-- This site is optimized with the Yoast SEO plugin v26.7 - https:\/\/yoast.com\/wordpress\/plugins\/seo\/ -->\n<title>Soutenir RMF - Forced Migration Review<\/title>\n<meta name=\"robots\" content=\"index, follow, max-snippet:-1, max-image-preview:large, max-video-preview:-1\" \/>\n<link rel=\"canonical\" href=\"https:\/\/www.fmreview.org\/fr\/support-fmr\/\" \/>\n<meta property=\"og:locale\" content=\"fr_FR\" \/>\n<meta property=\"og:type\" content=\"article\" \/>\n<meta property=\"og:title\" content=\"Soutenir RMF - Forced Migration Review\" \/>\n<meta property=\"og:description\" content=\"[vc_section full_width=&#8221;stretch_row&#8221; el_class=&#8221;support-fmr&#8221;][vc_row full_width=&#8221;stretch_row_content&#8221; content_placement=&#8221;middle&#8221; column_spacing=&#8221;0px&#8221; equal_height=&#8221;yes&#8221; remove_bottom_col_margin=&#8221;true&#8221; el_class=&#8221;support-fmr__row-1&#8243;][vc_column width=&#8221;1\/2&#8243; el_class=&#8221;col-1&#8243;][vc_column_text el_class=&#8221;fmr-text&#8221;]Nous consid\u00e9rons que les personnes d\u00e9plac\u00e9es de force doivent avoir une voix pr\u00e9pond\u00e9rante dans la r\u00e9ponse au d\u00e9placement et que dans ce domaine, les politiques et programmes doivent refl\u00e9ter les donn\u00e9es probantes tir\u00e9es de la recherche, de la pratique et de l\u2019exp\u00e9rience v\u00e9cue. RMF&hellip;\" \/>\n<meta property=\"og:url\" content=\"https:\/\/www.fmreview.org\/fr\/support-fmr\/\" \/>\n<meta property=\"og:site_name\" content=\"Forced Migration Review\" \/>\n<meta property=\"article:modified_time\" content=\"2024-08-01T22:19:23+00:00\" \/>\n<meta name=\"twitter:card\" content=\"summary_large_image\" \/>\n<meta name=\"twitter:label1\" content=\"Est. reading time\" \/>\n\t<meta name=\"twitter:data1\" content=\"2 minutes\" \/>\n<script type=\"application\/ld+json\" class=\"yoast-schema-graph\">{\"@context\":\"https:\/\/schema.org\",\"@graph\":[{\"@type\":\"WebPage\",\"@id\":\"https:\/\/www.fmreview.org\/fr\/support-fmr\/\",\"url\":\"https:\/\/www.fmreview.org\/fr\/support-fmr\/\",\"name\":\"Soutenir RMF - Forced Migration Review\",\"isPartOf\":{\"@id\":\"https:\/\/www.fmreview.org\/#website\"},\"datePublished\":\"2024-03-19T15:15:29+00:00\",\"dateModified\":\"2024-08-01T22:19:23+00:00\",\"breadcrumb\":{\"@id\":\"https:\/\/www.fmreview.org\/fr\/support-fmr\/#breadcrumb\"},\"inLanguage\":\"fr-FR\",\"potentialAction\":[{\"@type\":\"ReadAction\",\"target\":[\"https:\/\/www.fmreview.org\/fr\/support-fmr\/\"]}]},{\"@type\":\"BreadcrumbList\",\"@id\":\"https:\/\/www.fmreview.org\/fr\/support-fmr\/#breadcrumb\",\"itemListElement\":[{\"@type\":\"ListItem\",\"position\":1,\"name\":\"Home\",\"item\":\"https:\/\/www.fmreview.org\/fr\/\"},{\"@type\":\"ListItem\",\"position\":2,\"name\":\"Soutenir RMF\"}]},{\"@type\":\"WebSite\",\"@id\":\"https:\/\/www.fmreview.org\/#website\",\"url\":\"https:\/\/www.fmreview.org\/\",\"name\":\"Forced Migration Review\",\"description\":\"\",\"publisher\":{\"@id\":\"https:\/\/www.fmreview.org\/#organization\"},\"potentialAction\":[{\"@type\":\"SearchAction\",\"target\":{\"@type\":\"EntryPoint\",\"urlTemplate\":\"https:\/\/www.fmreview.org\/?s={search_term_string}\"},\"query-input\":{\"@type\":\"PropertyValueSpecification\",\"valueRequired\":true,\"valueName\":\"search_term_string\"}}],\"inLanguage\":\"fr-FR\"},{\"@type\":\"Organization\",\"@id\":\"https:\/\/www.fmreview.org\/#organization\",\"name\":\"Forced Migration Review\",\"url\":\"https:\/\/www.fmreview.org\/\",\"logo\":{\"@type\":\"ImageObject\",\"inLanguage\":\"fr-FR\",\"@id\":\"https:\/\/www.fmreview.org\/#\/schema\/logo\/image\/\",\"url\":\"https:\/\/www.fmreview.org\/wp-content\/uploads\/2024\/02\/FMR_logo1.svg\",\"contentUrl\":\"https:\/\/www.fmreview.org\/wp-content\/uploads\/2024\/02\/FMR_logo1.svg\",\"width\":53,\"height\":62,\"caption\":\"Forced Migration Review\"},\"image\":{\"@id\":\"https:\/\/www.fmreview.org\/#\/schema\/logo\/image\/\"}}]}<\/script>\n<!-- \/ Yoast SEO plugin. -->","yoast_head_json":{"title":"Soutenir RMF - Forced Migration Review","robots":{"index":"index","follow":"follow","max-snippet":"max-snippet:-1","max-image-preview":"max-image-preview:large","max-video-preview":"max-video-preview:-1"},"canonical":"https:\/\/www.fmreview.org\/fr\/support-fmr\/","og_locale":"fr_FR","og_type":"article","og_title":"Soutenir RMF - Forced Migration Review","og_description":"[vc_section full_width=&#8221;stretch_row&#8221; el_class=&#8221;support-fmr&#8221;][vc_row full_width=&#8221;stretch_row_content&#8221; content_placement=&#8221;middle&#8221; column_spacing=&#8221;0px&#8221; equal_height=&#8221;yes&#8221; remove_bottom_col_margin=&#8221;true&#8221; el_class=&#8221;support-fmr__row-1&#8243;][vc_column width=&#8221;1\/2&#8243; el_class=&#8221;col-1&#8243;][vc_column_text el_class=&#8221;fmr-text&#8221;]Nous consid\u00e9rons que les personnes d\u00e9plac\u00e9es de force doivent avoir une voix pr\u00e9pond\u00e9rante dans la r\u00e9ponse au d\u00e9placement et que dans ce domaine, les politiques et programmes doivent refl\u00e9ter les donn\u00e9es probantes tir\u00e9es de la recherche, de la pratique et de l\u2019exp\u00e9rience v\u00e9cue. RMF&hellip;","og_url":"https:\/\/www.fmreview.org\/fr\/support-fmr\/","og_site_name":"Forced Migration Review","article_modified_time":"2024-08-01T22:19:23+00:00","twitter_card":"summary_large_image","twitter_misc":{"Est. reading time":"2 minutes"},"schema":{"@context":"https:\/\/schema.org","@graph":[{"@type":"WebPage","@id":"https:\/\/www.fmreview.org\/fr\/support-fmr\/","url":"https:\/\/www.fmreview.org\/fr\/support-fmr\/","name":"Soutenir RMF - Forced Migration Review","isPartOf":{"@id":"https:\/\/www.fmreview.org\/#website"},"datePublished":"2024-03-19T15:15:29+00:00","dateModified":"2024-08-01T22:19:23+00:00","breadcrumb":{"@id":"https:\/\/www.fmreview.org\/fr\/support-fmr\/#breadcrumb"},"inLanguage":"fr-FR","potentialAction":[{"@type":"ReadAction","target":["https:\/\/www.fmreview.org\/fr\/support-fmr\/"]}]},{"@type":"BreadcrumbList","@id":"https:\/\/www.fmreview.org\/fr\/support-fmr\/#breadcrumb","itemListElement":[{"@type":"ListItem","position":1,"name":"Home","item":"https:\/\/www.fmreview.org\/fr\/"},{"@type":"ListItem","position":2,"name":"Soutenir RMF"}]},{"@type":"WebSite","@id":"https:\/\/www.fmreview.org\/#website","url":"https:\/\/www.fmreview.org\/","name":"Forced Migration Review","description":"","publisher":{"@id":"https:\/\/www.fmreview.org\/#organization"},"potentialAction":[{"@type":"SearchAction","target":{"@type":"EntryPoint","urlTemplate":"https:\/\/www.fmreview.org\/?s={search_term_string}"},"query-input":{"@type":"PropertyValueSpecification","valueRequired":true,"valueName":"search_term_string"}}],"inLanguage":"fr-FR"},{"@type":"Organization","@id":"https:\/\/www.fmreview.org\/#organization","name":"Forced Migration Review","url":"https:\/\/www.fmreview.org\/","logo":{"@type":"ImageObject","inLanguage":"fr-FR","@id":"https:\/\/www.fmreview.org\/#\/schema\/logo\/image\/","url":"https:\/\/www.fmreview.org\/wp-content\/uploads\/2024\/02\/FMR_logo1.svg","contentUrl":"https:\/\/www.fmreview.org\/wp-content\/uploads\/2024\/02\/FMR_logo1.svg","width":53,"height":62,"caption":"Forced Migration Review"},"image":{"@id":"https:\/\/www.fmreview.org\/#\/schema\/logo\/image\/"}}]}},"_links":{"self":[{"href":"https:\/\/www.fmreview.org\/fr\/wp-json\/wp\/v2\/pages\/876","targetHints":{"allow":["GET"]}}],"collection":[{"href":"https:\/\/www.fmreview.org\/fr\/wp-json\/wp\/v2\/pages"}],"about":[{"href":"https:\/\/www.fmreview.org\/fr\/wp-json\/wp\/v2\/types\/page"}],"author":[{"embeddable":true,"href":"https:\/\/www.fmreview.org\/fr\/wp-json\/wp\/v2\/users\/6"}],"replies":[{"embeddable":true,"href":"https:\/\/www.fmreview.org\/fr\/wp-json\/wp\/v2\/comments?post=876"}],"version-history":[{"count":28,"href":"https:\/\/www.fmreview.org\/fr\/wp-json\/wp\/v2\/pages\/876\/revisions"}],"predecessor-version":[{"id":37203,"href":"https:\/\/www.fmreview.org\/fr\/wp-json\/wp\/v2\/pages\/876\/revisions\/37203"}],"wp:attachment":[{"href":"https:\/\/www.fmreview.org\/fr\/wp-json\/wp\/v2\/media?parent=876"}],"curies":[{"name":"wp","href":"https:\/\/api.w.org\/{rel}","templated":true}]}}